{"id":108,"date":"2013-11-24T10:20:41","date_gmt":"2013-11-24T10:20:41","guid":{"rendered":"http:\/\/www.alegro-weltweit.de\/wordpress_neu\/?page_id=108"},"modified":"2014-02-20T13:45:19","modified_gmt":"2014-02-20T13:45:19","slug":"einsatzstelle_3_espanol","status":"publish","type":"page","link":"http:\/\/www.alegro-weltweit.de\/wordpress_neu\/einsatzstelle_3_espanol\/","title":{"rendered":"Granja ecol\u00f3gica &#8222;Eichhorn&#8220;"},"content":{"rendered":"<p>La granja \u201eEichhorn\u201c es un proyecto de la campesina Edith y su familia. Se \u00fabica cerca de la peque\u00f1a ciudad R\u00fcdnitz, que tiene 2000 habitantes y se encuentra a aprox. una hora al norte de Berl\u00edn, la capital de Alemania.<\/p>\n<p><a href=\"http:\/\/www.alegro-weltweit.de\/wordpress_neu\/wp-content\/uploads\/2013\/11\/Eichhorn.jpeg\"><img decoding=\"async\" loading=\"lazy\" class=\"alignnone size-full wp-image-243\" alt=\"Eichhorn\" src=\"http:\/\/www.alegro-weltweit.de\/wordpress_neu\/wp-content\/uploads\/2013\/11\/Eichhorn.jpeg\" width=\"275\" height=\"183\" \/><\/a><\/p>\n<p>El lugar es muy tranquilo y relajado. Edith y su familia tienen cultivos de varias verduras las que venden en una peque\u00f1a tienda al lado de su casa. Adem\u00e1s hay plantaciones de manzana, un hato de ovejas y un caballo. Toda la producci\u00f3n de la granja es org\u00e1nica. El\/la voluntari@ podr\u00eda ayudar en el trabajo campesino y en el cuidado de animales. Tambi\u00e9n tendr\u00e1 la posibilidad de aprender la preparaci\u00f3n artesanal de varios productos como jugo de manzana, pan integral, salchichas etc.<\/p>\n<p>Aparte del trabajo en la granja, tambi\u00e9n habr\u00e1 la posibilidad de colaborar con una organizaci\u00f3n medioambiental y realizar proyectos culturales y ambientales.<\/p>\n<p>El\/ la voluntari@ vivir\u00eda en la casa de la familia, es decir de Edith, su esposo y su hija, la cual est\u00e1 por terminar el colegio. La conexi\u00f3n a Berl\u00edn es r\u00e1pida y permite pasant\u00edas a Berl\u00edn durante el fin de semana.<\/p>\n","protected":false},"excerpt":{"rendered":"<p>La granja \u201eEichhorn\u201c es un proyecto de la campesina Edith y su familia. Se \u00fabica cerca de la peque\u00f1a ciudad R\u00fcdnitz, que tiene 2000 habitantes y se encuentra a aprox.<\/p>\n","protected":false},"author":1,"featured_media":0,"parent":0,"menu_order":0,"comment_status":"closed","ping_status":"open","template":"","meta":[],"_links":{"self":[{"href":"http:\/\/www.alegro-weltweit.de\/wordpress_neu\/wp-json\/wp\/v2\/pages\/108"}],"collection":[{"href":"http:\/\/www.alegro-weltweit.de\/wordpress_neu\/wp-json\/wp\/v2\/pages"}],"about":[{"href":"http:\/\/www.alegro-weltweit.de\/wordpress_neu\/wp-json\/wp\/v2\/types\/page"}],"author":[{"embeddable":true,"href":"http:\/\/www.alegro-weltweit.de\/wordpress_neu\/wp-json\/wp\/v2\/users\/1"}],"replies":[{"embeddable":true,"href":"http:\/\/www.alegro-weltweit.de\/wordpress_neu\/wp-json\/wp\/v2\/comments?post=108"}],"version-history":[{"count":7,"href":"http:\/\/www.alegro-weltweit.de\/wordpress_neu\/wp-json\/wp\/v2\/pages\/108\/revisions"}],"predecessor-version":[{"id":472,"href":"http:\/\/www.alegro-weltweit.de\/wordpress_neu\/wp-json\/wp\/v2\/pages\/108\/revisions\/472"}],"wp:attachment":[{"href":"http:\/\/www.alegro-weltweit.de\/wordpress_neu\/wp-json\/wp\/v2\/media?parent=108"}],"curies":[{"name":"wp","href":"https:\/\/api.w.org\/{rel}","templated":true}]}}