{"id":1084,"date":"2016-04-22T18:53:06","date_gmt":"2016-04-22T18:53:06","guid":{"rendered":"http:\/\/www.alegro-weltweit.de\/wordpress_neu\/?page_id=1084"},"modified":"2017-12-21T01:37:06","modified_gmt":"2017-12-21T00:37:06","slug":"jardin-de-ninos-wukaninchen","status":"publish","type":"page","link":"http:\/\/www.alegro-weltweit.de\/wordpress_neu\/jardin-de-ninos-wukaninchen\/","title":{"rendered":"Jard\u00edn de ni\u00f1os &#8222;Wukaninchen&#8220;"},"content":{"rendered":"<p>\u201cWukania\u201d es un proyecto comunitario ubicado en el estado de Brandeburgo. Se encuentra en una ciudad peque\u00f1a llamada Biesenthal, 30 km al norte de Berl\u00edn, cerca de un bosque y de un lago hermoso, el Wukensee.<\/p>\n<p>A trav\u00e9s del desarrollo de redes solidarias no-comerciales en lugar de capitalismo o la simplicidad ecol\u00f3gica en lugar de la opulencia, Wukania quiere demostrar una manera de vivir que promueve un mundo sin explotaci\u00f3n y dominio.<\/p>\n<p>Wukania Projekthof, su nombre en alem\u00e1n, significa granja de proyectos. No s\u00f3lo las personas que viven aqu\u00ed est\u00e1n constantemente trabajando en proyectos sociales y ecol\u00f3gicos sino tambi\u00e9n personas de Biesenthal y los alrededores.<\/p>\n<p>Este sitio es un lugar para gente que est\u00e1 probando y desarrollando distintas formas de vida alternativa. Por el momento viven aqu\u00ed en 2 grupos, 25 adultos y 10 ni\u00f1os. En el proyecto hay animales (caballos, gallinas, abejas), un espacio no comercial para seminarios, ba\u00f1os secos, duchas solares, un sauna, un lugar para ba\u00f1arse en el lago, talleres de madera, metal y de bicicletas, huertos, y un jard\u00edn de ni\u00f1os (Wukaninchen).<\/p>\n<p>Tres educadoras y algunos voluntarios cuidan a 16 ni\u00f1os entre 1 y 6 a\u00f1os en una casa construida de una forma ecol\u00f3gica. La particularidad del jard\u00edn infantil es su concepto de educaci\u00f3n que enfoca la conexi\u00f3n entre humano y naturaleza. Los ni\u00f1os pasan mucho tiempo al aire libre, y tres d\u00edas a la semana en el bosque o cerca del lago.<\/p>\n<p>Las personas en \u201cWukaninchen e.V. \u2013 Naturkindergarten\u201d le dan mucha importancia al desarrollo libre e individual de los ni\u00f1os para que ellos puedan sentirse parte de la naturaleza que es nuestra base de vivir.<\/p>\n<p>El voluntario o la voluntaria puede trabajar en distintos proyectos de la granja \u201cWukania\u201d pero su proyecto principal ser\u00e1 el jard\u00edn infantil \u201cWukaninchen\u201d.<\/p>\n<p><strong>Ah\u00ed podr\u00e1 encargarse de distintas tareas como por ejemplo:<\/strong><\/p>\n<ul>\n<li>La asistencia y el cuidado en general de los ni\u00f1os.<\/li>\n<li>Acompa\u00f1amiento durante los paseos, en el bosque o en el lago.<\/li>\n<li>Ser creativa\/o, inventar juegos educativos, planificar proyectos propios\u00a0 (en cooperaci\u00f3n con las educadoras)<\/li>\n<li>Trabajos cotidianos como arreglar, barrer, limpiar u otros trabajos<\/li>\n<li>Es indispensable que en el caso de ser elegido\/a para este proyecto, se empiece con el aprendizaje del idioma alem\u00e1n de inmediato, esto facilitar\u00e1 el trabajo y la relaci\u00f3n con los ni\u00f1os.<\/li>\n<\/ul>\n<p>&nbsp;<\/p>\n<p>Si te gusta mucho la naturaleza y el trabajo con ni\u00f1os, te interesa una educaci\u00f3n alternativa y diferente,\u00a0\u00a1este es el proyecto para ti!<\/p>\n<p>&nbsp;<\/p>\n","protected":false},"excerpt":{"rendered":"<p>\u201cWukania\u201d es un proyecto comunitario ubicado en el estado de Brandeburgo. Se encuentra en una ciudad peque\u00f1a llamada Biesenthal, 30 km al norte de Berl\u00edn, cerca de un bosque y<\/p>\n","protected":false},"author":6,"featured_media":0,"parent":0,"menu_order":0,"comment_status":"closed","ping_status":"closed","template":"","meta":[],"_links":{"self":[{"href":"http:\/\/www.alegro-weltweit.de\/wordpress_neu\/wp-json\/wp\/v2\/pages\/1084"}],"collection":[{"href":"http:\/\/www.alegro-weltweit.de\/wordpress_neu\/wp-json\/wp\/v2\/pages"}],"about":[{"href":"http:\/\/www.alegro-weltweit.de\/wordpress_neu\/wp-json\/wp\/v2\/types\/page"}],"author":[{"embeddable":true,"href":"http:\/\/www.alegro-weltweit.de\/wordpress_neu\/wp-json\/wp\/v2\/users\/6"}],"replies":[{"embeddable":true,"href":"http:\/\/www.alegro-weltweit.de\/wordpress_neu\/wp-json\/wp\/v2\/comments?post=1084"}],"version-history":[{"count":5,"href":"http:\/\/www.alegro-weltweit.de\/wordpress_neu\/wp-json\/wp\/v2\/pages\/1084\/revisions"}],"predecessor-version":[{"id":1921,"href":"http:\/\/www.alegro-weltweit.de\/wordpress_neu\/wp-json\/wp\/v2\/pages\/1084\/revisions\/1921"}],"wp:attachment":[{"href":"http:\/\/www.alegro-weltweit.de\/wordpress_neu\/wp-json\/wp\/v2\/media?parent=1084"}],"curies":[{"name":"wp","href":"https:\/\/api.w.org\/{rel}","templated":true}]}}