{"id":1120,"date":"2016-04-22T20:24:57","date_gmt":"2016-04-22T20:24:57","guid":{"rendered":"http:\/\/www.alegro-weltweit.de\/wordpress_neu\/?page_id=1120"},"modified":"2016-04-25T21:12:34","modified_gmt":"2016-04-25T21:12:34","slug":"freie-naturschule-im-stadtgut","status":"publish","type":"page","link":"http:\/\/www.alegro-weltweit.de\/wordpress_neu\/einsatzstellen\/freie-naturschule-im-stadtgut\/","title":{"rendered":"Freie Naturschule im StadtGut"},"content":{"rendered":"<p align=\"justify\"><a href=\"http:\/\/www.alegro-weltweit.de\/wordpress_neu\/wp-content\/uploads\/2016\/04\/IMG_0852.jpg\"><img decoding=\"async\" loading=\"lazy\" class=\"size-medium wp-image-1100 alignleft\" src=\"http:\/\/www.alegro-weltweit.de\/wordpress_neu\/wp-content\/uploads\/2016\/04\/IMG_0852-300x225.jpg\" alt=\"IMG_0852\" width=\"300\" height=\"225\" srcset=\"http:\/\/www.alegro-weltweit.de\/wordpress_neu\/wp-content\/uploads\/2016\/04\/IMG_0852-300x225.jpg 300w, http:\/\/www.alegro-weltweit.de\/wordpress_neu\/wp-content\/uploads\/2016\/04\/IMG_0852-150x113.jpg 150w, http:\/\/www.alegro-weltweit.de\/wordpress_neu\/wp-content\/uploads\/2016\/04\/IMG_0852-1024x768.jpg 1024w\" sizes=\"(max-width: 300px) 100vw, 300px\" \/><\/a><span style=\"font-family: Liberation Sans,sans-serif;\"><span style=\"font-size: small;\">Die Freie Naturschule im Stadtgut<\/span><\/span><span style=\"font-family: Liberation Sans,sans-serif;\"><span style=\"font-size: small;\"> ist eine ist eine alternative Schule, die an die Idee der Waldkinderg\u00e4rten <\/span><\/span><span style=\"font-family: Liberation Sans,sans-serif;\"><span style=\"font-size: small;\">ankn\u00fcpft und sich in Be<\/span><\/span><span style=\"font-family: Liberation Sans,sans-serif;\"><span style=\"font-size: small;\">rlin Panko<\/span><\/span><span style=\"font-family: Liberation Sans,sans-serif;\"><span style=\"font-size: small;\">w befindet. Die Schulkinder sollen hier <\/span><\/span><span style=\"font-family: Liberation Sans,sans-serif;\"><span style=\"font-size: small;\">durch die <\/span><\/span><span style=\"font-family: Liberation Sans,sans-serif;\"><span style=\"font-size: small;\">Verbindung mit der Natur lernen. Neben den Klassenr\u00e4umen verf\u00fcgt die Schule \u00fcber einen Nutzgarten, einen Theaterraum, ein Baumhaus, einen Lehmofen u.\u00e4. wo die Kinder handwerkliche T\u00e4tigkeiten ausprobieren und dadurch lernen k\u00f6nnen. <\/span><\/span><\/p>\n<p align=\"justify\"><span style=\"font-family: Liberation Sans,sans-serif;\"><span style=\"font-size: small;\">Das Lernkonzept ist sehr frei und jedes Kind kann so lernen, wie er oder sie den Lernstoff am Besten begreifen kann. Um die individuelle F\u00f6rderung zu erm\u00f6glichen und jedes Kind nach Bedarf zu unterst\u00fctzen, arbeiten in jeder Klassen zwei Lehrer*innen.<\/span><\/span><span style=\"font-family: Liberation Sans,sans-serif;\"><span style=\"font-size: small;\"><a href=\"http:\/\/www.alegro-weltweit.de\/wordpress_neu\/wp-content\/uploads\/2016\/04\/IMG_0835.jpg\"><img decoding=\"async\" loading=\"lazy\" class=\"size-medium wp-image-1099 alignright\" src=\"http:\/\/www.alegro-weltweit.de\/wordpress_neu\/wp-content\/uploads\/2016\/04\/IMG_0835-300x225.jpg\" alt=\"IMG_0835\" width=\"300\" height=\"225\" srcset=\"http:\/\/www.alegro-weltweit.de\/wordpress_neu\/wp-content\/uploads\/2016\/04\/IMG_0835-300x225.jpg 300w, http:\/\/www.alegro-weltweit.de\/wordpress_neu\/wp-content\/uploads\/2016\/04\/IMG_0835-150x113.jpg 150w, http:\/\/www.alegro-weltweit.de\/wordpress_neu\/wp-content\/uploads\/2016\/04\/IMG_0835-1024x768.jpg 1024w\" sizes=\"(max-width: 300px) 100vw, 300px\" \/><\/a><\/span><\/span><\/p>\n<p align=\"justify\"><span style=\"font-family: Liberation Sans,sans-serif;\"><span style=\"font-size: small;\">Der \/ die Freiwillige begleitet sie Kinder im Unterricht und hilft bei der Verteilung der Mahlzeiten. Im Anschluss an der Unterricht spielt er \/ sie mit den Kindern, bis diese von den Eltern abgeholt werden. <\/span><\/span><\/p>\n<p align=\"justify\"><span style=\"font-family: Liberation Sans,sans-serif;\"><span style=\"font-size: small;\">Jeden Mittwoch ist Waldtag und alle Schulkinder fahren gemeinsam in einen naheliegenden Wald. In vier Gruppen bieten die Lehrer*innen verschiedene Module f\u00fcr die Lernphasen im Wald an. Auch hier ist der \/ die Freiwillige dabei und unterst\u00fctzt die Durchf\u00fc<\/span><\/span><span style=\"font-family: Liberation Sans,sans-serif;\"><span style=\"font-size: small;\">hrung der Lernmodule.\u00a0<\/span><\/span><\/p>\n","protected":false},"excerpt":{"rendered":"<p>Die Freie Naturschule im Stadtgut ist eine ist eine alternative Schule, die an die Idee der Waldkinderg\u00e4rten ankn\u00fcpft und sich in Berlin Pankow befindet. Die Schulkinder sollen hier durch die<\/p>\n","protected":false},"author":6,"featured_media":0,"parent":81,"menu_order":0,"comment_status":"closed","ping_status":"closed","template":"","meta":[],"_links":{"self":[{"href":"http:\/\/www.alegro-weltweit.de\/wordpress_neu\/wp-json\/wp\/v2\/pages\/1120"}],"collection":[{"href":"http:\/\/www.alegro-weltweit.de\/wordpress_neu\/wp-json\/wp\/v2\/pages"}],"about":[{"href":"http:\/\/www.alegro-weltweit.de\/wordpress_neu\/wp-json\/wp\/v2\/types\/page"}],"author":[{"embeddable":true,"href":"http:\/\/www.alegro-weltweit.de\/wordpress_neu\/wp-json\/wp\/v2\/users\/6"}],"replies":[{"embeddable":true,"href":"http:\/\/www.alegro-weltweit.de\/wordpress_neu\/wp-json\/wp\/v2\/comments?post=1120"}],"version-history":[{"count":4,"href":"http:\/\/www.alegro-weltweit.de\/wordpress_neu\/wp-json\/wp\/v2\/pages\/1120\/revisions"}],"predecessor-version":[{"id":1128,"href":"http:\/\/www.alegro-weltweit.de\/wordpress_neu\/wp-json\/wp\/v2\/pages\/1120\/revisions\/1128"}],"up":[{"embeddable":true,"href":"http:\/\/www.alegro-weltweit.de\/wordpress_neu\/wp-json\/wp\/v2\/pages\/81"}],"wp:attachment":[{"href":"http:\/\/www.alegro-weltweit.de\/wordpress_neu\/wp-json\/wp\/v2\/media?parent=1120"}],"curies":[{"name":"wp","href":"https:\/\/api.w.org\/{rel}","templated":true}]}}