{"id":1296,"date":"2016-06-01T08:23:17","date_gmt":"2016-06-01T08:23:17","guid":{"rendered":"http:\/\/www.alegro-weltweit.de\/wordpress_neu\/?page_id=1296"},"modified":"2020-11-01T13:42:40","modified_gmt":"2020-11-01T12:42:40","slug":"die-zweite-reverse-generation","status":"publish","type":"page","link":"http:\/\/www.alegro-weltweit.de\/wordpress_neu\/die-zweite-reverse-generation\/","title":{"rendered":"Die zweite S\u00fcd-Nord-Generation"},"content":{"rendered":"<table style=\"height: 7275px;\" width=\"539\" cellspacing=\"0\" cellpadding=\"4\">\n<colgroup>\n<col width=\"256*\" \/> <\/colgroup>\n<tbody>\n<tr>\n<td valign=\"top\" width=\"100%\">\n<div id=\"attachment_1896\" style=\"width: 528px\" class=\"wp-caption alignnone\"><img aria-describedby=\"caption-attachment-1896\" decoding=\"async\" loading=\"lazy\" class=\"wp-image-1896 \" src=\"http:\/\/www.alegro-weltweit.de\/wordpress_neu\/wp-content\/uploads\/2013\/06\/r2r1.jpg\" alt=\"\" width=\"518\" height=\"342\" srcset=\"http:\/\/www.alegro-weltweit.de\/wordpress_neu\/wp-content\/uploads\/2013\/06\/r2r1.jpg 1392w, http:\/\/www.alegro-weltweit.de\/wordpress_neu\/wp-content\/uploads\/2013\/06\/r2r1-150x99.jpg 150w, http:\/\/www.alegro-weltweit.de\/wordpress_neu\/wp-content\/uploads\/2013\/06\/r2r1-300x198.jpg 300w, http:\/\/www.alegro-weltweit.de\/wordpress_neu\/wp-content\/uploads\/2013\/06\/r2r1-768x508.jpg 768w, http:\/\/www.alegro-weltweit.de\/wordpress_neu\/wp-content\/uploads\/2013\/06\/r2r1-1024x677.jpg 1024w\" sizes=\"(max-width: 518px) 100vw, 518px\" \/><p id=\"caption-attachment-1896\" class=\"wp-caption-text\">Die zweite Reverse-Generation (+Alegro-Team) auf ihrem Zwischenseminar<\/p><\/div>\n<p>&nbsp;<\/p>\n<p>&nbsp;<\/p>\n<p><strong>Estefano lebte in K\u00f6ln und arbeitete bei <a href=\"http:\/\/www.bauenwohnenarbeiten.de\/\">IBWA<\/a><img decoding=\"async\" loading=\"lazy\" class=\"wp-image-1866 size-medium alignright\" src=\"http:\/\/www.alegro-weltweit.de\/wordpress_neu\/wp-content\/uploads\/2016\/06\/te5-2-200x300.jpg\" alt=\"te5 (2)\" width=\"200\" height=\"300\" srcset=\"http:\/\/www.alegro-weltweit.de\/wordpress_neu\/wp-content\/uploads\/2016\/06\/te5-2-200x300.jpg 200w, http:\/\/www.alegro-weltweit.de\/wordpress_neu\/wp-content\/uploads\/2016\/06\/te5-2-100x150.jpg 100w, http:\/\/www.alegro-weltweit.de\/wordpress_neu\/wp-content\/uploads\/2016\/06\/te5-2-768x1152.jpg 768w, http:\/\/www.alegro-weltweit.de\/wordpress_neu\/wp-content\/uploads\/2016\/06\/te5-2-683x1024.jpg 683w, http:\/\/www.alegro-weltweit.de\/wordpress_neu\/wp-content\/uploads\/2016\/06\/te5-2.jpg 1733w\" sizes=\"(max-width: 200px) 100vw, 200px\" \/><br \/>\n<\/strong><em><em>Mir gef\u00e4llt es durch die Gegend zu gehen, zu reisen, zu essen und viele Dinge zu lernen. Ich lerne sehr gerne. Ich komme aus Ecuador und bin in Quito geboren. Ich habe mich f\u00fcr diesen Austausch in Deutschland entschieden, um viel von eurer Kultur und Sprache zu lernen. Ich bin eine sehr fr\u00f6hliche und lustige Person. Ich mag die Musik. (Brief vor der Einreise)<\/em><\/em><\/p>\n<p><strong>Nach 9 Monaten in Deutschland schrieb Estefano: <\/strong><i>En conclusi\u00f3n creo que lo que m\u00e1s\u00a0ha cambiado este tiempo he sido yo, reconozco tener un cambio del\u00a0Estefano que lleg\u00f3 a Alemania y el que pronto est\u00e1 por regresar a\u00a0Ecuador, tambi\u00e9n ha cambiado la forma de ver a mi familia y para terminar Extra\u00f1ar\u00e9\u00a0mucho Alemania<\/i> <em>(3. weltw\u00e4rts-Bericht)<\/em><\/td>\n<\/tr>\n<tr>\n<td valign=\"top\" width=\"100%\"><strong>Gianna lebte in T\u00fcrnich \/ Kerpen und arbeitete in der rainbowtrekkers Kita<img decoding=\"async\" loading=\"lazy\" class=\"alignright wp-image-1865 size-medium\" src=\"http:\/\/www.alegro-weltweit.de\/wordpress_neu\/wp-content\/uploads\/2016\/06\/gi3-2-300x200.jpg\" alt=\"gi3 (2)\" width=\"300\" height=\"200\" srcset=\"http:\/\/www.alegro-weltweit.de\/wordpress_neu\/wp-content\/uploads\/2016\/06\/gi3-2-300x200.jpg 300w, http:\/\/www.alegro-weltweit.de\/wordpress_neu\/wp-content\/uploads\/2016\/06\/gi3-2-150x100.jpg 150w, http:\/\/www.alegro-weltweit.de\/wordpress_neu\/wp-content\/uploads\/2016\/06\/gi3-2-768x512.jpg 768w, http:\/\/www.alegro-weltweit.de\/wordpress_neu\/wp-content\/uploads\/2016\/06\/gi3-2-1024x683.jpg 1024w\" sizes=\"(max-width: 300px) 100vw, 300px\" \/><br \/>\n<\/strong>Ich<em> mag es sehr Menschen kennenzulernen und ihnen zu helfen. Das ist ein Grund daf\u00fcr, dass ich Freiwillige bin. Ich bin begeistert von der M\u00f6glichkeit zu lernen, kennenzulernen und meine F\u00e4higkeiten anzubieten. Ich koche gerne und lerne neue Rezepte, neue Gewohnheiten und Kulturen kennen. (Brief vor der Einreise)<em><br \/>\n<\/em><br \/>\n<\/em><\/td>\n<\/tr>\n<tr>\n<td valign=\"top\" width=\"100%\"><strong>Jhosimar lebte in Dortmund und arbeitete bei der\u00a0<a href=\"http:\/\/www.alegro-weltweit.de\/wordpress_neu\/?page_id=1046\"> Bunten Schule<\/a><br \/>\n<\/strong><em><em>Ich bin eine Person, der die einfachen Dinge im Leben und die <img decoding=\"async\" loading=\"lazy\" class=\"wp-image-1864 size-medium alignright\" src=\"http:\/\/www.alegro-weltweit.de\/wordpress_neu\/wp-content\/uploads\/2016\/06\/jo2-2-200x300.jpg\" alt=\"jo2 (2)\" width=\"200\" height=\"300\" srcset=\"http:\/\/www.alegro-weltweit.de\/wordpress_neu\/wp-content\/uploads\/2016\/06\/jo2-2-200x300.jpg 200w, http:\/\/www.alegro-weltweit.de\/wordpress_neu\/wp-content\/uploads\/2016\/06\/jo2-2-100x150.jpg 100w, http:\/\/www.alegro-weltweit.de\/wordpress_neu\/wp-content\/uploads\/2016\/06\/jo2-2-768x1152.jpg 768w, http:\/\/www.alegro-weltweit.de\/wordpress_neu\/wp-content\/uploads\/2016\/06\/jo2-2-683x1024.jpg 683w\" sizes=\"(max-width: 200px) 100vw, 200px\" \/>Sch\u00f6nheit der Welt, die Natur, sehr gefallen. Ich glaube, wenn wir unsere Gedanken und Ideen \u00fcber die Welt und \u00fcber die M\u00f6glichkeiten, wie wir uns einbringen k\u00f6nnen, mit anderen Personen austauschen, kann dieses Wissen irgendwie befreienden sein. (Brief vor der Einreise)<\/em><\/em><\/p>\n<p><strong>Nach 9 Monaten in Deutschland schrieb Jhosimar: <\/strong><em>Al d\u00eda de hoy en comparaci\u00f3n con el yo de un inicio, siento que mucho de mi ha cambiado, pero en s\u00ed sigo siendo el mismo. El cambio no se da en el hecho de que he dejado de hacer cosas, sino m\u00e1s en el hecho de que me di cuenta que hab\u00eda dejado de hacer muchas cosas por intentar cambiar. El descubrir qui\u00e9n soy y cual es realmente mi significado en este mundo me mueve hacia adelante. Sin entenderme \u00bfc\u00f3mo podr\u00eda comprender a los dem\u00e1s?. Por otro lado gracias al invierno y a su fin, el cambio de estaci\u00f3n, me ha servido mucho para cambiar mi energ\u00eda en el d\u00eda a d\u00eda, pensar en actividades y cosas para gastar mi tiempo. Gracias a ello \u00faltimamente he intentado aprender algo que me permita gastar esta energ\u00eda, sentirme vivo y activo de cierta forma. He iniciado haciendo algo de capoeria y realmente siento que esto me sirve en mi desarrollo. (3. weltw\u00e4rts-Bericht)<i><br \/>\n<\/i><\/em><\/td>\n<\/tr>\n<tr>\n<td valign=\"top\" width=\"100%\"><strong>Elsa lebte in Dortmund und arbeitete in der offenen Kinder- und Jugendarbeit des <a href=\"http:\/\/www.alegro-weltweit.de\/wordpress_neu\/?page_id=1241\">Planerladens<\/a><br \/>\n<\/strong><em>Ich bin eine Person, die gerne anderen <\/em><strong><img decoding=\"async\" loading=\"lazy\" class=\"alignright wp-image-1857 size-medium\" src=\"http:\/\/www.alegro-weltweit.de\/wordpress_neu\/wp-content\/uploads\/2016\/06\/IMG_8191-2-200x300.jpg\" alt=\"IMG_8191 (2)\" width=\"200\" height=\"300\" srcset=\"http:\/\/www.alegro-weltweit.de\/wordpress_neu\/wp-content\/uploads\/2016\/06\/IMG_8191-2-200x300.jpg 200w, http:\/\/www.alegro-weltweit.de\/wordpress_neu\/wp-content\/uploads\/2016\/06\/IMG_8191-2-100x150.jpg 100w, http:\/\/www.alegro-weltweit.de\/wordpress_neu\/wp-content\/uploads\/2016\/06\/IMG_8191-2.jpg 289w\" sizes=\"(max-width: 200px) 100vw, 200px\" \/><\/strong><em>Menschen zuh\u00f6rt und ihnen hilft, die sich den Ungerechtigkeiten stellt und f\u00fcr die Rechte der verletzlichsten Personen k\u00e4mpf, nicht zu vergessen die Achtung vor der Umwelt \u201ePachamama\u201c. Mein Wunsch ist es, viel von der Kultur kennenzulernen, die Sprache, die Menschen, die Gastronomie, die Politik usw. Ich m\u00f6chte eine weitere Einwohnerin sein w\u00e4hrend des ganzen Jahres und nahegelegene Orte bereisen. (Brief vor der Einreise)<em><br \/>\n<\/em><\/em><\/p>\n<p><strong>Nach 9 Monaten in Deutschland schrieb Elsy:\u00a0 <\/strong><em>Pues han cambiado muchas cosas\u00a0en mi forma de pensar, actuar y de ver al mundo. Tambi\u00e9n he desarrollado muchas \u00e1reas de mi vida; aquellas que necesitaban crecer, madurar y ser expresadas libremente.<\/em><em>Una de las cosas m\u00e1s curiosas que me ha pasado aqu\u00ed, es que muchas veces me he sentida\u00a0MUY\u00a0identificada con los ni\u00f1os con quienes trabajo que con la misma\u00a0gente\u00a0de\u00a0Ecuador.\u00a0 Quiero compartir con ustedes una de las cosas que he aprendido aqu\u00ed: y es: Expresar\u00a0lo que uno siente\u00a0(en todo el\u00a0sentido de la palabra)\u00a0, que aunque haya temor, es de valientes hacerlo. (3. weltw\u00e4rts-Bericht)<\/em><i><br \/>\n<\/i><\/td>\n<\/tr>\n<tr>\n<td valign=\"top\" width=\"100%\">\n<p style=\"text-align: left;\"><strong>Eduardo lebte in Leipzig und arbeitete<\/strong><strong>\u00a0bei der <a href=\"http:\/\/www.alegro-weltweit.de\/wordpress_neu\/?page_id=419\">Leipziger Tafel<\/a><br \/>\n<\/strong><\/p>\n<p style=\"text-align: left;\"><em>&#8230;es macht mich immer gl\u00fccklich <\/em><strong><img decoding=\"async\" loading=\"lazy\" class=\"wp-image-1855 size-medium alignright\" src=\"http:\/\/www.alegro-weltweit.de\/wordpress_neu\/wp-content\/uploads\/2016\/06\/Edu-232x300.jpg\" alt=\"Edu\" width=\"232\" height=\"300\" srcset=\"http:\/\/www.alegro-weltweit.de\/wordpress_neu\/wp-content\/uploads\/2016\/06\/Edu-232x300.jpg 232w, http:\/\/www.alegro-weltweit.de\/wordpress_neu\/wp-content\/uploads\/2016\/06\/Edu-116x150.jpg 116w, http:\/\/www.alegro-weltweit.de\/wordpress_neu\/wp-content\/uploads\/2016\/06\/Edu.jpg 614w\" sizes=\"(max-width: 232px) 100vw, 232px\" \/><\/strong><em>neue Sachen zu tun und neue Erfahrungen zu machen. Ich mag es Sport zu treiben und aktiv zu sein. Ich geh\u00f6re zu jenen Personen, die sich gerne ein Ziel in ihrem Kopf festsetzen und dieses dann auf jeden Fall erreichen wollen. Ich glaube alle Personen der Welt sollten sich f\u00fcreinander interessieren und keine Grenzen oder Sprachbarrieren aufbauen. (Brief vor der Einreise)<em><br \/>\n<\/em><\/em><\/p>\n<p style=\"text-align: left;\"><strong>Nach 9 Monaten in Deutschland schrieb Eduardo: <\/strong><\/p>\n<p style=\"text-align: left;\"><em>Me siento muy feliz por cada una de las experiencias vividas, realmente me han aumentado el car\u00e1cter en varios aspectos pero no creo que me haya cambiado totalmente, he podido conocerme de una mejor forma, en varios aspectos con las personas pero m\u00e1s que nada he tenido tiempo para pensar m\u00e1s conmigo mismo (3. weltw\u00e4rts-Bericht)<i><br \/>\n<\/i><br \/>\n<\/em><\/p>\n<\/td>\n<\/tr>\n<tr>\n<td valign=\"top\" width=\"100%\"><strong>Alexis lebte in Leipzig und arbeitete in der Garteninitiative <a href=\"http:\/\/www.alegro-weltweit.de\/wordpress_neu\/?page_id=422\">Annalinde<\/a><img decoding=\"async\" loading=\"lazy\" class=\"wp-image-1856 size-medium alignright\" src=\"http:\/\/www.alegro-weltweit.de\/wordpress_neu\/wp-content\/uploads\/2016\/06\/alexis2-2-200x300.jpg\" alt=\"alexis2 (2)\" width=\"200\" height=\"300\" srcset=\"http:\/\/www.alegro-weltweit.de\/wordpress_neu\/wp-content\/uploads\/2016\/06\/alexis2-2-200x300.jpg 200w, http:\/\/www.alegro-weltweit.de\/wordpress_neu\/wp-content\/uploads\/2016\/06\/alexis2-2-100x150.jpg 100w, http:\/\/www.alegro-weltweit.de\/wordpress_neu\/wp-content\/uploads\/2016\/06\/alexis2-2-768x1152.jpg 768w, http:\/\/www.alegro-weltweit.de\/wordpress_neu\/wp-content\/uploads\/2016\/06\/alexis2-2-683x1024.jpg 683w, http:\/\/www.alegro-weltweit.de\/wordpress_neu\/wp-content\/uploads\/2016\/06\/alexis2-2.jpg 1633w\" sizes=\"(max-width: 200px) 100vw, 200px\" \/><br \/>\n<\/strong><em>ich bin Freiwilliger in meinem Land Ecuador und werde auch als Freiwilliger in Deutschland arbeiten, im Projekt Anna Linde. Ich habe mich f\u00fcr dieses Projekt entschieden, weil ich gerne mit Erde und Pflanzen arbeite. Au\u00dferdem habe ich eine Ausbildung in der Gastronomie, deshalb finde ich die Beziehung zwischen den Produkten und den Menschen, die sie produzieren sehr wichtig. Etwas, was es heute fast nicht mehr gibt. (Brief vor der Einreise)<\/em><\/p>\n<p><strong>Nach 9 Monaten in Deutschland schrieb Alexis:<\/strong><em>He podido darme cuenta de la manera en que yo encuentro libertad de acci\u00f3n. Felicidad innata que crece dentro de uno, pero nace de las decisiones que se toma. Mis deseos para estos pr\u00f3ximos seis meses son 3: -continuar viajando, es para mi libertad; -seguir aprendiendo en Annalinde, para mi es crecimiento; -poder reconocer los verdaderos amigos que habr\u00e9 hecho aqu\u00ed, es esa felicidad. Creo que estos tres aspectos hacen de este intercambio un tiempo que valga por s\u00ed mismo, se puede comprender como creces a nivel personal.<\/em><\/td>\n<\/tr>\n<tr>\n<td valign=\"top\" width=\"100%\"><strong>Luis lebte in Jena arbeitete beim Kinderzirkus Momolo<img decoding=\"async\" loading=\"lazy\" class=\"alignright wp-image-1863 size-medium\" src=\"http:\/\/www.alegro-weltweit.de\/wordpress_neu\/wp-content\/uploads\/2016\/06\/IMG_4069-2-300x200.jpg\" alt=\"IMG_4069 (2)\" width=\"300\" height=\"200\" srcset=\"http:\/\/www.alegro-weltweit.de\/wordpress_neu\/wp-content\/uploads\/2016\/06\/IMG_4069-2-300x200.jpg 300w, http:\/\/www.alegro-weltweit.de\/wordpress_neu\/wp-content\/uploads\/2016\/06\/IMG_4069-2-150x100.jpg 150w, http:\/\/www.alegro-weltweit.de\/wordpress_neu\/wp-content\/uploads\/2016\/06\/IMG_4069-2-768x512.jpg 768w, http:\/\/www.alegro-weltweit.de\/wordpress_neu\/wp-content\/uploads\/2016\/06\/IMG_4069-2-1024x683.jpg 1024w\" sizes=\"(max-width: 300px) 100vw, 300px\" \/><br \/>\n<\/strong><em>Ich bin sehr froh und dankbar f\u00fcr die Gelegenheit, die Alegro mir gibt und mich motiviert vor allem die M\u00f6glichkeit mit Leuten aus Deutschland gemeinsam zu lernen und Erfahrungen zu teilen. Meine Hauptmotivation ist es, Personen zu animieren an ihre eigenen Tr\u00e4ume zu glauben, weil mit ein wenig Kraft alles m\u00f6glich ist und es das Beste auf der Welt w\u00e4re, am Ende unseres Weges eine Welt erleben zu k\u00f6nnen, wo wir alle die M\u00f6glichkeit haben gemeinsam zu tr\u00e4umen. (Brief vor der Einreise)<\/em><em><br \/>\n<\/em><\/td>\n<\/tr>\n<tr>\n<td valign=\"top\" width=\"100%\"><strong>Karen lebte in Jena und arbeitete im Frauenzentrum Towanda<img decoding=\"async\" loading=\"lazy\" class=\"wp-image-1862 size-medium alignright\" src=\"http:\/\/www.alegro-weltweit.de\/wordpress_neu\/wp-content\/uploads\/2016\/06\/ka7-2-200x300.jpg\" alt=\"ka7 (2)\" width=\"200\" height=\"300\" srcset=\"http:\/\/www.alegro-weltweit.de\/wordpress_neu\/wp-content\/uploads\/2016\/06\/ka7-2-200x300.jpg 200w, http:\/\/www.alegro-weltweit.de\/wordpress_neu\/wp-content\/uploads\/2016\/06\/ka7-2-100x150.jpg 100w, http:\/\/www.alegro-weltweit.de\/wordpress_neu\/wp-content\/uploads\/2016\/06\/ka7-2-768x1152.jpg 768w, http:\/\/www.alegro-weltweit.de\/wordpress_neu\/wp-content\/uploads\/2016\/06\/ka7-2-683x1024.jpg 683w, http:\/\/www.alegro-weltweit.de\/wordpress_neu\/wp-content\/uploads\/2016\/06\/ka7-2.jpg 840w\" sizes=\"(max-width: 200px) 100vw, 200px\" \/><br \/>\n<\/strong><em> Allein die Idee, dass ich einen Freiwilligendienst machen werde und mit einer Familie zusammen wohnen werde, erf\u00fcllt mich mit Aufregung und Sehnsucht euch kennenzulernen und das Beste von meinem Land, meinem Wissen und meinen Ideen zu zeigen. Ich denke, dass uns Lernen und Reisen zu besseren Menschen macht. Es \u00f6ffnet unseren Geist f\u00fcr neue Ideen und Erfahrungen, die ich den Rest meines Lebens im Herzen tragen werde. (Brief vor der Einreise) <\/em><\/td>\n<\/tr>\n<tr>\n<td valign=\"top\" width=\"100%\"><strong>Andr\u00e9s lebte in Jena und arbeitete in der Gemeinschaftsschule Kulturanum<img decoding=\"async\" loading=\"lazy\" class=\"wp-image-1858 size-medium alignright\" src=\"http:\/\/www.alegro-weltweit.de\/wordpress_neu\/wp-content\/uploads\/2016\/06\/chino7-2-300x200.jpg\" alt=\"chino7 (2)\" width=\"300\" height=\"200\" srcset=\"http:\/\/www.alegro-weltweit.de\/wordpress_neu\/wp-content\/uploads\/2016\/06\/chino7-2-300x200.jpg 300w, http:\/\/www.alegro-weltweit.de\/wordpress_neu\/wp-content\/uploads\/2016\/06\/chino7-2-150x100.jpg 150w, http:\/\/www.alegro-weltweit.de\/wordpress_neu\/wp-content\/uploads\/2016\/06\/chino7-2-768x512.jpg 768w, http:\/\/www.alegro-weltweit.de\/wordpress_neu\/wp-content\/uploads\/2016\/06\/chino7-2-1024x683.jpg 1024w\" sizes=\"(max-width: 300px) 100vw, 300px\" \/><br \/>\n<\/strong><em><em>\u00dcber mich kann ich euch erz\u00e4hlen, dass ich fast Elektro-Ingenieur bin. Ich mag alles, was mit Technik zu tun hat, deshalb habe ich mir diesen Studiengang ausgesucht. Ich reise sehr gerne, ich mag es historische Orte kennenzulernen und ich bin ein gro\u00dfer Fan von Kunst, besonders von Architektur. Ich bin s\u00fcchtig nach Musik, ich nehme meinen MP3-Player \u00fcberall mit hin und genie\u00dfe es auch sehr, selber Musik zu machen mit der Gitarre. (Brief vor der Einreise)<\/em><\/em><\/p>\n<p><strong>Nach 9 Monaten in Deutschland schrieb Andr\u00e9s: <\/strong><em>Lo primero, seria para m\u00ed, la tolerancia que logrado adquirir hacia otras personas, la verdad el c\u00edrculo social en el que me he desenvuelto ac\u00e1, ha sido totalmente diferente al que acostumbraba y eso me a ense\u00f1ando a ser mucho m\u00e1s tolerante con personas con las cuales pensaba jam\u00e1s podr\u00eda tener una relaci\u00f3n cercana. Luego de todo este tiempo ac\u00e1, tambi\u00e9n han cambiado mucho las ideas que ten\u00eda sobre el porqu\u00e9 del desarrollo de Europa en comparaci\u00f3n de Am\u00e9rica Latina, ha resultado muy interesante compartir con gente de casi todo el mundo y poder conversar y aprender un poco m\u00e1s de cada uno de ellos. (3. weltw\u00e4rts-Bericht)<i><br \/>\n<\/i><br \/>\n<\/em><\/td>\n<\/tr>\n<tr>\n<td valign=\"top\" width=\"100%\"><strong>Paulette lebte in Biesenthal und arbeitete im Naturkindergarten <a href=\"http:\/\/www.alegro-weltweit.de\/wordpress_neu\/?page_id=146\">Wukanichen<\/a><br \/>\n<\/strong><em>Einen besseren Ort zum Leben zu <\/em><strong><img decoding=\"async\" loading=\"lazy\" class=\"wp-image-1861 size-medium alignright\" src=\"http:\/\/www.alegro-weltweit.de\/wordpress_neu\/wp-content\/uploads\/2016\/06\/IMG_5313-2-200x300.jpg\" alt=\"IMG_5313 (2)\" width=\"200\" height=\"300\" srcset=\"http:\/\/www.alegro-weltweit.de\/wordpress_neu\/wp-content\/uploads\/2016\/06\/IMG_5313-2-200x300.jpg 200w, http:\/\/www.alegro-weltweit.de\/wordpress_neu\/wp-content\/uploads\/2016\/06\/IMG_5313-2-100x150.jpg 100w, http:\/\/www.alegro-weltweit.de\/wordpress_neu\/wp-content\/uploads\/2016\/06\/IMG_5313-2-768x1152.jpg 768w, http:\/\/www.alegro-weltweit.de\/wordpress_neu\/wp-content\/uploads\/2016\/06\/IMG_5313-2-683x1024.jpg 683w, http:\/\/www.alegro-weltweit.de\/wordpress_neu\/wp-content\/uploads\/2016\/06\/IMG_5313-2.jpg 1255w\" sizes=\"(max-width: 200px) 100vw, 200px\" \/><\/strong><em>gestalten ist unsere t\u00e4gliche Aufgabe, mit einer Verbindlichkeit f\u00fcr die k\u00fcnftigen Generationen. Ich glaube, die w\u00fcrdevollsten Seelen sind die der Kinder, diese Wesen, die alles lernen; die au\u00dfer spielen und lachen noch mehr wollen, die das Schlechte nicht kennen, die nicht wissen, dass die Welt dir machmal das R\u00fcckgrat bricht. Sie glauben nur an Superhelden, die uns retten werden. Lasst uns Superhelden f\u00fcr sie schaffen, lasst uns Superhelden sein. (Brief vor der Einreise) <\/em><\/p>\n<p><strong>Nach 9 Monaten in Deutschland schrieb Poli: <\/strong><em>Aunque seamos de diferentes continentes, las diferencias no son tantas, nos unen sentimientos, el mundo nos hace sentir, la tierra nos llama, nos calienta, nos alimenta, y con mi familia vi que todo lo que necesitamos esta justo alrededor nuestro, solo basta observar y sacarle provecho a las cosas que tenemos.<\/em><em>Creo que mi esencia est\u00e1 mut\u00e1ndose todo el tiempo con el aprendizaje diario, descubr\u00ed que sigo siendo una ni\u00f1a, pero ahora una m\u00e1s fuerte, y no es malo, siempre nos obligan a creer que la idea de crecer es ponerse serios y hacer las cosas de la mejor manera, cuando hay que aprender a re\u00edrse de todo y tomarse las cosas con calma. <\/em><em>Aprend\u00ed a abrazar con el alma, a hacer que los corazones se sincronicen, a escuchar con empat\u00eda, a agradecer un pedazo de comida, a valorar una mirada que parece esconderse, abri mi mente, am\u00e9 y quiero amar por mucho tiempo.<\/em><\/td>\n<\/tr>\n<tr>\n<td valign=\"top\" width=\"100%\"><strong>Andrea lebte in Berlin und arbeitete in der <a href=\"http:\/\/www.alegro-weltweit.de\/wordpress_neu\/?page_id=1120\">freien Naturschule<\/a><\/strong><br \/>\n<strong><img decoding=\"async\" loading=\"lazy\" class=\"alignright wp-image-1859 size-medium\" src=\"http:\/\/www.alegro-weltweit.de\/wordpress_neu\/wp-content\/uploads\/2016\/06\/IMG_5416-2-200x300.jpg\" alt=\"IMG_5416 (2)\" width=\"200\" height=\"300\" srcset=\"http:\/\/www.alegro-weltweit.de\/wordpress_neu\/wp-content\/uploads\/2016\/06\/IMG_5416-2-200x300.jpg 200w, http:\/\/www.alegro-weltweit.de\/wordpress_neu\/wp-content\/uploads\/2016\/06\/IMG_5416-2-100x150.jpg 100w, http:\/\/www.alegro-weltweit.de\/wordpress_neu\/wp-content\/uploads\/2016\/06\/IMG_5416-2-768x1152.jpg 768w, http:\/\/www.alegro-weltweit.de\/wordpress_neu\/wp-content\/uploads\/2016\/06\/IMG_5416-2-683x1024.jpg 683w, http:\/\/www.alegro-weltweit.de\/wordpress_neu\/wp-content\/uploads\/2016\/06\/IMG_5416-2.jpg 1559w\" sizes=\"(max-width: 200px) 100vw, 200px\" \/><\/strong> <em>Seit ich ganz klein war, bin ich sehr kreativ. Ich habe Kurse in Zeichnen, Schmuckgestaltung, Keramik, Batiken\u2026 usw besucht. Deshalb ist es nicht sehr verwunderlich, dass ich einen kreativen Studiengang wie Architektur gew\u00e4hlt habe. Ich hoffe und bin sehr neugierig darauf mit euch meine Erfahrungen auszutauschen um neue gemeinsame Erfahrungen machen zu k\u00f6nnen und voneinander zu lernen. Und dass ich euch am Ende des Jahres auch Familie nennen kann. (Brief vor der Einreise) <\/em><\/p>\n<p><span lang=\"ES-EC\"><strong>Nach 6 Monaten in Deutschland schrieb Andrea: <\/strong><\/span><em><span lang=\"ES-EC\">Ya pasaron casi 6 meses y 3 desde que escribe mi \u00faltimo informe, fue muy divertido volverlo a leer y ver c\u00f3mo han cambiado las cosas. Tambi\u00e9n me sorprende que ya han pasado 6 meses y tengo sentimientos encontrados al pensar que me quedan solo 6, por una parte muy feliz de regresar a mi pa\u00eds y volver a ver a mi familia y amigos y por otra triste de dejar lo que estoy haciendo ac\u00e1 que me gusta mucho y las personas (y animales ;P) con las que me he encari\u00f1ado mucho.<\/span><\/em><\/td>\n<\/tr>\n<tr>\n<td valign=\"top\" width=\"100%\"><strong>Roberto lebte in Berlin und arbeitete beim Kinderbauernhof <a href=\"http:\/\/www.alegro-weltweit.de\/wordpress_neu\/?page_id=151\">Pinke Panke<\/a> <\/strong><em><br \/>\n<\/em><\/p>\n<p lang=\"de-DE\"><em>Reisen ist eine meiner gro\u00dfen <\/em><em><img decoding=\"async\" loading=\"lazy\" class=\"wp-image-1860 size-medium alignright\" src=\"http:\/\/www.alegro-weltweit.de\/wordpress_neu\/wp-content\/uploads\/2016\/06\/IMG_7882-2-200x300.jpg\" alt=\"IMG_7882 (2)\" width=\"200\" height=\"300\" srcset=\"http:\/\/www.alegro-weltweit.de\/wordpress_neu\/wp-content\/uploads\/2016\/06\/IMG_7882-2-200x300.jpg 200w, http:\/\/www.alegro-weltweit.de\/wordpress_neu\/wp-content\/uploads\/2016\/06\/IMG_7882-2-100x150.jpg 100w, http:\/\/www.alegro-weltweit.de\/wordpress_neu\/wp-content\/uploads\/2016\/06\/IMG_7882-2-683x1024.jpg 683w, http:\/\/www.alegro-weltweit.de\/wordpress_neu\/wp-content\/uploads\/2016\/06\/IMG_7882-2.jpg 684w\" sizes=\"(max-width: 200px) 100vw, 200px\" \/><\/em><em>Leidenschaften: ich m\u00f6chte die kleinsten Orte und die gr\u00f6\u00dften St\u00e4dte der Welt kennenlernen, sowie die Menschen, mit ihren unterschiedlichen Gedanken und Traditionen, ich m\u00f6chte die Architektur von all den Orten bewundern, neue Sprachen lernen und vor allem Menschen treffen mit denen ich Fu\u00dfball spielen und Spa\u00df haben kann. (Brief vor der Einreise)<\/em><\/p>\n<p lang=\"de-DE\"><strong>Nach 9 Monaten in Deutschland schrieb Roberto: <\/strong><\/p>\n<p lang=\"de-DE\"><em><em>Saben que: es algo grandioso despertar todos los d\u00edas, despu\u00e9s de una noche con sue\u00f1os fuera de lo normal y agobiantes; con las mismas energ\u00edas de que el d\u00eda siempre va a ser diferente y de que todos los d\u00edas tengo que mantener la concentraci\u00f3n para entender un idioma que no es m\u00edo, despertar y saber que algo puede pasar en esta ciudad de locos, abrir los ojos pensando en la felicidad y con quien pasar\u00e9 el d\u00eda; lavarme la cara y ver unas l\u00edneas de sabidur\u00eda o muchas risas o tal vez un poco de sufrimiento que marcan mi rostro; preparar los mismos vegetales todos los d\u00edas, con la misma m\u00fasica de onda vaga, sentarte, comer y sin saber que pude haber creado una obra de<br \/>\narte porque una vez m\u00e1s he comido solo. Estas peque\u00f1as cosas hacen que esta vida sea de las m\u00e1s grandes experiencias vividas a lo largo de mi vida. (3. weltw\u00e4rts-Bericht)<i><br \/>\n<\/i><br \/>\n<\/em><\/em><\/p>\n<\/td>\n<\/tr>\n<\/tbody>\n<\/table>\n","protected":false},"excerpt":{"rendered":"<p>&nbsp; &nbsp; Estefano lebte in K\u00f6ln und arbeitete bei IBWA Mir gef\u00e4llt es durch die Gegend zu gehen, zu reisen, zu essen und viele Dinge zu lernen. Ich lerne sehr<\/p>\n","protected":false},"author":6,"featured_media":0,"parent":0,"menu_order":0,"comment_status":"closed","ping_status":"closed","template":"","meta":[],"_links":{"self":[{"href":"http:\/\/www.alegro-weltweit.de\/wordpress_neu\/wp-json\/wp\/v2\/pages\/1296"}],"collection":[{"href":"http:\/\/www.alegro-weltweit.de\/wordpress_neu\/wp-json\/wp\/v2\/pages"}],"about":[{"href":"http:\/\/www.alegro-weltweit.de\/wordpress_neu\/wp-json\/wp\/v2\/types\/page"}],"author":[{"embeddable":true,"href":"http:\/\/www.alegro-weltweit.de\/wordpress_neu\/wp-json\/wp\/v2\/users\/6"}],"replies":[{"embeddable":true,"href":"http:\/\/www.alegro-weltweit.de\/wordpress_neu\/wp-json\/wp\/v2\/comments?post=1296"}],"version-history":[{"count":29,"href":"http:\/\/www.alegro-weltweit.de\/wordpress_neu\/wp-json\/wp\/v2\/pages\/1296\/revisions"}],"predecessor-version":[{"id":3072,"href":"http:\/\/www.alegro-weltweit.de\/wordpress_neu\/wp-json\/wp\/v2\/pages\/1296\/revisions\/3072"}],"wp:attachment":[{"href":"http:\/\/www.alegro-weltweit.de\/wordpress_neu\/wp-json\/wp\/v2\/media?parent=1296"}],"curies":[{"name":"wp","href":"https:\/\/api.w.org\/{rel}","templated":true}]}}