{"id":130,"date":"2013-12-04T22:03:30","date_gmt":"2013-12-04T22:03:30","guid":{"rendered":"http:\/\/www.alegro-weltweit.de\/wordpress_neu\/?page_id=130"},"modified":"2021-06-14T11:42:44","modified_gmt":"2021-06-14T10:42:44","slug":"netzwerktreffen","status":"publish","type":"page","link":"http:\/\/www.alegro-weltweit.de\/wordpress_neu\/netzwerktreffen\/","title":{"rendered":"Netzwerktreffen"},"content":{"rendered":"<p>Unser Verein w\u00e4chst mit jeder aus- und einreisenden Generation. Um all die wunderbaren Menschen ab und zu wiederzusehen findet im Herbst das Netzwerktreffen statt. An einem Wochenende gibt es Zeit f\u00fcr gemeinsame Spazierg\u00e4nge, leckeres Essen, pers\u00f6nlichen Austausch, Pl\u00e4tzchen backen, aber auch f\u00fcr Ideensammlungen und Zukunftsvisionen.<\/p>\n<p>Das Netzwerktreffen wird i.d.R. von der gerade zur\u00fcckgekehrten Freiwilligengeneration organisiert, die so auch in die Arbeit des Vereins eingebunden werden.<\/p>\n<p>Vom 23. bis 25. Novermber 2018 fand das letzte Netzwerktreffen statt. Auch dieses Jahr hat die gerade zur\u00fcckgekehrte Freiwilligengeneration die Organisation in die Hand genommen und so ein Wiedersehen f\u00fcr die R\u00fcckkehrer*innen, aktuelle S\u00fcd-Freiwillige und Vereinsaktive erm\u00f6glicht. Gemeinsam wurde Pl\u00e4tzchen gebacken, ein Schneespaziergang gemacht und \u00fcber Engagement und Einbindung im Verein gesprochen.<\/p>\n<div id=\"attachment_2553\" style=\"width: 5194px\" class=\"wp-caption alignnone\"><img aria-describedby=\"caption-attachment-2553\" decoding=\"async\" loading=\"lazy\" class=\"wp-image-2553 size-full\" src=\"http:\/\/www.alegro-weltweit.de\/wordpress_neu\/wp-content\/uploads\/2019\/05\/IMG_7491.jpg\" alt=\"\" width=\"5184\" height=\"3456\" srcset=\"http:\/\/www.alegro-weltweit.de\/wordpress_neu\/wp-content\/uploads\/2019\/05\/IMG_7491.jpg 5184w, http:\/\/www.alegro-weltweit.de\/wordpress_neu\/wp-content\/uploads\/2019\/05\/IMG_7491-150x100.jpg 150w, http:\/\/www.alegro-weltweit.de\/wordpress_neu\/wp-content\/uploads\/2019\/05\/IMG_7491-300x200.jpg 300w, http:\/\/www.alegro-weltweit.de\/wordpress_neu\/wp-content\/uploads\/2019\/05\/IMG_7491-768x512.jpg 768w, http:\/\/www.alegro-weltweit.de\/wordpress_neu\/wp-content\/uploads\/2019\/05\/IMG_7491-1024x683.jpg 1024w\" sizes=\"(max-width: 5184px) 100vw, 5184px\" \/><p id=\"caption-attachment-2553\" class=\"wp-caption-text\">Netzwerktreffen 2018 in Waltershausen (Th\u00fcringen)<\/p><\/div>\n<div id=\"attachment_2554\" style=\"width: 5194px\" class=\"wp-caption alignnone\"><img aria-describedby=\"caption-attachment-2554\" decoding=\"async\" loading=\"lazy\" class=\"wp-image-2554 size-full\" src=\"http:\/\/www.alegro-weltweit.de\/wordpress_neu\/wp-content\/uploads\/2019\/05\/IMG_8680.jpg\" alt=\"\" width=\"5184\" height=\"3456\" srcset=\"http:\/\/www.alegro-weltweit.de\/wordpress_neu\/wp-content\/uploads\/2019\/05\/IMG_8680.jpg 5184w, http:\/\/www.alegro-weltweit.de\/wordpress_neu\/wp-content\/uploads\/2019\/05\/IMG_8680-150x100.jpg 150w, http:\/\/www.alegro-weltweit.de\/wordpress_neu\/wp-content\/uploads\/2019\/05\/IMG_8680-300x200.jpg 300w, http:\/\/www.alegro-weltweit.de\/wordpress_neu\/wp-content\/uploads\/2019\/05\/IMG_8680-768x512.jpg 768w, http:\/\/www.alegro-weltweit.de\/wordpress_neu\/wp-content\/uploads\/2019\/05\/IMG_8680-1024x683.jpg 1024w\" sizes=\"(max-width: 5184px) 100vw, 5184px\" \/><p id=\"caption-attachment-2554\" class=\"wp-caption-text\">Netzwerktreffen 2016 in Jena<\/p><\/div>\n<div id=\"attachment_657\" style=\"width: 550px\" class=\"wp-caption alignnone\"><a style=\"font-weight: bold;\" href=\"http:\/\/www.alegro-weltweit.de\/wordpress_neu\/wp-content\/uploads\/2014\/11\/DSCN4383.jpg\"><img aria-describedby=\"caption-attachment-657\" decoding=\"async\" loading=\"lazy\" class=\"wp-image-657 size-large\" src=\"http:\/\/www.alegro-weltweit.de\/wordpress_neu\/wp-content\/uploads\/2014\/11\/DSCN4383-1024x768.jpg\" alt=\"DSCN4383\" width=\"540\" height=\"405\" srcset=\"http:\/\/www.alegro-weltweit.de\/wordpress_neu\/wp-content\/uploads\/2014\/11\/DSCN4383-1024x768.jpg 1024w, http:\/\/www.alegro-weltweit.de\/wordpress_neu\/wp-content\/uploads\/2014\/11\/DSCN4383-150x112.jpg 150w, http:\/\/www.alegro-weltweit.de\/wordpress_neu\/wp-content\/uploads\/2014\/11\/DSCN4383-300x225.jpg 300w\" sizes=\"(max-width: 540px) 100vw, 540px\" \/><\/a><p id=\"caption-attachment-657\" class=\"wp-caption-text\">Netzwerktreffen 2014 in der N\u00e4he von Dresden.\u00a0<\/p><\/div>\n<div id=\"attachment_1004\" style=\"width: 550px\" class=\"wp-caption alignnone\"><a href=\"http:\/\/www.alegro-weltweit.de\/wordpress_neu\/wp-content\/uploads\/2013\/12\/395785_240460836029892_1405854127_n1.jpg\"><img aria-describedby=\"caption-attachment-1004\" decoding=\"async\" loading=\"lazy\" class=\"wp-image-1004\" src=\"http:\/\/www.alegro-weltweit.de\/wordpress_neu\/wp-content\/uploads\/2013\/12\/395785_240460836029892_1405854127_n1.jpg\" alt=\"395785_240460836029892_1405854127_n(1)\" width=\"540\" height=\"360\" srcset=\"http:\/\/www.alegro-weltweit.de\/wordpress_neu\/wp-content\/uploads\/2013\/12\/395785_240460836029892_1405854127_n1.jpg 500w, http:\/\/www.alegro-weltweit.de\/wordpress_neu\/wp-content\/uploads\/2013\/12\/395785_240460836029892_1405854127_n1-150x100.jpg 150w, http:\/\/www.alegro-weltweit.de\/wordpress_neu\/wp-content\/uploads\/2013\/12\/395785_240460836029892_1405854127_n1-300x200.jpg 300w\" sizes=\"(max-width: 540px) 100vw, 540px\" \/><\/a><p id=\"caption-attachment-1004\" class=\"wp-caption-text\">Netzwerktreffen 2012 in der N\u00e4he von L\u00fcbben (Brandenburg)<\/p><\/div>\n","protected":false},"excerpt":{"rendered":"<p>Unser Verein w\u00e4chst mit jeder aus- und einreisenden Generation. Um all die wunderbaren Menschen ab und zu wiederzusehen findet im Herbst das Netzwerktreffen statt. An einem Wochenende gibt es Zeit<\/p>\n","protected":false},"author":1,"featured_media":0,"parent":0,"menu_order":0,"comment_status":"closed","ping_status":"open","template":"","meta":[],"_links":{"self":[{"href":"http:\/\/www.alegro-weltweit.de\/wordpress_neu\/wp-json\/wp\/v2\/pages\/130"}],"collection":[{"href":"http:\/\/www.alegro-weltweit.de\/wordpress_neu\/wp-json\/wp\/v2\/pages"}],"about":[{"href":"http:\/\/www.alegro-weltweit.de\/wordpress_neu\/wp-json\/wp\/v2\/types\/page"}],"author":[{"embeddable":true,"href":"http:\/\/www.alegro-weltweit.de\/wordpress_neu\/wp-json\/wp\/v2\/users\/1"}],"replies":[{"embeddable":true,"href":"http:\/\/www.alegro-weltweit.de\/wordpress_neu\/wp-json\/wp\/v2\/comments?post=130"}],"version-history":[{"count":11,"href":"http:\/\/www.alegro-weltweit.de\/wordpress_neu\/wp-json\/wp\/v2\/pages\/130\/revisions"}],"predecessor-version":[{"id":3763,"href":"http:\/\/www.alegro-weltweit.de\/wordpress_neu\/wp-json\/wp\/v2\/pages\/130\/revisions\/3763"}],"wp:attachment":[{"href":"http:\/\/www.alegro-weltweit.de\/wordpress_neu\/wp-json\/wp\/v2\/media?parent=130"}],"curies":[{"name":"wp","href":"https:\/\/api.w.org\/{rel}","templated":true}]}}