{"id":132,"date":"2013-12-04T22:03:55","date_gmt":"2013-12-04T22:03:55","guid":{"rendered":"http:\/\/www.alegro-weltweit.de\/wordpress_neu\/?page_id=132"},"modified":"2016-05-30T00:14:16","modified_gmt":"2016-05-30T00:14:16","slug":"links","status":"publish","type":"page","link":"http:\/\/www.alegro-weltweit.de\/wordpress_neu\/links\/","title":{"rendered":"Links"},"content":{"rendered":"<p><a href=\"http:\/\/www.freiwilligenvertretung.de\/\">Politische Freiwilligenvertretung internationaler Freiwilligendienste<\/a><\/p>\n<p><a href=\"https:\/\/grenzenlos.org\/index.php\/de\/\">Grenzenlos e.V.<\/a><\/p>\n<p><a href=\"http:\/\/www.ventao.org\/cms\/de\">Verein Entwicklungspolitischer Austauschorganisationen e.V.<\/a><\/p>\n<p><a href=\"http:\/\/zugvoegel.org\/de\/\">Zugv\u00f6gel e.V.<\/a><\/p>\n<p><a href=\"http:\/\/www.weltwaerts.de\/de\/\">Weltw\u00e4rts<\/a><\/p>\n<p>Agentur f\u00fcr Qualit\u00e4t im Freiwilligendienst<\/p>\n","protected":false},"excerpt":{"rendered":"<p>Politische Freiwilligenvertretung internationaler Freiwilligendienste Grenzenlos e.V. Verein Entwicklungspolitischer Austauschorganisationen e.V. Zugv\u00f6gel e.V. Weltw\u00e4rts Agentur f\u00fcr Qualit\u00e4t im Freiwilligendienst<\/p>\n","protected":false},"author":1,"featured_media":0,"parent":0,"menu_order":0,"comment_status":"closed","ping_status":"open","template":"","meta":[],"_links":{"self":[{"href":"http:\/\/www.alegro-weltweit.de\/wordpress_neu\/wp-json\/wp\/v2\/pages\/132"}],"collection":[{"href":"http:\/\/www.alegro-weltweit.de\/wordpress_neu\/wp-json\/wp\/v2\/pages"}],"about":[{"href":"http:\/\/www.alegro-weltweit.de\/wordpress_neu\/wp-json\/wp\/v2\/types\/page"}],"author":[{"embeddable":true,"href":"http:\/\/www.alegro-weltweit.de\/wordpress_neu\/wp-json\/wp\/v2\/users\/1"}],"replies":[{"embeddable":true,"href":"http:\/\/www.alegro-weltweit.de\/wordpress_neu\/wp-json\/wp\/v2\/comments?post=132"}],"version-history":[{"count":4,"href":"http:\/\/www.alegro-weltweit.de\/wordpress_neu\/wp-json\/wp\/v2\/pages\/132\/revisions"}],"predecessor-version":[{"id":1280,"href":"http:\/\/www.alegro-weltweit.de\/wordpress_neu\/wp-json\/wp\/v2\/pages\/132\/revisions\/1280"}],"wp:attachment":[{"href":"http:\/\/www.alegro-weltweit.de\/wordpress_neu\/wp-json\/wp\/v2\/media?parent=132"}],"curies":[{"name":"wp","href":"https:\/\/api.w.org\/{rel}","templated":true}]}}