{"id":139,"date":"2013-12-05T14:19:52","date_gmt":"2013-12-05T14:19:52","guid":{"rendered":"http:\/\/www.alegro-weltweit.de\/wordpress_neu\/?page_id=139"},"modified":"2021-05-02T02:05:27","modified_gmt":"2021-05-02T01:05:27","slug":"ablauf_espanol","status":"publish","type":"page","link":"http:\/\/www.alegro-weltweit.de\/wordpress_neu\/ablauf_espanol\/","title":{"rendered":"Transcurso y componentes del Voluntariado"},"content":{"rendered":"<p><img decoding=\"async\" loading=\"lazy\" class=\"alignnone size-full wp-image-1905\" src=\"http:\/\/www.alegro-weltweit.de\/wordpress_neu\/wp-content\/uploads\/2013\/12\/Proceso-del-voluntariado.png\" alt=\"\" width=\"741\" height=\"433\" srcset=\"http:\/\/www.alegro-weltweit.de\/wordpress_neu\/wp-content\/uploads\/2013\/12\/Proceso-del-voluntariado.png 741w, http:\/\/www.alegro-weltweit.de\/wordpress_neu\/wp-content\/uploads\/2013\/12\/Proceso-del-voluntariado-150x88.png 150w, http:\/\/www.alegro-weltweit.de\/wordpress_neu\/wp-content\/uploads\/2013\/12\/Proceso-del-voluntariado-300x175.png 300w\" sizes=\"(max-width: 741px) 100vw, 741px\" \/><\/p>\n<p>El voluntariado con Alegro se puede dividir en tres etapas:\u00a0<strong>la preparaci\u00f3n, el a\u00f1o de voluntariado y la reflexi\u00f3n despu\u00e9s del mismo.<\/strong><\/p>\n<p><strong>E L \u00a0 \u00a0T R A N S C U R S O<\/strong><\/p>\n<p>En la\u00a0<strong>fase de preparaci\u00f3n<\/strong>, los temas principales son: realizar todos los tr\u00e1mites para la obtenci\u00f3n de la visa, la colecta de donaciones y el aprendizaje del idioma alem\u00e1n.\u00a0En esta fase tambi\u00e9n se realizar\u00e1 un\u00a0<strong>seminario de preparaci\u00f3n <\/strong>generalmente por unos d\u00edas en junio y julio.\u00a0 En estos lxs voluntarixs conocer\u00e1n mejor a las otras personas, reflexionar\u00e1n sobre su motivaci\u00f3n para el a\u00f1o de voluntariado y tendr\u00e1n la oportunidad de hablar con el equipo de Alegro Ecuador y Mozambique sobre dificultades con la visa, el idioma, las donaciones o preguntas personales.<\/p>\n<p><span style=\"font-weight: 600;\">E L \u00a0 \u00a0V O L U N T A R I A D O<\/span><\/p>\n<p>En su primera semana, tendr\u00e1 lugar el\u00a0<strong>seminario de llegada<\/strong>. Con este seminario empieza el ano en Alemania, se habla de inseguridad y dudas, de deseos para este ano.\u00a0 Despu\u00e9s del seminario, lxs voluntarixs viajar\u00e1n a las ciudades donde est\u00e1n sus proyectos y conocer\u00e1n a sus familias acogidas o a sus compa\u00f1eros de piso y empezar\u00e1n a trabajar en sus proyectos.<\/p>\n<p>Hacia mitad del a\u00f1o, se realizar\u00e1 el\u00a0<strong>seminario intermedio,<\/strong>\u00a0de siete d\u00edas de duraci\u00f3n, en el que lxs voluntarixs pueden evaluar el tiempo pasado y desarrollar ideas para el medio a\u00f1o restante.<\/p>\n<p>Antes del\u00a0<strong>regreso a Ecuador y Mozambique<\/strong>, queremos despedirnos de lxs voluntarixs con un \u00faltimo seminario antes del vuelo donde se har\u00e1 una reflexi\u00f3n y evaluaci\u00f3n del a\u00f1o entero.<\/p>\n<p>De vuelta en Ecuador y Mozambique, tendr\u00e1 lugar el\u00a0<strong>seminario de seguimiento<\/strong>. Ah\u00ed, lxs voluntarixs pueden repasar todo el a\u00f1o, hablar sobre las dificultades de reintegrarse en su cultura y desarrollar ideas acerca de c\u00f3mo seguir con el compromiso voluntario en Ecuador y Mozambique y en Alegro.<\/p>\n<p><strong>L O S \u00a0 \u00a0 S E M I N A R I O S\u00a0<\/strong><\/p>\n<p>Alegro se\u00a0enfoca mucho en el <strong>trabajo emocional y pol\u00edtico<\/strong>. Todas las etapas del voluntariado est\u00e1n acompa\u00f1adas por\u00a0seminarios pedag\u00f3gicos.<\/p>\n<p>Con los seminarios queremos crear espacios en los que podemos reflexionar y intercambiar juntxs las experiencias; en los que percibimos, permitimos y transformamos sentimientos y emociones y en los que queremos reflexionar y trabajar temas relevantes sociales y pol\u00edticas. En eso viajamos juntxs de la mente al cuerpo y del cuerpo a la mente.<\/p>\n<p><strong>L O S \u00a0 \u00a0P R O Y E C T O S<\/strong><\/p>\n<p>Lxs voluntarixs trabajan en diferentes proyectos sociales, ecol\u00f3gicos, pol\u00edticas y de arte. Lxs voluntarixs pasan mucho tiempo en sus proyectos por lo cual esos forman una parte importante de sus vidas en Alemania.<\/p>\n<p><strong>A L O J A M I E N T O \u00a0 \u00a0Y \u00a0 \u00a0 C O M P A N I A \u00a0 \u00a0 P E R S O N A L\u00a0<\/strong><\/p>\n<p>Lxs voluntarixs viven con familias acogidas o en un piso compartido con otras personas de su edad. Durante los primeros meses tendr\u00e1n un curso de alem\u00e1n. Todxs lxs voluntarixs tienen personas que les acompa\u00f1an y que viven en la misma ciudad que ellxs. La compa\u00f1\u00eda se refiere a temas de organizaci\u00f3n (ayuda con abrir una cuenta bancaria, &#8230;) y emocionales.<\/p>\n","protected":false},"excerpt":{"rendered":"<p>El voluntariado con Alegro se puede dividir en tres etapas:\u00a0la preparaci\u00f3n, el a\u00f1o de voluntariado y la reflexi\u00f3n despu\u00e9s del mismo. E L \u00a0 \u00a0T R A N S C<\/p>\n","protected":false},"author":1,"featured_media":0,"parent":0,"menu_order":0,"comment_status":"closed","ping_status":"open","template":"","meta":[],"_links":{"self":[{"href":"http:\/\/www.alegro-weltweit.de\/wordpress_neu\/wp-json\/wp\/v2\/pages\/139"}],"collection":[{"href":"http:\/\/www.alegro-weltweit.de\/wordpress_neu\/wp-json\/wp\/v2\/pages"}],"about":[{"href":"http:\/\/www.alegro-weltweit.de\/wordpress_neu\/wp-json\/wp\/v2\/types\/page"}],"author":[{"embeddable":true,"href":"http:\/\/www.alegro-weltweit.de\/wordpress_neu\/wp-json\/wp\/v2\/users\/1"}],"replies":[{"embeddable":true,"href":"http:\/\/www.alegro-weltweit.de\/wordpress_neu\/wp-json\/wp\/v2\/comments?post=139"}],"version-history":[{"count":15,"href":"http:\/\/www.alegro-weltweit.de\/wordpress_neu\/wp-json\/wp\/v2\/pages\/139\/revisions"}],"predecessor-version":[{"id":3570,"href":"http:\/\/www.alegro-weltweit.de\/wordpress_neu\/wp-json\/wp\/v2\/pages\/139\/revisions\/3570"}],"wp:attachment":[{"href":"http:\/\/www.alegro-weltweit.de\/wordpress_neu\/wp-json\/wp\/v2\/media?parent=139"}],"curies":[{"name":"wp","href":"https:\/\/api.w.org\/{rel}","templated":true}]}}