{"id":1406,"date":"2016-12-09T10:59:38","date_gmt":"2016-12-09T10:59:38","guid":{"rendered":"http:\/\/www.alegro-weltweit.de\/wordpress_neu\/?page_id=1406"},"modified":"2018-11-19T22:33:35","modified_gmt":"2018-11-19T21:33:35","slug":"techo-ecuador","status":"publish","type":"page","link":"http:\/\/www.alegro-weltweit.de\/wordpress_neu\/techo-ecuador\/","title":{"rendered":"TECHO Ecuador"},"content":{"rendered":"<p style=\"font-size: 16px;\"><img decoding=\"async\" loading=\"lazy\" class=\"wp-image-1471 size-medium alignleft\" src=\"http:\/\/www.alegro-weltweit.de\/wordpress_neu\/wp-content\/uploads\/2016\/12\/DSC05970-300x199.jpg\" alt=\"\" width=\"300\" height=\"199\" srcset=\"http:\/\/www.alegro-weltweit.de\/wordpress_neu\/wp-content\/uploads\/2016\/12\/DSC05970-300x199.jpg 300w, http:\/\/www.alegro-weltweit.de\/wordpress_neu\/wp-content\/uploads\/2016\/12\/DSC05970-150x100.jpg 150w, http:\/\/www.alegro-weltweit.de\/wordpress_neu\/wp-content\/uploads\/2016\/12\/DSC05970-768x510.jpg 768w, http:\/\/www.alegro-weltweit.de\/wordpress_neu\/wp-content\/uploads\/2016\/12\/DSC05970-1024x680.jpg 1024w\" sizes=\"(max-width: 300px) 100vw, 300px\" \/><\/p>\n<p>\u201eUn Techo para mi pa\u00eds\u201c \u2013 Ein Dach f\u00fcr mein Land \u2013 hei\u00dft die Organisation, mit der uns nun schon eine l\u00e4ngere Zusammenarbeit und zahlreiche Freundschaften verbinden.<\/p>\n<p>TECHO ist eine der gr\u00f6\u00dften Nichtregierungsorganisationen Lateinamerikas. Gegr\u00fcndet wurde sie von Studierenden in Chile mit dem Ziel, Menschen, die in den Vororten von Santiago de Chile in Wellblechh\u00fcten lebten, ein richtiges Dach \u00fcber dem Kopf zu geben. In Ecuador arbeitet TECHO vor allen Dingen in den \u00e4rmeren Vierteln der Gro\u00dfst\u00e4dte Guayaquil und Quito, aber auch in l\u00e4ndlichen Regionen. Als Freiwillige_r wirst du vor allem im Hauptb\u00fcro in Guayaquil arbeiten.<\/p>\n<p><img decoding=\"async\" loading=\"lazy\" class=\"wp-image-1468 size-medium alignright\" style=\"font-size: 16px;\" src=\"http:\/\/www.alegro-weltweit.de\/wordpress_neu\/wp-content\/uploads\/2016\/12\/DSC07462-300x199.jpg\" alt=\"DSC07462\" width=\"300\" height=\"199\" srcset=\"http:\/\/www.alegro-weltweit.de\/wordpress_neu\/wp-content\/uploads\/2016\/12\/DSC07462-300x199.jpg 300w, http:\/\/www.alegro-weltweit.de\/wordpress_neu\/wp-content\/uploads\/2016\/12\/DSC07462-150x100.jpg 150w, http:\/\/www.alegro-weltweit.de\/wordpress_neu\/wp-content\/uploads\/2016\/12\/DSC07462-768x510.jpg 768w, http:\/\/www.alegro-weltweit.de\/wordpress_neu\/wp-content\/uploads\/2016\/12\/DSC07462-1024x680.jpg 1024w\" sizes=\"(max-width: 300px) 100vw, 300px\" \/><\/p>\n<p>Neben den \u201econstrucciones\u201c, den Bauwochenenden, in denen viele Freiwillige gemeinsam in eine Gemeinde fahren, um dort die typischen TECHO-Holzh\u00e4user f\u00fcr bed\u00fcrftige Familien zu bauen, arbeitet TECHO mit einigen Gemeinden schon seit Jahren regelm\u00e4\u00dfig sozialarbeiterisch zusammen. Dabei geht es TECHO vor allem darum, die Akteure einer Gemeinde an einen Tisch zu bringen und sie dabei zu unterst\u00fctzen, sich selbst zu organisieren und die f\u00fcr sie zentralen Baustellen innerhalb ihrer Gemeinde produktiv angehen zu k\u00f6nnen. In Absprache mit den Gemeinden finden auch\u00a0<img decoding=\"async\" loading=\"lazy\" class=\"alignleft wp-image-1467 size-medium\" src=\"http:\/\/www.alegro-weltweit.de\/wordpress_neu\/wp-content\/uploads\/2016\/12\/DSC08753-e1481652296980-199x300.jpg\" alt=\"DSC08753\" width=\"199\" height=\"300\" srcset=\"http:\/\/www.alegro-weltweit.de\/wordpress_neu\/wp-content\/uploads\/2016\/12\/DSC08753-e1481652296980-199x300.jpg 199w, http:\/\/www.alegro-weltweit.de\/wordpress_neu\/wp-content\/uploads\/2016\/12\/DSC08753-e1481652296980-100x150.jpg 100w, http:\/\/www.alegro-weltweit.de\/wordpress_neu\/wp-content\/uploads\/2016\/12\/DSC08753-e1481652296980-768x1156.jpg 768w, http:\/\/www.alegro-weltweit.de\/wordpress_neu\/wp-content\/uploads\/2016\/12\/DSC08753-e1481652296980-680x1024.jpg 680w\" sizes=\"(max-width: 199px) 100vw, 199px\" \/>kleinere Projekte statt wie das Anlegen eines gemeinsamen Beetes, der Bau von Komposttoiletten, Ferienprojekte f\u00fcr die Kinder, etc. Die Menschen bei TECHO sind haupts\u00e4chlich freiwillig aktiv, es ist eine gro\u00dfe Gemeinschaft junger, engagierter Ecuadorianer_innen, die sich f\u00fcr die Verbesserung der Lebensbedingungen in ihrem Land einsetzen m\u00f6chten. F\u00fcr die deutschen Freiwilligen ist das ein motivierendes und inspirierendes Netzwerk. Die Begeisterung und der Gemeinschaftsgeist der \u201etecheros\u201c gleichen die computerlastige B\u00fcroarbeit aus, die unter der Woche zum Arbeitsalltag in dieser Einsatzstelle geh\u00f6rt.<\/p>\n<p>&nbsp;<\/p>\n<p><strong>In dieser Einsatzstelle k\u00f6nnen sich besonders gut Menschen einbringen, die\u2026<\/strong><\/p>\n<ul>\n<li>Eigeninitiative besitzen, selbstst\u00e4ndig arbeiten\u00a0<img decoding=\"async\" loading=\"lazy\" class=\"wp-image-1470 size-medium alignright\" src=\"http:\/\/www.alegro-weltweit.de\/wordpress_neu\/wp-content\/uploads\/2016\/12\/DSC06059-199x300.jpg\" alt=\"DSC06059\" width=\"199\" height=\"300\" srcset=\"http:\/\/www.alegro-weltweit.de\/wordpress_neu\/wp-content\/uploads\/2016\/12\/DSC06059-199x300.jpg 199w, http:\/\/www.alegro-weltweit.de\/wordpress_neu\/wp-content\/uploads\/2016\/12\/DSC06059-100x150.jpg 100w, http:\/\/www.alegro-weltweit.de\/wordpress_neu\/wp-content\/uploads\/2016\/12\/DSC06059-768x1156.jpg 768w, http:\/\/www.alegro-weltweit.de\/wordpress_neu\/wp-content\/uploads\/2016\/12\/DSC06059-680x1024.jpg 680w\" sizes=\"(max-width: 199px) 100vw, 199px\" \/>und sich Aufgaben suchen.<\/li>\n<li>Interesse an \u00d6ffentlichkeitsarbeit, Fundraising, Logistik und Projektmanagement haben.<\/li>\n<li>sich in ein Team von sehr engagierten Menschen einbringen wollen und bereit sind, viele Stunden im B\u00fcro zu verbringen.<\/li>\n<li>Lust haben, hinter die Kulissen einer international arbeitenden NGO zu gucken.<\/li>\n<li>Einen Hammer halten und in der Mittagshitze L\u00f6cher buddeln k\u00f6nnen.<\/li>\n<li>sich in bunten Gruppen wohlf\u00fchlen und kein Problem damit haben, ein Wochenende lang ohne Dusche mit einer Horde junger Ecuadorianer_innen in einer Turnhalle auf dem Boden zu n\u00e4chtigen und nur Reis mit Thunfisch zu essen.<\/li>\n<\/ul>\n","protected":false},"excerpt":{"rendered":"<p>\u201eUn Techo para mi pa\u00eds\u201c \u2013 Ein Dach f\u00fcr mein Land \u2013 hei\u00dft die Organisation, mit der uns nun schon eine l\u00e4ngere Zusammenarbeit und zahlreiche Freundschaften verbinden. TECHO ist eine<\/p>\n","protected":false},"author":6,"featured_media":0,"parent":0,"menu_order":0,"comment_status":"closed","ping_status":"closed","template":"","meta":[],"_links":{"self":[{"href":"http:\/\/www.alegro-weltweit.de\/wordpress_neu\/wp-json\/wp\/v2\/pages\/1406"}],"collection":[{"href":"http:\/\/www.alegro-weltweit.de\/wordpress_neu\/wp-json\/wp\/v2\/pages"}],"about":[{"href":"http:\/\/www.alegro-weltweit.de\/wordpress_neu\/wp-json\/wp\/v2\/types\/page"}],"author":[{"embeddable":true,"href":"http:\/\/www.alegro-weltweit.de\/wordpress_neu\/wp-json\/wp\/v2\/users\/6"}],"replies":[{"embeddable":true,"href":"http:\/\/www.alegro-weltweit.de\/wordpress_neu\/wp-json\/wp\/v2\/comments?post=1406"}],"version-history":[{"count":7,"href":"http:\/\/www.alegro-weltweit.de\/wordpress_neu\/wp-json\/wp\/v2\/pages\/1406\/revisions"}],"predecessor-version":[{"id":2340,"href":"http:\/\/www.alegro-weltweit.de\/wordpress_neu\/wp-json\/wp\/v2\/pages\/1406\/revisions\/2340"}],"wp:attachment":[{"href":"http:\/\/www.alegro-weltweit.de\/wordpress_neu\/wp-json\/wp\/v2\/media?parent=1406"}],"curies":[{"name":"wp","href":"https:\/\/api.w.org\/{rel}","templated":true}]}}