{"id":1410,"date":"2016-12-09T11:02:35","date_gmt":"2016-12-09T11:02:35","guid":{"rendered":"http:\/\/www.alegro-weltweit.de\/wordpress_neu\/?page_id=1410"},"modified":"2020-06-16T13:40:55","modified_gmt":"2020-06-16T12:40:55","slug":"caimito","status":"publish","type":"page","link":"http:\/\/www.alegro-weltweit.de\/wordpress_neu\/caimito\/","title":{"rendered":"Asociaci\u00f3n Caimito Sustentable"},"content":{"rendered":"<p><img decoding=\"async\" loading=\"lazy\" class=\"alignright wp-image-2335 size-medium\" src=\"http:\/\/www.alegro-weltweit.de\/wordpress_neu\/wp-content\/uploads\/2018\/11\/Caimito-2-300x225.jpg\" alt=\"\" width=\"300\" height=\"225\" srcset=\"http:\/\/www.alegro-weltweit.de\/wordpress_neu\/wp-content\/uploads\/2018\/11\/Caimito-2-300x225.jpg 300w, http:\/\/www.alegro-weltweit.de\/wordpress_neu\/wp-content\/uploads\/2018\/11\/Caimito-2-150x113.jpg 150w, http:\/\/www.alegro-weltweit.de\/wordpress_neu\/wp-content\/uploads\/2018\/11\/Caimito-2-768x576.jpg 768w, http:\/\/www.alegro-weltweit.de\/wordpress_neu\/wp-content\/uploads\/2018\/11\/Caimito-2.jpg 960w\" sizes=\"(max-width: 300px) 100vw, 300px\" \/>Die\u00a0<strong>Asociaci\u00f3n Caimito Sustentable<\/strong>\u00a0hat es sich zum Ziel gemacht, den \u00f6kologischen und nachhaltigen Landbau zu f\u00f6rdern und das \u00d6kosystem durch Permakultur zu sch\u00fctzen. Es handelt sich um einen Zusammenschluss von mehreren landwirtschaftlichen Betrieben in Esmeraldas, die als Kollektiv organisiert sind. Auf diesen &#8222;fincas&#8220; wird nach \u00f6kologischen Prinzipien zum Beispiel biologischer Kakao produziert. Au\u00dferdem wird\u00a0 Bildungsarbeit und Aufkl\u00e4rungsarbeit geleistet, um f\u00fcr Umweltschutz zu sensibilisieren und das Modell des nachhaltigen Landbaus auszuweiten.<\/p>\n<p>Die*der Freiwillige wird in unterschiedlichen landwirtschaftlichen Betrieben t\u00e4tig sein und die Arbeit auf der biologischen Kakaoplantage unterst\u00fctzen. Au\u00dferdem wird die*der Freiwillige an Programmen der Aufkl\u00e4rung zum Schutz des \u00d6kosystems, nachhaltiger Landwirtschaft und nachhaltigem regionalen Tourismus f\u00fcr umliegende Betriebe und Gemeinden teilnehmen.<\/p>\n<p><strong>In dieser Einsatzstelle k\u00f6nnen sich besonders gut Menschen einbringen, die&#8230;<\/strong><\/p>\n<ul>\n<li>Spa\u00df und Interesse an nachhaltiger Landwirtschaft haben und Freude an landwirtschaftlichen Arbeiten mitbringen.<\/li>\n<li>Lust auf Arbeit in der Natur und mit der Erde haben.<\/li>\n<li>Bereitschaft zu k\u00f6rperlicher Arbeit mitbringen.<\/li>\n<li>Lust darauf haben, sich Wissen anzueignen, es weiterzugeben und andere f\u00fcr Umweltschutz zu sensibilisieren.<\/li>\n<li>ein naturverbundenes Leben mit weniger materiellem Luxus zu leben wollen.<\/li>\n<\/ul>\n<p><img decoding=\"async\" loading=\"lazy\" class=\"alignnone wp-image-2330 size-large\" src=\"http:\/\/www.alegro-weltweit.de\/wordpress_neu\/wp-content\/uploads\/2018\/11\/Caimito-Cacao2-1024x768.jpg\" alt=\"\" width=\"540\" height=\"405\" srcset=\"http:\/\/www.alegro-weltweit.de\/wordpress_neu\/wp-content\/uploads\/2018\/11\/Caimito-Cacao2-1024x768.jpg 1024w, http:\/\/www.alegro-weltweit.de\/wordpress_neu\/wp-content\/uploads\/2018\/11\/Caimito-Cacao2-150x113.jpg 150w, http:\/\/www.alegro-weltweit.de\/wordpress_neu\/wp-content\/uploads\/2018\/11\/Caimito-Cacao2-300x225.jpg 300w, http:\/\/www.alegro-weltweit.de\/wordpress_neu\/wp-content\/uploads\/2018\/11\/Caimito-Cacao2-768x576.jpg 768w\" sizes=\"(max-width: 540px) 100vw, 540px\" \/><\/p>\n<p>&nbsp;<\/p>\n","protected":false},"excerpt":{"rendered":"<p>Die\u00a0Asociaci\u00f3n Caimito Sustentable\u00a0hat es sich zum Ziel gemacht, den \u00f6kologischen und nachhaltigen Landbau zu f\u00f6rdern und das \u00d6kosystem durch Permakultur zu sch\u00fctzen. Es handelt sich um einen Zusammenschluss von mehreren<\/p>\n","protected":false},"author":6,"featured_media":0,"parent":0,"menu_order":0,"comment_status":"closed","ping_status":"closed","template":"","meta":[],"_links":{"self":[{"href":"http:\/\/www.alegro-weltweit.de\/wordpress_neu\/wp-json\/wp\/v2\/pages\/1410"}],"collection":[{"href":"http:\/\/www.alegro-weltweit.de\/wordpress_neu\/wp-json\/wp\/v2\/pages"}],"about":[{"href":"http:\/\/www.alegro-weltweit.de\/wordpress_neu\/wp-json\/wp\/v2\/types\/page"}],"author":[{"embeddable":true,"href":"http:\/\/www.alegro-weltweit.de\/wordpress_neu\/wp-json\/wp\/v2\/users\/6"}],"replies":[{"embeddable":true,"href":"http:\/\/www.alegro-weltweit.de\/wordpress_neu\/wp-json\/wp\/v2\/comments?post=1410"}],"version-history":[{"count":22,"href":"http:\/\/www.alegro-weltweit.de\/wordpress_neu\/wp-json\/wp\/v2\/pages\/1410\/revisions"}],"predecessor-version":[{"id":2965,"href":"http:\/\/www.alegro-weltweit.de\/wordpress_neu\/wp-json\/wp\/v2\/pages\/1410\/revisions\/2965"}],"wp:attachment":[{"href":"http:\/\/www.alegro-weltweit.de\/wordpress_neu\/wp-json\/wp\/v2\/media?parent=1410"}],"curies":[{"name":"wp","href":"https:\/\/api.w.org\/{rel}","templated":true}]}}