{"id":1436,"date":"2016-12-13T10:09:13","date_gmt":"2016-12-13T10:09:13","guid":{"rendered":"http:\/\/www.alegro-weltweit.de\/wordpress_neu\/?page_id=1436"},"modified":"2016-12-13T10:55:01","modified_gmt":"2016-12-13T10:55:01","slug":"refugio-de-los-suenos","status":"publish","type":"page","link":"http:\/\/www.alegro-weltweit.de\/wordpress_neu\/refugio-de-los-suenos\/","title":{"rendered":"Refugio de los Sue\u00f1os"},"content":{"rendered":"<p><span lang=\"de-DE\">Das Refugio ist zweite Heimat f\u00fcr ungef\u00e4hr 80 Kinder. Sie kommen t\u00e4glich hierher und finden einen sicheren, liebvollen Ort. Hier k\u00f6nnen sie Kind sein, spielen und lernen. Sie werden medizinisch und psychologisch versorgt. <\/span><\/p>\n<p><span lang=\"de-DE\">Das Zentrum besteht aus einer Holzwerkstatt,<img decoding=\"async\" loading=\"lazy\" class=\"wp-image-1443 size-medium alignright\" src=\"http:\/\/www.alegro-weltweit.de\/wordpress_neu\/wp-content\/uploads\/2016\/12\/DSC09527-300x199.jpg\" alt=\"DSC09527\" width=\"300\" height=\"199\" srcset=\"http:\/\/www.alegro-weltweit.de\/wordpress_neu\/wp-content\/uploads\/2016\/12\/DSC09527-300x199.jpg 300w, http:\/\/www.alegro-weltweit.de\/wordpress_neu\/wp-content\/uploads\/2016\/12\/DSC09527-150x100.jpg 150w, http:\/\/www.alegro-weltweit.de\/wordpress_neu\/wp-content\/uploads\/2016\/12\/DSC09527-768x510.jpg 768w, http:\/\/www.alegro-weltweit.de\/wordpress_neu\/wp-content\/uploads\/2016\/12\/DSC09527-1024x680.jpg 1024w\" sizes=\"(max-width: 300px) 100vw, 300px\" \/> einer Backstube, R\u00e4umen mit Bastelm\u00f6glichkeiten ((z.B. Kerzengie\u00dfen, Stricken und Flechten, Malen)) sowie verschiedenen Bereichen zum freien Spielen. Das p\u00e4dagogische Konzept des Refugios basiert auf den Montessori Konzepten. Es sieht einen respektvollen, gewaltfreien Umgang mit den Kindern vor und f\u00f6rdert die pers\u00f6nliche Entwicklung jede_r einzelne_n. <\/span><\/p>\n<p><span lang=\"de-DE\">Die Kinder, die ins Refugio kommen, leben in Toctiuco, einem der strukturschw\u00e4chsten Stadtviertel Quitos. Als das Projekt vor 10 Jahren gegr\u00fcndet wurde, wurden die Kinder vor allem auf der Stra\u00dfe beim Arbeiten angesprochen und in R\u00fccksprache mit ihren Eltern ins Refugio eingeladen. <\/span><span lang=\"de-DE\"><img decoding=\"async\" loading=\"lazy\" class=\"wp-image-1444 size-medium alignleft\" src=\"http:\/\/www.alegro-weltweit.de\/wordpress_neu\/wp-content\/uploads\/2016\/12\/DSC09523-300x199.jpg\" alt=\"DSC09523\" width=\"300\" height=\"199\" srcset=\"http:\/\/www.alegro-weltweit.de\/wordpress_neu\/wp-content\/uploads\/2016\/12\/DSC09523-300x199.jpg 300w, http:\/\/www.alegro-weltweit.de\/wordpress_neu\/wp-content\/uploads\/2016\/12\/DSC09523-150x100.jpg 150w, http:\/\/www.alegro-weltweit.de\/wordpress_neu\/wp-content\/uploads\/2016\/12\/DSC09523-768x510.jpg 768w, http:\/\/www.alegro-weltweit.de\/wordpress_neu\/wp-content\/uploads\/2016\/12\/DSC09523-1024x680.jpg 1024w\" sizes=\"(max-width: 300px) 100vw, 300px\" \/><\/span><span lang=\"de-DE\">Sie sollten hier eine Alternative zur Kinderarbeit finden, und auch die M\u00f6glichkeit sich selbst auszuprobieren und eigene Wege zu gehen. Heute ist das Refugio im Stadtviertel so bekannt, dass viele Kinder und Eltern das Zentrum aufsuchen.<br \/>\nAufgrund der beschr\u00e4nkten Kapazit\u00e4ten werden nur Kinder aufgenommen, die aus schwierigen Familiensituationen kommen. Viele erleben interfamili\u00e4re Gewalt, leiden unter Alkohol- und Drogenmissbrauch ihrer Eltern oder F\u00fcrsorger, wurden als Drogenkuriere missbraucht, k\u00e4mpfen mit den Folgen von Armut. <\/span><\/p>\n<p><span lang=\"de-DE\">Die_der Freiwillige wird die Kinder und Jugendlichen bei ihrer Zeit im Zentrum begleiten und bei der Freizeitgestaltung mitwirken. <\/span><\/p>\n<p><span lang=\"de-DE\">Die meisten Kinder kommen nach der Schule, so ab Mittag ins Refugio. Nach etwas freiem Spielen gibt es dann f\u00fcr alle Mittagessen. Hier wird Hilfe ben\u00f6tigt beim Austeilen des Essens und der<\/span> <span lang=\"de-DE\">Betreuung an den Tischen. <\/span><\/p>\n<p><span id=\"result_box\" class=\"short_text\" lang=\"pt\"><span class=\"alt-edited\"><img decoding=\"async\" loading=\"lazy\" class=\"wp-image-1447 size-medium alignright\" src=\"http:\/\/www.alegro-weltweit.de\/wordpress_neu\/wp-content\/uploads\/2016\/12\/DSC05811-300x199.jpg\" alt=\"DSC05811\" width=\"300\" height=\"199\" srcset=\"http:\/\/www.alegro-weltweit.de\/wordpress_neu\/wp-content\/uploads\/2016\/12\/DSC05811-300x199.jpg 300w, http:\/\/www.alegro-weltweit.de\/wordpress_neu\/wp-content\/uploads\/2016\/12\/DSC05811-150x100.jpg 150w, http:\/\/www.alegro-weltweit.de\/wordpress_neu\/wp-content\/uploads\/2016\/12\/DSC05811-768x510.jpg 768w, http:\/\/www.alegro-weltweit.de\/wordpress_neu\/wp-content\/uploads\/2016\/12\/DSC05811-1024x680.jpg 1024w\" sizes=\"(max-width: 300px) 100vw, 300px\" \/><\/span><\/span><\/p>\n<p><span lang=\"de-DE\">Die Nachmittagsbetreuung kann sehr vielf\u00e4ltig gestaltet werden. Jede_r Mitarbeiter_in betreut einen Bereich oder eine Werkstatt des Zentrums. Au\u00dferdem sind alle dazu eingeladen, die eigenen F\u00e4higkeiten mit den Kindern zu teilen: Musik, Theater, Sport &#8211; der Kreativit\u00e4t sind keine Grenzen gesetzt. Hier gibt es viel Raum f\u00fcr eigene Ideen und Projekte!<\/span><\/p>\n<p>&nbsp;<\/p>\n<p><span lang=\"de-DE\">Auf der Website k\u00f6nnt ihr noch mehr \u00fcber das Refugio erfahren: <a href=\"http:\/\/refugio-quito.org\/\">http:\/\/refugio-quito.org<\/a><\/span><\/p>\n<p><span lang=\"de-DE\"><b>In dieser Einsatzstelle k\u00f6nnen sich besonders gut Menschen einbringen, die&#8230;<\/b><\/span><\/p>\n<ul>\n<li><span lang=\"de-DE\">die Erfahrung in der Zusammenarbeit mit Kindern und Jugendlichen haben<\/span><\/li>\n<li><span lang=\"de-DE\">die Spa\u00df daran haben eigene kleine Projekte und Aktivit\u00e4ten f\u00fcr Kindern zu planen und durchzuf\u00fchren<\/span><\/li>\n<li><span lang=\"de-DE\">die spezielle Kenntnisse in Theater, Musik oder Kunst mitbringen und Lust haben diese zu teilen<\/span><\/li>\n<\/ul>\n<p>&nbsp;<\/p>\n<p><span lang=\"de-DE\"><img decoding=\"async\" loading=\"lazy\" class=\"alignnone size-full wp-image-1442\" src=\"http:\/\/www.alegro-weltweit.de\/wordpress_neu\/wp-content\/uploads\/2016\/12\/DSC_0153.jpg\" alt=\"DSC_0153\" width=\"4608\" height=\"3072\" srcset=\"http:\/\/www.alegro-weltweit.de\/wordpress_neu\/wp-content\/uploads\/2016\/12\/DSC_0153.jpg 4608w, http:\/\/www.alegro-weltweit.de\/wordpress_neu\/wp-content\/uploads\/2016\/12\/DSC_0153-150x100.jpg 150w, http:\/\/www.alegro-weltweit.de\/wordpress_neu\/wp-content\/uploads\/2016\/12\/DSC_0153-300x200.jpg 300w, http:\/\/www.alegro-weltweit.de\/wordpress_neu\/wp-content\/uploads\/2016\/12\/DSC_0153-768x512.jpg 768w, http:\/\/www.alegro-weltweit.de\/wordpress_neu\/wp-content\/uploads\/2016\/12\/DSC_0153-1024x683.jpg 1024w\" sizes=\"(max-width: 4608px) 100vw, 4608px\" \/> <img decoding=\"async\" loading=\"lazy\" class=\"alignnone size-full wp-image-1445\" src=\"http:\/\/www.alegro-weltweit.de\/wordpress_neu\/wp-content\/uploads\/2016\/12\/DSC09519.jpg\" alt=\"DSC09519\" width=\"4912\" height=\"3264\" srcset=\"http:\/\/www.alegro-weltweit.de\/wordpress_neu\/wp-content\/uploads\/2016\/12\/DSC09519.jpg 4912w, http:\/\/www.alegro-weltweit.de\/wordpress_neu\/wp-content\/uploads\/2016\/12\/DSC09519-150x100.jpg 150w, http:\/\/www.alegro-weltweit.de\/wordpress_neu\/wp-content\/uploads\/2016\/12\/DSC09519-300x199.jpg 300w, http:\/\/www.alegro-weltweit.de\/wordpress_neu\/wp-content\/uploads\/2016\/12\/DSC09519-768x510.jpg 768w, http:\/\/www.alegro-weltweit.de\/wordpress_neu\/wp-content\/uploads\/2016\/12\/DSC09519-1024x680.jpg 1024w\" sizes=\"(max-width: 4912px) 100vw, 4912px\" \/>\u00a0<\/span><\/p>\n","protected":false},"excerpt":{"rendered":"<p>Das Refugio ist zweite Heimat f\u00fcr ungef\u00e4hr 80 Kinder. Sie kommen t\u00e4glich hierher und finden einen sicheren, liebvollen Ort. Hier k\u00f6nnen sie Kind sein, spielen und lernen. Sie werden medizinisch<\/p>\n","protected":false},"author":6,"featured_media":0,"parent":0,"menu_order":0,"comment_status":"closed","ping_status":"closed","template":"","meta":[],"_links":{"self":[{"href":"http:\/\/www.alegro-weltweit.de\/wordpress_neu\/wp-json\/wp\/v2\/pages\/1436"}],"collection":[{"href":"http:\/\/www.alegro-weltweit.de\/wordpress_neu\/wp-json\/wp\/v2\/pages"}],"about":[{"href":"http:\/\/www.alegro-weltweit.de\/wordpress_neu\/wp-json\/wp\/v2\/types\/page"}],"author":[{"embeddable":true,"href":"http:\/\/www.alegro-weltweit.de\/wordpress_neu\/wp-json\/wp\/v2\/users\/6"}],"replies":[{"embeddable":true,"href":"http:\/\/www.alegro-weltweit.de\/wordpress_neu\/wp-json\/wp\/v2\/comments?post=1436"}],"version-history":[{"count":13,"href":"http:\/\/www.alegro-weltweit.de\/wordpress_neu\/wp-json\/wp\/v2\/pages\/1436\/revisions"}],"predecessor-version":[{"id":1461,"href":"http:\/\/www.alegro-weltweit.de\/wordpress_neu\/wp-json\/wp\/v2\/pages\/1436\/revisions\/1461"}],"wp:attachment":[{"href":"http:\/\/www.alegro-weltweit.de\/wordpress_neu\/wp-json\/wp\/v2\/media?parent=1436"}],"curies":[{"name":"wp","href":"https:\/\/api.w.org\/{rel}","templated":true}]}}