{"id":1628,"date":"2017-05-10T15:31:51","date_gmt":"2017-05-10T15:31:51","guid":{"rendered":"http:\/\/www.alegro-weltweit.de\/wordpress_neu\/?page_id=1628"},"modified":"2019-02-15T17:26:15","modified_gmt":"2019-02-15T16:26:15","slug":"associacao-iverca","status":"publish","type":"page","link":"http:\/\/www.alegro-weltweit.de\/wordpress_neu\/associacao-iverca\/","title":{"rendered":"Associa\u00e7\u00e3o IVERCA"},"content":{"rendered":"<p><img decoding=\"async\" loading=\"lazy\" class=\"alignleft wp-image-2317 size-medium\" src=\"http:\/\/www.alegro-weltweit.de\/wordpress_neu\/wp-content\/uploads\/2018\/11\/mafalala-festival-poster-e1542657344803-300x235.png\" alt=\"\" width=\"300\" height=\"235\" srcset=\"http:\/\/www.alegro-weltweit.de\/wordpress_neu\/wp-content\/uploads\/2018\/11\/mafalala-festival-poster-e1542657344803-300x235.png 300w, http:\/\/www.alegro-weltweit.de\/wordpress_neu\/wp-content\/uploads\/2018\/11\/mafalala-festival-poster-e1542657344803-150x118.png 150w, http:\/\/www.alegro-weltweit.de\/wordpress_neu\/wp-content\/uploads\/2018\/11\/mafalala-festival-poster-e1542657344803.png 679w\" sizes=\"(max-width: 300px) 100vw, 300px\" \/>Die <strong>Associa\u00e7\u00e3o IVERCA \u2013 <\/strong><strong>Turismo, <\/strong><strong>Cultura e Meio Ambiente<\/strong> hat seinen Sitz in Mafalala, Maputo. Der Verein ist sehr im Stadtteil verwurzelt und setzt sich vor Ort f\u00fcr die Entwicklung von Mafalala und die St\u00e4rkung der Anwohner*innen ein.<\/p>\n<p>Der Verein organisiert ein j\u00e4hrlich stattfindendes Festival mit mosambikanischen K\u00fcnstler*innen, um so eine B\u00fchne f\u00fcr lokale und traditionelle K\u00fcnste zu schaffen. Im November 2018 findet das Mafalala Festival bereits zum 11. Mal statt und w\u00e4chst\u00a0j\u00e4hrlich.<\/p>\n<p><img decoding=\"async\" loading=\"lazy\" class=\"alignright wp-image-2315 size-medium\" style=\"font-size: 16px;\" src=\"http:\/\/www.alegro-weltweit.de\/wordpress_neu\/wp-content\/uploads\/2018\/11\/mafalala-schule-e1542657471335-300x133.jpg\" alt=\"\" width=\"300\" height=\"133\" srcset=\"http:\/\/www.alegro-weltweit.de\/wordpress_neu\/wp-content\/uploads\/2018\/11\/mafalala-schule-e1542657471335-300x133.jpg 300w, http:\/\/www.alegro-weltweit.de\/wordpress_neu\/wp-content\/uploads\/2018\/11\/mafalala-schule-e1542657471335-150x67.jpg 150w, http:\/\/www.alegro-weltweit.de\/wordpress_neu\/wp-content\/uploads\/2018\/11\/mafalala-schule-e1542657471335-768x341.jpg 768w, http:\/\/www.alegro-weltweit.de\/wordpress_neu\/wp-content\/uploads\/2018\/11\/mafalala-schule-e1542657471335.jpg 950w\" sizes=\"(max-width: 300px) 100vw, 300px\" \/><\/p>\n<p>Iverca kooperiert mit der lokalen Grundschule und bietet dort AGs (Englisch, Kunst &amp; Computer) an. Auch Sportangebote im Stadtteil werden durch Iverca gef\u00f6rdert. So findet unter anderem regelm\u00e4\u00dfig Rugby Training statt.<\/p>\n<p>Im Fr\u00fchjahr 2019 wird IVERCA das Museu Mafalala er\u00f6ffnen. Im Museum soll die Geschicht des Stadtteil dargestellt werden und so ein Raum f\u00fcr Alternative Geschichtsschreibung und eine Demokratisierung der Kultur. Hier sollen die Zusammenhang von Traditionen, Kunst, Architektur, Erinnerung und mosambikanischer Identit\u00e4t thematisiert und diskutiert werden. Hierzu sollen neben Ausstellungen auch Events und Workshops stattfinden.<\/p>\n<p>Au\u00dferdem bietet IVERCA Stadtf\u00fchrungen durch den historischen\u00a0Stadtteil Mafalala an und erm\u00f6glicht Reisenden Einblicke in das Leben vor Ort.\u00a0So m\u00f6chte IVERCA dazu beitragen Mosambiks Tourismus auszubauen und mit diesen Einnahmen Armut <img decoding=\"async\" loading=\"lazy\" class=\"alignleft wp-image-2316 size-medium\" src=\"http:\/\/www.alegro-weltweit.de\/wordpress_neu\/wp-content\/uploads\/2018\/11\/mafalala-300x169.jpg\" alt=\"\" width=\"300\" height=\"169\" srcset=\"http:\/\/www.alegro-weltweit.de\/wordpress_neu\/wp-content\/uploads\/2018\/11\/mafalala-300x169.jpg 300w, http:\/\/www.alegro-weltweit.de\/wordpress_neu\/wp-content\/uploads\/2018\/11\/mafalala-150x84.jpg 150w, http:\/\/www.alegro-weltweit.de\/wordpress_neu\/wp-content\/uploads\/2018\/11\/mafalala-768x432.jpg 768w, http:\/\/www.alegro-weltweit.de\/wordpress_neu\/wp-content\/uploads\/2018\/11\/mafalala.jpg 960w\" sizes=\"(max-width: 300px) 100vw, 300px\" \/>zu\u00a0bek\u00e4mpfen und die lokale Kultur zu st\u00e4rken.<\/p>\n<p>Der*die Freiwillige arbeitet haupts\u00e4chlich bei organisatorischen Aufgaben im B\u00fcro mit, unterst\u00fctzt die Organisation und Durchf\u00fchrung des Festivals (u.a. \u00d6ffentlichkeitsarbeit und Dokumentation) und soll an den AG&#8217;s und Sportangeboten mitwirken.<\/p>\n<p>&nbsp;<\/p>\n<p><b>In dieser Einsatzstelle k\u00f6nnen sich besonders gut Menschen einbringen, die\u2026<\/b><\/p>\n<ul>\n<li><span lang=\"de-DE\">Interesse an der vielf\u00e4ltigen <\/span><span lang=\"de-DE\">mosambikanischen Kultur haben<\/span><\/li>\n<li>Spa\u00df an organisatorischer Arbeit mitbringen<\/li>\n<li>Vorkenntnisse in oder Interesse an Webdesign, Grafikdesign und \u00d6ffentlichkeitsarbeit verf\u00fcgen<\/li>\n<li><span lang=\"de-DE\">Erfahrung <\/span><span lang=\"de-DE\">in der <\/span><span lang=\"de-DE\">A<\/span><span lang=\"de-DE\">rbeit mit Kindern und Jugendlichen haben<\/span><\/li>\n<li>Kommunikativ sind, gute Englisch sprechen und Portugiesisch lernen wollen<\/li>\n<li>gerne Fu\u00dfball oder Rugby spielen<\/li>\n<li>Lust haben, in einer Gastfamilie in der Umgebung des Projekts zu leben und dort sozial und kulturell eingebunden zu werden<\/li>\n<\/ul>\n<p>Mehr \u00fcber Iverca findest du auf ihrer <a href=\"http:\/\/www.iverca.org\/\">Webseite. <\/a>Eindr\u00fccke vom einem der Festivals gibt es <a href=\"https:\/\/www.youtube.com\/watch?v=nLff0r3vkjs\">hier.<\/a><\/p>\n<p><img decoding=\"async\" loading=\"lazy\" class=\"alignright size-full wp-image-2313\" src=\"http:\/\/www.alegro-weltweit.de\/wordpress_neu\/wp-content\/uploads\/2018\/11\/mafalala-festival3-e1542657575151.jpg\" alt=\"\" width=\"864\" height=\"556\" srcset=\"http:\/\/www.alegro-weltweit.de\/wordpress_neu\/wp-content\/uploads\/2018\/11\/mafalala-festival3-e1542657575151.jpg 864w, http:\/\/www.alegro-weltweit.de\/wordpress_neu\/wp-content\/uploads\/2018\/11\/mafalala-festival3-e1542657575151-150x97.jpg 150w, http:\/\/www.alegro-weltweit.de\/wordpress_neu\/wp-content\/uploads\/2018\/11\/mafalala-festival3-e1542657575151-300x193.jpg 300w, http:\/\/www.alegro-weltweit.de\/wordpress_neu\/wp-content\/uploads\/2018\/11\/mafalala-festival3-e1542657575151-768x494.jpg 768w\" sizes=\"(max-width: 864px) 100vw, 864px\" \/><\/p>\n","protected":false},"excerpt":{"rendered":"<p>Die Associa\u00e7\u00e3o IVERCA \u2013 Turismo, Cultura e Meio Ambiente hat seinen Sitz in Mafalala, Maputo. Der Verein ist sehr im Stadtteil verwurzelt und setzt sich vor Ort f\u00fcr die Entwicklung<\/p>\n","protected":false},"author":6,"featured_media":0,"parent":0,"menu_order":0,"comment_status":"closed","ping_status":"closed","template":"","meta":[],"_links":{"self":[{"href":"http:\/\/www.alegro-weltweit.de\/wordpress_neu\/wp-json\/wp\/v2\/pages\/1628"}],"collection":[{"href":"http:\/\/www.alegro-weltweit.de\/wordpress_neu\/wp-json\/wp\/v2\/pages"}],"about":[{"href":"http:\/\/www.alegro-weltweit.de\/wordpress_neu\/wp-json\/wp\/v2\/types\/page"}],"author":[{"embeddable":true,"href":"http:\/\/www.alegro-weltweit.de\/wordpress_neu\/wp-json\/wp\/v2\/users\/6"}],"replies":[{"embeddable":true,"href":"http:\/\/www.alegro-weltweit.de\/wordpress_neu\/wp-json\/wp\/v2\/comments?post=1628"}],"version-history":[{"count":18,"href":"http:\/\/www.alegro-weltweit.de\/wordpress_neu\/wp-json\/wp\/v2\/pages\/1628\/revisions"}],"predecessor-version":[{"id":2504,"href":"http:\/\/www.alegro-weltweit.de\/wordpress_neu\/wp-json\/wp\/v2\/pages\/1628\/revisions\/2504"}],"wp:attachment":[{"href":"http:\/\/www.alegro-weltweit.de\/wordpress_neu\/wp-json\/wp\/v2\/media?parent=1628"}],"curies":[{"name":"wp","href":"https:\/\/api.w.org\/{rel}","templated":true}]}}