{"id":1655,"date":"2017-05-13T09:46:08","date_gmt":"2017-05-13T09:46:08","guid":{"rendered":"http:\/\/www.alegro-weltweit.de\/wordpress_neu\/?page_id=1655"},"modified":"2020-06-16T12:39:18","modified_gmt":"2020-06-16T11:39:18","slug":"triangulo","status":"publish","type":"page","link":"http:\/\/www.alegro-weltweit.de\/wordpress_neu\/triangulo\/","title":{"rendered":"Fundaci\u00f3n El Tri\u00e1ngulo"},"content":{"rendered":"<p><img decoding=\"async\" loading=\"lazy\" class=\"wp-image-2323 size-medium alignright\" src=\"http:\/\/www.alegro-weltweit.de\/wordpress_neu\/wp-content\/uploads\/2018\/11\/Fundacion-el-Triangulo-5-300x200.jpg\" alt=\"\" width=\"300\" height=\"200\" srcset=\"http:\/\/www.alegro-weltweit.de\/wordpress_neu\/wp-content\/uploads\/2018\/11\/Fundacion-el-Triangulo-5-300x200.jpg 300w, http:\/\/www.alegro-weltweit.de\/wordpress_neu\/wp-content\/uploads\/2018\/11\/Fundacion-el-Triangulo-5-150x100.jpg 150w, http:\/\/www.alegro-weltweit.de\/wordpress_neu\/wp-content\/uploads\/2018\/11\/Fundacion-el-Triangulo-5.jpg 682w\" sizes=\"(max-width: 300px) 100vw, 300px\" \/>Die Fundaci\u00f3n El Tri\u00e1ngulo ist ein Zentrum f\u00fcr integrative Bildung f\u00fcr Menschen mit geistigen Behinderungen mit dem Leitmotiv: &#8222;Alle sind gleich. Alle sind anders&#8220;. Das Ziel des Projekts ist es durch Theater, Tanz und Musik die k\u00fcnstlerischen F\u00e4higkeiten der Kinder und Erwachsenen zu entwickeln und ihnen eine Ausbildung zu erm\u00f6glichen.<\/p>\n<p>Das Zentrum umfasst eine Schule und einen Kindergarten und verf\u00fcgt zudem \u00fcber einen einen Theatersaal, einen Tanzraum und R\u00e4umlichkeiten f\u00fcr Physiotherapie. Es werden Menschen im Alter zwischen 3 und 58 Jahren in unterschiedlichen Gruppen nach individuellen St\u00e4rken gemeinsam\u00a0unterrichtet.\u00a0Mit dem Konzept der\u00a0<img decoding=\"async\" loading=\"lazy\" class=\"wp-image-2326 size-medium alignleft\" style=\"font-size: 16px;\" src=\"http:\/\/www.alegro-weltweit.de\/wordpress_neu\/wp-content\/uploads\/2018\/11\/Suenos-Florencia-Luna093-300x200.jpg\" alt=\"\" width=\"300\" height=\"200\" srcset=\"http:\/\/www.alegro-weltweit.de\/wordpress_neu\/wp-content\/uploads\/2018\/11\/Suenos-Florencia-Luna093-300x200.jpg 300w, http:\/\/www.alegro-weltweit.de\/wordpress_neu\/wp-content\/uploads\/2018\/11\/Suenos-Florencia-Luna093-150x100.jpg 150w, http:\/\/www.alegro-weltweit.de\/wordpress_neu\/wp-content\/uploads\/2018\/11\/Suenos-Florencia-Luna093.jpg 600w\" sizes=\"(max-width: 300px) 100vw, 300px\" \/>Fundaci\u00f3n el Tri\u00e1ngulo werden Menschen mit Behinderung als aktive Individuen mit spezifischen Aufgaben in der Gesellschaft definiert, die ein respektvolles, selbstbestimmtes und authentisches Leben f\u00fchren m\u00f6chten. Kultur gilt als integratives Werkzeug f\u00fcr einer Gesellschaft, in der alle ihren Platz finden sollen.<\/p>\n<p>&nbsp;<\/p>\n<p>Die*der Freiwillige wird eine oder mehrere Klassenlehrer*innen als Assistent*in beim Unterricht begleiten und bei allen anstehenden Aufgaben mitwirken.\u00a0<img decoding=\"async\" loading=\"lazy\" class=\"wp-image-2320 size-medium alignright\" src=\"http:\/\/www.alegro-weltweit.de\/wordpress_neu\/wp-content\/uploads\/2018\/11\/Fundacion-el-Triangulo-2-e1542660043930-300x211.jpg\" alt=\"\" width=\"300\" height=\"211\" srcset=\"http:\/\/www.alegro-weltweit.de\/wordpress_neu\/wp-content\/uploads\/2018\/11\/Fundacion-el-Triangulo-2-e1542660043930-300x211.jpg 300w, http:\/\/www.alegro-weltweit.de\/wordpress_neu\/wp-content\/uploads\/2018\/11\/Fundacion-el-Triangulo-2-e1542660043930-150x106.jpg 150w, http:\/\/www.alegro-weltweit.de\/wordpress_neu\/wp-content\/uploads\/2018\/11\/Fundacion-el-Triangulo-2-e1542660043930.jpg 386w\" sizes=\"(max-width: 300px) 100vw, 300px\" \/>Er*Sie unterst\u00fctzt zum einen die Lehrkr\u00e4fte, zum anderen begleitet er*sie\u00a0die Kinder durch den Tag und hilft\u00a0gezielt einzelne Kinder bei ihren Schulaufgaben. Auch bei der Gestaltung und Durchf\u00fchrung der Theater-, Kunst- und Tanzgruppen kann der*die Freiwillige unterst\u00fctzen und sich entsprechend eigener Interessen mit eigenen Ideen und Projekten im k\u00fcnstlerischen Bereich einbringen.<\/p>\n<p><span lang=\"de-DE\"><b>In dieser Einsatzstelle k\u00f6nnen sich besonders gut Menschen einbringen, die\u2026<\/b><\/span><\/p>\n<ul>\n<li>\u00a0Lust darauf haben mit Menschen mit geistigen Beeintr\u00e4chtigungen zusammenzuarbeiten.<\/li>\n<li>Erfahrungen mit der Arbeit mit Kindern und Jugendlichen haben.<\/li>\n<li>Interesse an k\u00fcnstlerischen Aufgaben vor allem im Bereich Theater und Tanz haben.<\/li>\n<li>Lust darauf haben, die Kinder und Jugendlichen in ihrer k\u00fcnsterlerischen Entwicklung zu unterst\u00fctzen und gemeinsam mit ihnen Kunst und Kultur zu schaffen.<\/li>\n<li>gerne in der recht klaren Struktur einer Schule arbeiten m\u00f6chten.<\/li>\n<li>gerne in einer Gro\u00dfstadt leben wollen.<\/li>\n<\/ul>\n<p><iframe loading=\"lazy\" width=\"540\" height=\"304\" src=\"https:\/\/www.youtube.com\/embed\/-4rHJk88IYs?feature=oembed\" frameborder=\"0\" allow=\"accelerometer; autoplay; encrypted-media; gyroscope; picture-in-picture\" allowfullscreen><\/iframe><\/p>\n","protected":false},"excerpt":{"rendered":"<p>Die Fundaci\u00f3n El Tri\u00e1ngulo ist ein Zentrum f\u00fcr integrative Bildung f\u00fcr Menschen mit geistigen Behinderungen mit dem Leitmotiv: &#8222;Alle sind gleich. Alle sind anders&#8220;. Das Ziel des Projekts ist es<\/p>\n","protected":false},"author":6,"featured_media":0,"parent":0,"menu_order":0,"comment_status":"closed","ping_status":"closed","template":"","meta":[],"_links":{"self":[{"href":"http:\/\/www.alegro-weltweit.de\/wordpress_neu\/wp-json\/wp\/v2\/pages\/1655"}],"collection":[{"href":"http:\/\/www.alegro-weltweit.de\/wordpress_neu\/wp-json\/wp\/v2\/pages"}],"about":[{"href":"http:\/\/www.alegro-weltweit.de\/wordpress_neu\/wp-json\/wp\/v2\/types\/page"}],"author":[{"embeddable":true,"href":"http:\/\/www.alegro-weltweit.de\/wordpress_neu\/wp-json\/wp\/v2\/users\/6"}],"replies":[{"embeddable":true,"href":"http:\/\/www.alegro-weltweit.de\/wordpress_neu\/wp-json\/wp\/v2\/comments?post=1655"}],"version-history":[{"count":12,"href":"http:\/\/www.alegro-weltweit.de\/wordpress_neu\/wp-json\/wp\/v2\/pages\/1655\/revisions"}],"predecessor-version":[{"id":2961,"href":"http:\/\/www.alegro-weltweit.de\/wordpress_neu\/wp-json\/wp\/v2\/pages\/1655\/revisions\/2961"}],"wp:attachment":[{"href":"http:\/\/www.alegro-weltweit.de\/wordpress_neu\/wp-json\/wp\/v2\/media?parent=1655"}],"curies":[{"name":"wp","href":"https:\/\/api.w.org\/{rel}","templated":true}]}}