{"id":1986,"date":"2018-01-11T01:50:46","date_gmt":"2018-01-11T00:50:46","guid":{"rendered":"http:\/\/www.alegro-weltweit.de\/wordpress_neu\/?page_id=1986"},"modified":"2018-01-11T01:50:46","modified_gmt":"2018-01-11T00:50:46","slug":"initiative-bauen-wohnen-arbeiten-e-v","status":"publish","type":"page","link":"http:\/\/www.alegro-weltweit.de\/wordpress_neu\/einsatzstellen_espanol\/initiative-bauen-wohnen-arbeiten-e-v\/","title":{"rendered":"Initiative Bauen Wohnen Arbeiten e.V"},"content":{"rendered":"<p>Por sus siglas en alem\u00e1n significa Iniciativa Construir Vivir Trabajar. Este proyecto integra y cualifica a personas que no tienen una vivienda y a personas que est\u00e1n desempleados por mucho tiempo, muchas sufren de limitaciones f\u00edsicas, psicol\u00f3gicas, profesionales y sociales.<\/p>\n<p>El enfoque es el tratamiento de adicciones y limitaciones psicol\u00f3gicas a trav\u00e9s de la ayuda para la autoayuda, incentivando la autonom\u00eda y brindando oportunidades a todo tipo de personas. El foco del proyecto son familias, adultos, tercera edad y discapacitados.<\/p>\n<p>La manera como se integran a estas personas en el proyecto es a trav\u00e9s de diferentes trabajos que ellos pueden realizar, adem\u00e1s de brindar espacio y vivienda a las personas que no lo tienen.<\/p>\n<p>Las distintas \u00e1reas de trabajo son: Construcci\u00f3n, Talleres de madera y metal,\u00a0 Reciclaje, Jardiner\u00eda, Cuidado de animales dom\u00e9sticos, Gastronom\u00eda, Servicio y Limpieza, Cuidado de ni\u00f1os, Trabajo en la oficina.<\/p>\n<p>Como voluntario tu trabajo es muy amplio y variado, puedes trabajar en cualquiera de estas \u00e1reas, brindando apoyo a las personas que son beneficiadas por el proyecto.<\/p>\n<p>Es adem\u00e1s una interesante oportunidad para conocer otra realidad de Alemania.<\/p>\n<p>M\u00e1s informaci\u00f3n: <a href=\"http:\/\/www.bauenwohnenarbeiten.de\/\">http:\/\/www.bauenwohnenarbeiten.de\/<\/a><\/p>\n","protected":false},"excerpt":{"rendered":"<p>Por sus siglas en alem\u00e1n significa Iniciativa Construir Vivir Trabajar. Este proyecto integra y cualifica a personas que no tienen una vivienda y a personas que est\u00e1n desempleados por mucho<\/p>\n","protected":false},"author":14,"featured_media":0,"parent":97,"menu_order":0,"comment_status":"closed","ping_status":"closed","template":"","meta":[],"_links":{"self":[{"href":"http:\/\/www.alegro-weltweit.de\/wordpress_neu\/wp-json\/wp\/v2\/pages\/1986"}],"collection":[{"href":"http:\/\/www.alegro-weltweit.de\/wordpress_neu\/wp-json\/wp\/v2\/pages"}],"about":[{"href":"http:\/\/www.alegro-weltweit.de\/wordpress_neu\/wp-json\/wp\/v2\/types\/page"}],"author":[{"embeddable":true,"href":"http:\/\/www.alegro-weltweit.de\/wordpress_neu\/wp-json\/wp\/v2\/users\/14"}],"replies":[{"embeddable":true,"href":"http:\/\/www.alegro-weltweit.de\/wordpress_neu\/wp-json\/wp\/v2\/comments?post=1986"}],"version-history":[{"count":2,"href":"http:\/\/www.alegro-weltweit.de\/wordpress_neu\/wp-json\/wp\/v2\/pages\/1986\/revisions"}],"predecessor-version":[{"id":1989,"href":"http:\/\/www.alegro-weltweit.de\/wordpress_neu\/wp-json\/wp\/v2\/pages\/1986\/revisions\/1989"}],"up":[{"embeddable":true,"href":"http:\/\/www.alegro-weltweit.de\/wordpress_neu\/wp-json\/wp\/v2\/pages\/97"}],"wp:attachment":[{"href":"http:\/\/www.alegro-weltweit.de\/wordpress_neu\/wp-json\/wp\/v2\/media?parent=1986"}],"curies":[{"name":"wp","href":"https:\/\/api.w.org\/{rel}","templated":true}]}}