{"id":230,"date":"2014-01-03T23:29:54","date_gmt":"2014-01-03T23:29:54","guid":{"rendered":"http:\/\/www.alegro-weltweit.de\/wordpress_neu\/?page_id=230"},"modified":"2021-06-10T23:10:15","modified_gmt":"2021-06-10T22:10:15","slug":"quienes-somos","status":"publish","type":"page","link":"http:\/\/www.alegro-weltweit.de\/wordpress_neu\/espanol\/quienes-somos\/","title":{"rendered":"\u00bfQui\u00e9nes somos?"},"content":{"rendered":"<p>Alegro lo hacemos:<\/p>\n<p><strong>Team actual de la generaci\u00f3n Sur-Norte:<br \/>\n<\/strong><\/p>\n<p><img decoding=\"async\" loading=\"lazy\" class=\"alignnone wp-image-2966\" src=\"http:\/\/www.alegro-weltweit.de\/wordpress_neu\/wp-content\/uploads\/2020\/06\/R4-300x224.jpg\" alt=\"\" width=\"370\" height=\"276\" srcset=\"http:\/\/www.alegro-weltweit.de\/wordpress_neu\/wp-content\/uploads\/2020\/06\/R4-300x224.jpg 300w, http:\/\/www.alegro-weltweit.de\/wordpress_neu\/wp-content\/uploads\/2020\/06\/R4-150x112.jpg 150w, http:\/\/www.alegro-weltweit.de\/wordpress_neu\/wp-content\/uploads\/2020\/06\/R4.jpg 701w\" sizes=\"(max-width: 370px) 100vw, 370px\" \/><\/p>\n<p><img decoding=\"async\" loading=\"lazy\" class=\"alignnone wp-image-2971\" src=\"http:\/\/www.alegro-weltweit.de\/wordpress_neu\/wp-content\/uploads\/2020\/06\/Teamfoto-Ecua-300x200.jpg\" alt=\"\" width=\"388\" height=\"258\" \/><\/p>\n<p><strong>Team de la tercera generaci\u00f3n Sur-Norte:<\/strong><\/p>\n<p><img decoding=\"async\" loading=\"lazy\" class=\"alignnone wp-image-1883 \" src=\"http:\/\/www.alegro-weltweit.de\/wordpress_neu\/wp-content\/uploads\/2017\/11\/DSC_0136-1024x683.jpg\" alt=\"\" width=\"435\" height=\"290\" srcset=\"http:\/\/www.alegro-weltweit.de\/wordpress_neu\/wp-content\/uploads\/2017\/11\/DSC_0136-1024x683.jpg 1024w, http:\/\/www.alegro-weltweit.de\/wordpress_neu\/wp-content\/uploads\/2017\/11\/DSC_0136-150x100.jpg 150w, http:\/\/www.alegro-weltweit.de\/wordpress_neu\/wp-content\/uploads\/2017\/11\/DSC_0136-300x200.jpg 300w, http:\/\/www.alegro-weltweit.de\/wordpress_neu\/wp-content\/uploads\/2017\/11\/DSC_0136-768x512.jpg 768w\" sizes=\"(max-width: 435px) 100vw, 435px\" \/><img decoding=\"async\" loading=\"lazy\" class=\"alignnone wp-image-1899\" src=\"http:\/\/www.alegro-weltweit.de\/wordpress_neu\/wp-content\/uploads\/2014\/01\/team-Ecuador.jpg\" alt=\"\" width=\"439\" height=\"288\" srcset=\"http:\/\/www.alegro-weltweit.de\/wordpress_neu\/wp-content\/uploads\/2014\/01\/team-Ecuador.jpg 734w, http:\/\/www.alegro-weltweit.de\/wordpress_neu\/wp-content\/uploads\/2014\/01\/team-Ecuador-150x98.jpg 150w, http:\/\/www.alegro-weltweit.de\/wordpress_neu\/wp-content\/uploads\/2014\/01\/team-Ecuador-300x197.jpg 300w\" sizes=\"(max-width: 439px) 100vw, 439px\" \/><\/p>\n<p>Otras personas activas de Alegro&#8230;<br \/>\n<img decoding=\"async\" loading=\"lazy\" class=\"alignnone wp-image-1114 \" src=\"http:\/\/www.alegro-weltweit.de\/wordpress_neu\/wp-content\/uploads\/2014\/01\/alegro.jpg\" alt=\"alegro\" width=\"416\" height=\"626\" srcset=\"http:\/\/www.alegro-weltweit.de\/wordpress_neu\/wp-content\/uploads\/2014\/01\/alegro.jpg 465w, http:\/\/www.alegro-weltweit.de\/wordpress_neu\/wp-content\/uploads\/2014\/01\/alegro-100x150.jpg 100w, http:\/\/www.alegro-weltweit.de\/wordpress_neu\/wp-content\/uploads\/2014\/01\/alegro-199x300.jpg 199w\" sizes=\"(max-width: 416px) 100vw, 416px\" \/><\/p>\n<p>&#8230;y muchxs m\u00e1s!<\/p>\n","protected":false},"excerpt":{"rendered":"<p>Alegro lo hacemos: Team actual de la generaci\u00f3n Sur-Norte: Team de la tercera generaci\u00f3n Sur-Norte: Otras personas activas de Alegro&#8230; &#8230;y muchxs m\u00e1s!<\/p>\n","protected":false},"author":5,"featured_media":0,"parent":66,"menu_order":0,"comment_status":"closed","ping_status":"open","template":"","meta":[],"_links":{"self":[{"href":"http:\/\/www.alegro-weltweit.de\/wordpress_neu\/wp-json\/wp\/v2\/pages\/230"}],"collection":[{"href":"http:\/\/www.alegro-weltweit.de\/wordpress_neu\/wp-json\/wp\/v2\/pages"}],"about":[{"href":"http:\/\/www.alegro-weltweit.de\/wordpress_neu\/wp-json\/wp\/v2\/types\/page"}],"author":[{"embeddable":true,"href":"http:\/\/www.alegro-weltweit.de\/wordpress_neu\/wp-json\/wp\/v2\/users\/5"}],"replies":[{"embeddable":true,"href":"http:\/\/www.alegro-weltweit.de\/wordpress_neu\/wp-json\/wp\/v2\/comments?post=230"}],"version-history":[{"count":19,"href":"http:\/\/www.alegro-weltweit.de\/wordpress_neu\/wp-json\/wp\/v2\/pages\/230\/revisions"}],"predecessor-version":[{"id":3718,"href":"http:\/\/www.alegro-weltweit.de\/wordpress_neu\/wp-json\/wp\/v2\/pages\/230\/revisions\/3718"}],"up":[{"embeddable":true,"href":"http:\/\/www.alegro-weltweit.de\/wordpress_neu\/wp-json\/wp\/v2\/pages\/66"}],"wp:attachment":[{"href":"http:\/\/www.alegro-weltweit.de\/wordpress_neu\/wp-json\/wp\/v2\/media?parent=230"}],"curies":[{"name":"wp","href":"https:\/\/api.w.org\/{rel}","templated":true}]}}