{"id":2358,"date":"2019-01-07T12:41:59","date_gmt":"2019-01-07T11:41:59","guid":{"rendered":"http:\/\/www.alegro-weltweit.de\/wordpress_neu\/?page_id=2358"},"modified":"2019-01-21T20:26:36","modified_gmt":"2019-01-21T19:26:36","slug":"pambilino-reservat","status":"publish","type":"page","link":"http:\/\/www.alegro-weltweit.de\/wordpress_neu\/pambilino-reservat\/","title":{"rendered":"Pambili\u00f1o Reservat"},"content":{"rendered":"<p>Pambili\u00f1o ist ein Naturreservat und eine \u00f6kologische Farm mit Bildungscharakter in Mashpi. Das Projekt wird von einer Gruppe junger ecuadorianischer und internationaler Menschen getragen, die die Liebe zu Natur eint sowie das Engagement f\u00fcr die Themen Nachhaltigkeit, gesunde und faire Ern\u00e4hrung, Schutz und Erhalt von Wasser, Wald und Boden und Umweltbildung.<\/p>\n<p>In Pambili\u00f1o wird mit Hilfe der Technik der Agroforestry (Waldgarten) Kakao und andere Nutzpflanzen im Einklang mit dem Wald angebaut. Ein gro\u00dfer Teil des Gel\u00e4ndes wird zum Schutz nicht landwirtschaftlich genutzt. Pambili\u00f1o versteht sich auch als Bildungszentrum und bietet regelm\u00e4\u00dfig Workshops an mit Schwerpunkten wie Wasserschutz, \u00d6kologie und Gesellschaft und Analog Forestry. Auch F\u00fchrungen und Workshops f\u00fcr Schulklassen und Reisegruppen werden angeboten. Pambili\u00f1o ist vernetzt mit anderen lokalen Initiativen und Bauern, die sich gemeinsam nachhaltige Entwicklung in der Region einsetzen. Der_die Freiwillige wird im Ort leben und bei unterschiedlichen Rervaten mithelfen und so diverse Einblicke erhalten.<\/p>\n<p>Die Freiwilligen werden zum einen in der Betreuung von Besucher_innen mitarbeuten. Dabei handelt es sich um Schulklassen, Reisegruppen und Gruppen von Forscher_innen.\u00a0 Die Aufgaben beinhalten Vor- und Nachbereitung der Besuche, F\u00fchrungen \u00fcber das Gel\u00e4nde und die (gemeinsame) Zubereitung von Essen. Bewusstes Kochen und Essen ist in Pambili\u00f1o wichtig und es wird versucht, den Weg vom Samen auf den Teller erfahrbar zu machen. Weiterhin gibt es die M\u00f6glichkeit nach Absprache, selber Workshops anzubieten oder auch kleine Umweltprojekte in der nahegelegenen Schule durchzuf\u00fchren.\u00a0 Weiterhin fallen k\u00f6rperliche Arbeiten im Landwirtschaftlichen Bereich und bei den Schutzma\u00dfnahmen f\u00fcr Wald &amp; Wasser an.<\/p>\n<p>Zum anderen sollen die Freiwilligen in der Landwirtschaft mithelfen, vor allem im \u00f6kologischen Anbau von Kakao, Kaffee und tropischen Fr\u00fcchten. Dies beinhaltet das Pflanzen, D\u00fcngen, J\u00e4ten und Ernten. Dabei kann der_die Freiwillige viel lernen \u00fcber nachhaltige Anbaumethoden und Analog Forestry lernen, eine Technik, die nat\u00fcrliche Waldstrukturen nutzt und immitiert. Auch die Zubereitung von Essen z\u00e4hlt zu Aufgaben \u2013 vom Samen auf den Teller.\u00a0 Es fallen Arbeiten im Bereich des Waldschutzes an (Pflanzensamen sammeln, B\u00e4ume pflanzen, Wegesicherung). Mitwirkung bei den Bildungsaktivit\u00e4ten in Pambili\u00f1o sind ebenso denkbar wie Aushilfe bei Projekten in der Umgebung (Orchideenzucht, \u00d6kotourismus)<\/p>\n<p>Mehr Informationen findet ihr hier: <a href=\"http:\/\/www.pambilino.org\" target=\"_blank\" rel=\"noopener\">http:\/\/www.pambilino.org<\/a><\/p>\n<p><strong>In dieser Einsatzstelle k\u00f6nnen sich besonders gut Menschen einbringen, die\u2026<\/strong><\/p>\n<ul>\n<li>Bereitschaft zu k\u00f6rperlicher Arbeit in warmen, feuchten Klimabedingungen (Nebelwald) mitbringen<\/li>\n<li>Lust auf Arbeit in der Natur und mit der Erde haben<\/li>\n<li>Interessiert sind an nachhaltiger Landwirtschaft, Ressourcenschutz, holistische Ern\u00e4hrung<\/li>\n<li>Offenheit haben, die eigenen Gewohnheiten zu ver\u00e4ndern (insbesondere Essgewohnheiten).<\/li>\n<li>Bereitschaft mitbringen, sich auf eine famili\u00e4re Gemeinschaft einzulassen, sich als Teil dieser zu begreifen und sich dementsprechend einzubringen<\/li>\n<li>Lust auf ein einfacheres, naturverbundenes Leben haben<\/li>\n<li>Bereit sind auf moderne Medien zu verzichten (kein Internet in der Reserva, wenig Telefonempfang)<\/li>\n<li>Kommunikationsf\u00e4higkeit und Offenheit f\u00fcr neue Menschen haben<\/li>\n<li>sich f\u00fcr Essen und Nahrung, vom Samen bis zum gekochten Gericht interessieren<\/li>\n<li>die \u00fcber Selbstst\u00e4ndigkeit verf\u00fcgen und sich ihren Arbeitsalltag in den unterschiedlichen Reservaten organisieren k\u00f6nnen<\/li>\n<\/ul>\n","protected":false},"excerpt":{"rendered":"<p>Pambili\u00f1o ist ein Naturreservat und eine \u00f6kologische Farm mit Bildungscharakter in Mashpi. Das Projekt wird von einer Gruppe junger ecuadorianischer und internationaler Menschen getragen, die die Liebe zu Natur eint<\/p>\n","protected":false},"author":5,"featured_media":0,"parent":0,"menu_order":0,"comment_status":"closed","ping_status":"closed","template":"","meta":[],"_links":{"self":[{"href":"http:\/\/www.alegro-weltweit.de\/wordpress_neu\/wp-json\/wp\/v2\/pages\/2358"}],"collection":[{"href":"http:\/\/www.alegro-weltweit.de\/wordpress_neu\/wp-json\/wp\/v2\/pages"}],"about":[{"href":"http:\/\/www.alegro-weltweit.de\/wordpress_neu\/wp-json\/wp\/v2\/types\/page"}],"author":[{"embeddable":true,"href":"http:\/\/www.alegro-weltweit.de\/wordpress_neu\/wp-json\/wp\/v2\/users\/5"}],"replies":[{"embeddable":true,"href":"http:\/\/www.alegro-weltweit.de\/wordpress_neu\/wp-json\/wp\/v2\/comments?post=2358"}],"version-history":[{"count":4,"href":"http:\/\/www.alegro-weltweit.de\/wordpress_neu\/wp-json\/wp\/v2\/pages\/2358\/revisions"}],"predecessor-version":[{"id":2415,"href":"http:\/\/www.alegro-weltweit.de\/wordpress_neu\/wp-json\/wp\/v2\/pages\/2358\/revisions\/2415"}],"wp:attachment":[{"href":"http:\/\/www.alegro-weltweit.de\/wordpress_neu\/wp-json\/wp\/v2\/media?parent=2358"}],"curies":[{"name":"wp","href":"https:\/\/api.w.org\/{rel}","templated":true}]}}