{"id":2382,"date":"2019-01-21T18:52:04","date_gmt":"2019-01-21T17:52:04","guid":{"rendered":"http:\/\/www.alegro-weltweit.de\/wordpress_neu\/?page_id=2382"},"modified":"2019-02-12T14:17:35","modified_gmt":"2019-02-12T13:17:35","slug":"cooperativa-de-educacao-ambiental-repensar","status":"publish","type":"page","link":"http:\/\/www.alegro-weltweit.de\/wordpress_neu\/cooperativa-de-educacao-ambiental-repensar\/","title":{"rendered":"Cooperativa de Educa\u00e7\u00e3o Ambiental Repensar\u00a0"},"content":{"rendered":"<p><img decoding=\"async\" loading=\"lazy\" class=\"wp-image-2387 size-medium alignright\" src=\"http:\/\/www.alegro-weltweit.de\/wordpress_neu\/wp-content\/uploads\/2019\/01\/CEAN-300x180.jpg\" alt=\"\" width=\"300\" height=\"180\" srcset=\"http:\/\/www.alegro-weltweit.de\/wordpress_neu\/wp-content\/uploads\/2019\/01\/CEAN-300x180.jpg 300w, http:\/\/www.alegro-weltweit.de\/wordpress_neu\/wp-content\/uploads\/2019\/01\/CEAN-150x90.jpg 150w, http:\/\/www.alegro-weltweit.de\/wordpress_neu\/wp-content\/uploads\/2019\/01\/CEAN-768x461.jpg 768w, http:\/\/www.alegro-weltweit.de\/wordpress_neu\/wp-content\/uploads\/2019\/01\/CEAN.jpg 960w\" sizes=\"(max-width: 300px) 100vw, 300px\" \/>Cooperativa de Educa\u00e7\u00e3o Ambiental ist ein Verein, der Umweltbildung an Schulen in Maputo und Matola durchf\u00fchrt. Mit dem Projekt ESCOLA ECOL\u00d3GICA &#8211; sementes para o futuro sind sie derzeit an sieben Schulen aktiv und f\u00fchren Umwelt-AGs und Fortbildungen f\u00fcr Lehrer_innen durch. In diesen AGs lernen die Sch\u00fcler*innen wie sie M\u00fcll vermeiden und aus Altem etwas Neues basteln k\u00f6nnen. Zudem organisiert CEAN gr\u00f6\u00dfere Reinigungsaktionen, u.a. zum World Clean Up Day.<\/p>\n<p><img decoding=\"async\" loading=\"lazy\" class=\"wp-image-2443 size-medium alignleft\" style=\"font-size: 16px;\" src=\"http:\/\/www.alegro-weltweit.de\/wordpress_neu\/wp-content\/uploads\/2019\/01\/Cean4-300x300.jpg\" alt=\"\" width=\"300\" height=\"300\" srcset=\"http:\/\/www.alegro-weltweit.de\/wordpress_neu\/wp-content\/uploads\/2019\/01\/Cean4-300x300.jpg 300w, http:\/\/www.alegro-weltweit.de\/wordpress_neu\/wp-content\/uploads\/2019\/01\/Cean4-150x150.jpg 150w, http:\/\/www.alegro-weltweit.de\/wordpress_neu\/wp-content\/uploads\/2019\/01\/Cean4-768x768.jpg 768w, http:\/\/www.alegro-weltweit.de\/wordpress_neu\/wp-content\/uploads\/2019\/01\/Cean4.jpg 960w\" sizes=\"(max-width: 300px) 100vw, 300px\" \/><\/p>\n<p>Aktuell befindet sich das Projekt in einer Umstrukturierung. Ab Fr\u00fchjahr 2019 sollen in den neuen R\u00e4umlichkeiten auch Fort- und Weiterbildungsangebote f\u00fcr (junge) Erwachsene stattfinden.<br \/>\nDer*die Freiwillige unterst\u00fctzt die Begleitung und Anleitung der AGs und hilft bei der \u00d6ffentlichkeitsarbeit des Vereins mit. Auch die Gestaltung und Organisation von Aktionen z.B. zum World Clean Up Day geh\u00f6ren zu den Aufgaben. Ideen f\u00fcr eigene Projekte und Aktionen sind willkommen.<\/p>\n<p>&nbsp;<\/p>\n<p><strong>In dieser Einsatzstelle k\u00f6nnen sich besonders gut Menschen einbringen, die\u2026<\/strong><\/p>\n<ul>\n<li>ein starkes Interesse an Umweltschutz und Nachhaltigkeit haben<\/li>\n<li>Erfahrung in der \u00d6ffentlichkeitsarbeit mitbringen<\/li>\n<li>Interesse an der Arbeit mit Kindern und Jugendlichen haben<\/li>\n<li>\u00fcber grundlegende Portugiesisch und gute Englischkenntnisse verf\u00fcgen<\/li>\n<li>\u00fcber organisatorisches Geschick verf\u00fcgen<\/li>\n<\/ul>\n","protected":false},"excerpt":{"rendered":"<p>Cooperativa de Educa\u00e7\u00e3o Ambiental ist ein Verein, der Umweltbildung an Schulen in Maputo und Matola durchf\u00fchrt. Mit dem Projekt ESCOLA ECOL\u00d3GICA &#8211; sementes para o futuro sind sie derzeit an<\/p>\n","protected":false},"author":5,"featured_media":0,"parent":0,"menu_order":0,"comment_status":"closed","ping_status":"closed","template":"","meta":[],"_links":{"self":[{"href":"http:\/\/www.alegro-weltweit.de\/wordpress_neu\/wp-json\/wp\/v2\/pages\/2382"}],"collection":[{"href":"http:\/\/www.alegro-weltweit.de\/wordpress_neu\/wp-json\/wp\/v2\/pages"}],"about":[{"href":"http:\/\/www.alegro-weltweit.de\/wordpress_neu\/wp-json\/wp\/v2\/types\/page"}],"author":[{"embeddable":true,"href":"http:\/\/www.alegro-weltweit.de\/wordpress_neu\/wp-json\/wp\/v2\/users\/5"}],"replies":[{"embeddable":true,"href":"http:\/\/www.alegro-weltweit.de\/wordpress_neu\/wp-json\/wp\/v2\/comments?post=2382"}],"version-history":[{"count":4,"href":"http:\/\/www.alegro-weltweit.de\/wordpress_neu\/wp-json\/wp\/v2\/pages\/2382\/revisions"}],"predecessor-version":[{"id":2503,"href":"http:\/\/www.alegro-weltweit.de\/wordpress_neu\/wp-json\/wp\/v2\/pages\/2382\/revisions\/2503"}],"wp:attachment":[{"href":"http:\/\/www.alegro-weltweit.de\/wordpress_neu\/wp-json\/wp\/v2\/media?parent=2382"}],"curies":[{"name":"wp","href":"https:\/\/api.w.org\/{rel}","templated":true}]}}