{"id":2391,"date":"2019-01-21T19:42:17","date_gmt":"2019-01-21T18:42:17","guid":{"rendered":"http:\/\/www.alegro-weltweit.de\/wordpress_neu\/?page_id=2391"},"modified":"2021-01-08T10:12:41","modified_gmt":"2021-01-08T09:12:41","slug":"muleide-associacao","status":"publish","type":"page","link":"http:\/\/www.alegro-weltweit.de\/wordpress_neu\/muleide-associacao\/","title":{"rendered":"Muleide Associa\u00e7\u00e3o"},"content":{"rendered":"<p><span style=\"font-family: Times New Roman, serif;\"><span style=\"font-size: medium;\">Associa\u00e7\u00e3o Mulher, Lei e Desenvolvimento (MULEIDE) setzt sich seit fast drei\u00dfig Jahren f\u00fcr die Rechte der Frauen in Mosambik und ihre Teilhabe in allen Bereichen der Gesellschaft ein. Das Hauptb\u00fcro, in dem der Freiwillige arbeiten wird, befindet sich in Maputo. Dar\u00fcber hinaus hat Muleide Niederlassungen und Projekte in anderen Teilen Mosambiks, wie z.B. im Distrikt Manhi\u00e7a, wo es ein gro\u00dfes Zentrum f\u00fcr die Aufnahme von Opfern h\u00e4uslicher Gewalt gibt, mit Bedingungen f\u00fcr ein menschenw\u00fcrdiges Leben.<\/span><\/span><\/p>\n<p><span style=\"font-family: Times New Roman, serif;\"><span style=\"font-size: medium;\">Die Arbeit von MULEIDE umfasst Bildungsprojekte zu Frauenrechten, wirtschaftlichem Empowerment von Frauen, Frauengesundheit (sexuelle und reproduktive Gesundheit und Rechte, HIV\/AIDS) und Bek\u00e4mpfung von Gewalt gegen Frauen. Dar\u00fcber hinaus organisiert Muleide politische Aktionen, Veranstaltungen und Konferenzen zu Frauenrechten und Geschlechtergleichstellung.<\/span><\/span><\/p>\n<p><img decoding=\"async\" loading=\"lazy\" class=\"alignleft wp-image-2495 size-full\" src=\"http:\/\/www.alegro-weltweit.de\/wordpress_neu\/wp-content\/uploads\/2019\/02\/Muleide2.jpg\" alt=\"\" width=\"960\" height=\"540\" srcset=\"http:\/\/www.alegro-weltweit.de\/wordpress_neu\/wp-content\/uploads\/2019\/02\/Muleide2.jpg 960w, http:\/\/www.alegro-weltweit.de\/wordpress_neu\/wp-content\/uploads\/2019\/02\/Muleide2-150x84.jpg 150w, http:\/\/www.alegro-weltweit.de\/wordpress_neu\/wp-content\/uploads\/2019\/02\/Muleide2-300x169.jpg 300w, http:\/\/www.alegro-weltweit.de\/wordpress_neu\/wp-content\/uploads\/2019\/02\/Muleide2-768x432.jpg 768w\" sizes=\"(max-width: 960px) 100vw, 960px\" \/><\/p>\n<p><span style=\"font-family: Times New Roman, serif;\"><span style=\"font-size: medium;\">Der Freiwillige wird haupts\u00e4chlich f\u00fcr organisatorische Aufgaben zust\u00e4ndig sein. Dazu geh\u00f6rt die Vernetzung mit Menschenrechtsorganisationen und anderen Projektpartnern sowie die Mithilfe bei der Organisation von Vortr\u00e4gen, Konferenzen, politischen Aktionen und anderen Veranstaltungen. Der Freiwillige wird auch bei der Durchf\u00fchrung von Sensibilisierungsworkshops in den Stadtteilen sowie bei der Organisation von Austauschm\u00f6glichkeiten zwischen jungen Aktivisten helfen.<\/span><\/span><\/p>\n<p><img decoding=\"async\" loading=\"lazy\" class=\"alignright wp-image-2389 \" style=\"font-size: 16px;\" src=\"http:\/\/www.alegro-weltweit.de\/wordpress_neu\/wp-content\/uploads\/2019\/01\/Muleide-300x169.jpg\" alt=\"\" width=\"246\" height=\"138\" srcset=\"http:\/\/www.alegro-weltweit.de\/wordpress_neu\/wp-content\/uploads\/2019\/01\/Muleide-300x169.jpg 300w, http:\/\/www.alegro-weltweit.de\/wordpress_neu\/wp-content\/uploads\/2019\/01\/Muleide-150x84.jpg 150w, http:\/\/www.alegro-weltweit.de\/wordpress_neu\/wp-content\/uploads\/2019\/01\/Muleide-768x432.jpg 768w, http:\/\/www.alegro-weltweit.de\/wordpress_neu\/wp-content\/uploads\/2019\/01\/Muleide.jpg 960w\" sizes=\"(max-width: 246px) 100vw, 246px\" \/><\/p>\n<p><span style=\"font-family: Times New Roman, serif;\"><span style=\"font-size: medium;\">Er\/sie wird Gruppen von Jugendlichen begleiten und an Trainings- und Austauschprogrammen f\u00fcr M\u00e4dchen und junge Frauen teilnehmen. Au\u00dferdem m\u00f6chte Muleide, dass der Freiwillige in die \u00d6ffentlichkeitsarbeit eingebunden wird und so zur Sichtbarkeit der Organisation beitr\u00e4gt.<\/span><\/span><\/p>\n<p><span style=\"font-family: Times New Roman, serif;\"><span style=\"font-size: x-large;\"><b><strong><span style=\"font-size: medium;\">In dieser Einsatzstelle k\u00f6nnen sich besonders gut Menschen einbringen, die\u2026<\/span><\/strong><\/b><\/span><\/span><\/p>\n<ul>\n<li><span style=\"font-family: Times New Roman, serif;\"><span style=\"font-size: medium;\">Interesse an Frauenrechtsarbeit haben und eine feministische Grundeinstellung mitbringen <\/span><\/span><\/li>\n<li><span style=\"font-family: Times New Roman, serif;\"><span style=\"font-size: medium;\">sich f\u00fcr die Arbeit in lokalen Gemeinschaften und f\u00fcr die Begegnung mit besonders benachteiligten Frauen und M\u00e4dchen, sowie deren Geschichten und Lebenssituationen interessieren <\/span><\/span><\/li>\n<li><span style=\"font-family: Times New Roman, serif;\"><span style=\"font-size: medium;\">einen sensiblen und kritischen Umgang mit unterschiedlichen Verst\u00e4ndnissen von Frauenrechtsarbeit und Geschlechterverh\u00e4ltnissen haben <\/span><\/span><\/li>\n<li><span style=\"font-family: Times New Roman, serif;\"><span style=\"font-size: medium;\">gut im organisieren sind und selbstst\u00e4ndig und verantwortungsvoll Aufgaben \u00fcbernehmen k\u00f6nnen <\/span><\/span><\/li>\n<\/ul>\n","protected":false},"excerpt":{"rendered":"<p>Associa\u00e7\u00e3o Mulher, Lei e Desenvolvimento (MULEIDE) setzt sich seit fast drei\u00dfig Jahren f\u00fcr die Rechte der Frauen in Mosambik und ihre Teilhabe in allen Bereichen der Gesellschaft ein. Das Hauptb\u00fcro,<\/p>\n","protected":false},"author":5,"featured_media":0,"parent":0,"menu_order":0,"comment_status":"closed","ping_status":"closed","template":"","meta":[],"_links":{"self":[{"href":"http:\/\/www.alegro-weltweit.de\/wordpress_neu\/wp-json\/wp\/v2\/pages\/2391"}],"collection":[{"href":"http:\/\/www.alegro-weltweit.de\/wordpress_neu\/wp-json\/wp\/v2\/pages"}],"about":[{"href":"http:\/\/www.alegro-weltweit.de\/wordpress_neu\/wp-json\/wp\/v2\/types\/page"}],"author":[{"embeddable":true,"href":"http:\/\/www.alegro-weltweit.de\/wordpress_neu\/wp-json\/wp\/v2\/users\/5"}],"replies":[{"embeddable":true,"href":"http:\/\/www.alegro-weltweit.de\/wordpress_neu\/wp-json\/wp\/v2\/comments?post=2391"}],"version-history":[{"count":11,"href":"http:\/\/www.alegro-weltweit.de\/wordpress_neu\/wp-json\/wp\/v2\/pages\/2391\/revisions"}],"predecessor-version":[{"id":3294,"href":"http:\/\/www.alegro-weltweit.de\/wordpress_neu\/wp-json\/wp\/v2\/pages\/2391\/revisions\/3294"}],"wp:attachment":[{"href":"http:\/\/www.alegro-weltweit.de\/wordpress_neu\/wp-json\/wp\/v2\/media?parent=2391"}],"curies":[{"name":"wp","href":"https:\/\/api.w.org\/{rel}","templated":true}]}}