{"id":2399,"date":"2019-01-21T19:52:07","date_gmt":"2019-01-21T18:52:07","guid":{"rendered":"http:\/\/www.alegro-weltweit.de\/wordpress_neu\/?page_id=2399"},"modified":"2019-02-27T09:16:25","modified_gmt":"2019-02-27T08:16:25","slug":"xitata-atelier-escola-de-lutheria","status":"publish","type":"page","link":"http:\/\/www.alegro-weltweit.de\/wordpress_neu\/xitata-atelier-escola-de-lutheria\/","title":{"rendered":"Xitata"},"content":{"rendered":"<p><img decoding=\"async\" loading=\"lazy\" class=\"alignright size-full wp-image-2411\" src=\"http:\/\/www.alegro-weltweit.de\/wordpress_neu\/wp-content\/uploads\/2019\/01\/Xitata2-1.jpg\" alt=\"\" width=\"851\" height=\"315\" srcset=\"http:\/\/www.alegro-weltweit.de\/wordpress_neu\/wp-content\/uploads\/2019\/01\/Xitata2-1.jpg 851w, http:\/\/www.alegro-weltweit.de\/wordpress_neu\/wp-content\/uploads\/2019\/01\/Xitata2-1-150x56.jpg 150w, http:\/\/www.alegro-weltweit.de\/wordpress_neu\/wp-content\/uploads\/2019\/01\/Xitata2-1-300x111.jpg 300w, http:\/\/www.alegro-weltweit.de\/wordpress_neu\/wp-content\/uploads\/2019\/01\/Xitata2-1-768x284.jpg 768w\" sizes=\"(max-width: 851px) 100vw, 851px\" \/>Xitata ist eine Instrumentenwerkstatt, die sich mit traditioneller Musik in Mosambik und anderen afrikanischen L\u00e4ndern auseinandersetzt. Sie versuchen die lokale Musik zu bewahren und zu st\u00e4rken und so ein wichtiges kulturelles Erbe zu sch\u00fctzen. Dabei setzten sie auf die Vielfalt und Koexistenz von Kulturen und Rhythmen. Sie engagieren sich daf\u00fcr, die Musikproduktion zu demokratisieren und zu entkolonialisieren, sowie zu einer Diversit\u00e4t beizutragen, die den vereinheitlichenden Tendenzen der Globalisierung etwas entgegensetzt.<\/p>\n<p>Ein besonderen Fokus liegt auf der Arbeit an und mit der Mbira (mosambikanischer Name f\u00fcr Kalimba). In der Werkstatt werden die Instrumente hergestellt und im Rahmen von Kurse kann die Herstellung und das Spielen erlernt werden.\u00a0Sie setzen dabei auf eine nachhaltige Produktion und versuchen m\u00f6glichst naturnah und ressourcenschonend zu arbeiten.<\/p>\n<p>Au\u00dferdem kooperiert das Projekt mit \u00f6ffentlichen Schulen in Maputo und bietet dort Workshops zu kultureller Vielfalt und Musik an.<\/p>\n<p>&nbsp;<\/p>\n<p><span style=\"font-size: large;\"><b>T\u00e4tigkeitsbeschreibung:<\/b><\/span><\/p>\n<ul>\n<li><span style=\"color: #111111;\"><span style=\"font-family: Calibri, sans-serif;\"><span style=\"font-size: medium;\">\u00d6ffentlichkeitsarbeit<\/span><\/span><\/span><\/li>\n<li><span style=\"color: #111111;\"><span style=\"font-family: Calibri, sans-serif;\"><span style=\"font-size: medium;\">Begleitung der Schulworkshops<\/span><\/span><\/span><\/li>\n<li><span style=\"color: #111111;\"><span style=\"font-family: Calibri, sans-serif;\"><span style=\"font-size: medium;\">Hilfe bei der Herstellung der Instrumente<\/span><\/span><\/span><\/li>\n<li><span style=\"color: #111111;\"><span style=\"font-family: Calibri, sans-serif;\"><span style=\"font-size: medium;\">Recycling und Aufarbeitung von Materialien<\/span><\/span><\/span><\/li>\n<li><span style=\"color: #111111;\"><span style=\"font-family: Calibri, sans-serif;\"><span style=\"font-size: medium;\">Gestaltung und Organisation von eigenen Projekten und Aktionen<\/span><\/span><\/span><\/li>\n<\/ul>\n<p>&nbsp;<\/p>\n<p><span style=\"font-size: large;\"><b>Freiwilligenanforderung: <\/b><\/span><\/p>\n<ul>\n<li>starkes Interesse an Musik und Musikinstrumenten<\/li>\n<li>starkes Interesse am sozialen und gesellschaftlichen Kontext Mosambiks<\/li>\n<li>Handwerklichen Geschick<\/li>\n<li>Kommunikative F\u00e4higkeiten und Teamf\u00e4higkeit<\/li>\n<li>Interesse an der Arbeit mit Kindern und Jugendlichen<\/li>\n<li>Offenheit, Kreativit\u00e4t und Selbstst\u00e4ndigkeit<\/li>\n<\/ul>\n<p><img decoding=\"async\" loading=\"lazy\" class=\"alignright size-full wp-image-2409\" src=\"http:\/\/www.alegro-weltweit.de\/wordpress_neu\/wp-content\/uploads\/2019\/01\/Xitata3.jpg\" alt=\"\" width=\"960\" height=\"540\" srcset=\"http:\/\/www.alegro-weltweit.de\/wordpress_neu\/wp-content\/uploads\/2019\/01\/Xitata3.jpg 960w, http:\/\/www.alegro-weltweit.de\/wordpress_neu\/wp-content\/uploads\/2019\/01\/Xitata3-150x84.jpg 150w, http:\/\/www.alegro-weltweit.de\/wordpress_neu\/wp-content\/uploads\/2019\/01\/Xitata3-300x169.jpg 300w, http:\/\/www.alegro-weltweit.de\/wordpress_neu\/wp-content\/uploads\/2019\/01\/Xitata3-768x432.jpg 768w\" sizes=\"(max-width: 960px) 100vw, 960px\" \/><\/p>\n","protected":false},"excerpt":{"rendered":"<p>Xitata ist eine Instrumentenwerkstatt, die sich mit traditioneller Musik in Mosambik und anderen afrikanischen L\u00e4ndern auseinandersetzt. Sie versuchen die lokale Musik zu bewahren und zu st\u00e4rken und so ein wichtiges<\/p>\n","protected":false},"author":5,"featured_media":0,"parent":0,"menu_order":0,"comment_status":"closed","ping_status":"closed","template":"","meta":[],"_links":{"self":[{"href":"http:\/\/www.alegro-weltweit.de\/wordpress_neu\/wp-json\/wp\/v2\/pages\/2399"}],"collection":[{"href":"http:\/\/www.alegro-weltweit.de\/wordpress_neu\/wp-json\/wp\/v2\/pages"}],"about":[{"href":"http:\/\/www.alegro-weltweit.de\/wordpress_neu\/wp-json\/wp\/v2\/types\/page"}],"author":[{"embeddable":true,"href":"http:\/\/www.alegro-weltweit.de\/wordpress_neu\/wp-json\/wp\/v2\/users\/5"}],"replies":[{"embeddable":true,"href":"http:\/\/www.alegro-weltweit.de\/wordpress_neu\/wp-json\/wp\/v2\/comments?post=2399"}],"version-history":[{"count":14,"href":"http:\/\/www.alegro-weltweit.de\/wordpress_neu\/wp-json\/wp\/v2\/pages\/2399\/revisions"}],"predecessor-version":[{"id":2512,"href":"http:\/\/www.alegro-weltweit.de\/wordpress_neu\/wp-json\/wp\/v2\/pages\/2399\/revisions\/2512"}],"wp:attachment":[{"href":"http:\/\/www.alegro-weltweit.de\/wordpress_neu\/wp-json\/wp\/v2\/media?parent=2399"}],"curies":[{"name":"wp","href":"https:\/\/api.w.org\/{rel}","templated":true}]}}