{"id":2416,"date":"2019-01-21T20:39:02","date_gmt":"2019-01-21T19:39:02","guid":{"rendered":"http:\/\/www.alegro-weltweit.de\/wordpress_neu\/?page_id=2416"},"modified":"2019-01-22T10:00:51","modified_gmt":"2019-01-22T09:00:51","slug":"kallpa-warmi","status":"publish","type":"page","link":"http:\/\/www.alegro-weltweit.de\/wordpress_neu\/kallpa-warmi\/","title":{"rendered":"Kallpa Warmi"},"content":{"rendered":"<p><img decoding=\"async\" loading=\"lazy\" class=\"wp-image-2435 size-medium alignleft\" style=\"font-size: 16px;\" src=\"http:\/\/www.alegro-weltweit.de\/wordpress_neu\/wp-content\/uploads\/2019\/01\/Kallpa-Warmi2-300x225.jpg\" alt=\"\" width=\"300\" height=\"225\" srcset=\"http:\/\/www.alegro-weltweit.de\/wordpress_neu\/wp-content\/uploads\/2019\/01\/Kallpa-Warmi2-300x225.jpg 300w, http:\/\/www.alegro-weltweit.de\/wordpress_neu\/wp-content\/uploads\/2019\/01\/Kallpa-Warmi2-150x113.jpg 150w, http:\/\/www.alegro-weltweit.de\/wordpress_neu\/wp-content\/uploads\/2019\/01\/Kallpa-Warmi2-768x576.jpg 768w, http:\/\/www.alegro-weltweit.de\/wordpress_neu\/wp-content\/uploads\/2019\/01\/Kallpa-Warmi2.jpg 960w\" sizes=\"(max-width: 300px) 100vw, 300px\" \/><\/p>\n<p>Das Frauenkollektiv <em>Kallpa Warmi<\/em> (Starke Frau) wurde 2014 mit dem Ziel gegr\u00fcndet, die Rechte der Frauen in und um die Region Sayaus in der N\u00e4he von Cuenca zu st\u00e4rken. Frauen mit unterschiedlichen beruflichen Hintergr\u00fcnden &#8211; Sozialarbeit, Landwirtschaft,\u00a0Kunsthandwerk, Hausarbeit &#8211; haben sich zusammengeschlossen, um gemeinsam f\u00fcr bessere Arbeitsbedingungen, die bessere Vereinbarkeit von Beruf und Familie zu k\u00e4mpfen und Projekte mit kollektiver Verantwortung zu schaffen.\u00a0Sie betreiben gemeinsam eine (Mikrokredit-)Bank, ein\u00a0Nahrungsmittelgesch\u00e4ft und ein Tourismusunternehmen. Au\u00dferdem\u00a0kooperieren sie mit der \u00f6ffentlichen Schule, um den Kindern und Jugendlichen eine bessere Bildung zu erm\u00f6glichen.<\/p>\n<p>&nbsp;<\/p>\n<p><b>In dieser Einsatzstelle k\u00f6nnen sich besonders gut Menschen einbringen, die&#8230;<\/b><\/p>\n<ul>\n<li>Interesse an Frauenrechten und Gleichstellung mitbringen<\/li>\n<li>weiblich* sind<\/li>\n<li>Erfahrungen in den Bereichen Bildung und\/oder Marketing und\/oder Finanzen und\/oder Projektmanagement und\/oder \u00dcbersetzung und Tourismus haben<\/li>\n<li>Interesse an mind. einem der beschriebenen Bereiche (Schule, Mikrokredite, Tourismus, Nahrungsmittelproduktion und Verkauf) haben<\/li>\n<li>\u00fcber ein hohes Ma\u00df an Selbstst\u00e4ndigkeit und Eigeninitiative verf\u00fcgen<\/li>\n<\/ul>\n","protected":false},"excerpt":{"rendered":"<p>Das Frauenkollektiv Kallpa Warmi (Starke Frau) wurde 2014 mit dem Ziel gegr\u00fcndet, die Rechte der Frauen in und um die Region Sayaus in der N\u00e4he von Cuenca zu st\u00e4rken. Frauen<\/p>\n","protected":false},"author":5,"featured_media":0,"parent":0,"menu_order":0,"comment_status":"closed","ping_status":"closed","template":"","meta":[],"_links":{"self":[{"href":"http:\/\/www.alegro-weltweit.de\/wordpress_neu\/wp-json\/wp\/v2\/pages\/2416"}],"collection":[{"href":"http:\/\/www.alegro-weltweit.de\/wordpress_neu\/wp-json\/wp\/v2\/pages"}],"about":[{"href":"http:\/\/www.alegro-weltweit.de\/wordpress_neu\/wp-json\/wp\/v2\/types\/page"}],"author":[{"embeddable":true,"href":"http:\/\/www.alegro-weltweit.de\/wordpress_neu\/wp-json\/wp\/v2\/users\/5"}],"replies":[{"embeddable":true,"href":"http:\/\/www.alegro-weltweit.de\/wordpress_neu\/wp-json\/wp\/v2\/comments?post=2416"}],"version-history":[{"count":8,"href":"http:\/\/www.alegro-weltweit.de\/wordpress_neu\/wp-json\/wp\/v2\/pages\/2416\/revisions"}],"predecessor-version":[{"id":2439,"href":"http:\/\/www.alegro-weltweit.de\/wordpress_neu\/wp-json\/wp\/v2\/pages\/2416\/revisions\/2439"}],"wp:attachment":[{"href":"http:\/\/www.alegro-weltweit.de\/wordpress_neu\/wp-json\/wp\/v2\/media?parent=2416"}],"curies":[{"name":"wp","href":"https:\/\/api.w.org\/{rel}","templated":true}]}}