{"id":2454,"date":"2019-01-25T20:47:35","date_gmt":"2019-01-25T19:47:35","guid":{"rendered":"http:\/\/www.alegro-weltweit.de\/wordpress_neu\/?page_id=2454"},"modified":"2019-01-25T20:51:51","modified_gmt":"2019-01-25T19:51:51","slug":"enso-circo-social","status":"publish","type":"page","link":"http:\/\/www.alegro-weltweit.de\/wordpress_neu\/enso-circo-social\/","title":{"rendered":"Enso Circo Social"},"content":{"rendered":"<p>Enso ist ein Zusammenschluss von Zirkusartist_innen, die die zirzensischen\u00a0K\u00fcnste nutzen, um mit benachteiligten Kinder und Jugendlichen zu arbeiten. Das Angebot richtet sich unter anderem an die Kindern und Jugendlichen von Cuencas Marktverk\u00e4ufer_innen. Zus\u00e4tzlich wird ein Zirkuskurs f\u00fcr Kinder mit Beeintr\u00e4chtigungen etabliert.<\/p>\n<p>Der Zirkus bietet jeden Nachmittag Training und Proben an und bietet den Kindern so eine B\u00fchne, um ihre Talente zu entwickeln und gesehen zu werden.<\/p>\n<p>Die*der Freiwillige begleitet sie Trainings. Er*sie sollte Erfahrung in zirzensischen Disziplinen mitbringen und au\u00dferdem Interesse an der Arbeit mit Kindern und Jugendlichen haben.<\/p>\n<p>Die Mitarbeit bei Enso finden in Teilzeit statt, da die Training nur etwa 3 Stunden am Tag gehen. Vormittags ist eine Mitarbeit bei <a href=\"http:\/\/www.alegro-weltweit.de\/wordpress_neu\/kallpa-warmi\/\">Kallpa Warmi<\/a>\u00a0vorgesehen.<\/p>\n<p>&nbsp;<\/p>\n","protected":false},"excerpt":{"rendered":"<p>Enso ist ein Zusammenschluss von Zirkusartist_innen, die die zirzensischen\u00a0K\u00fcnste nutzen, um mit benachteiligten Kinder und Jugendlichen zu arbeiten. Das Angebot richtet sich unter anderem an die Kindern und Jugendlichen von<\/p>\n","protected":false},"author":5,"featured_media":0,"parent":0,"menu_order":0,"comment_status":"closed","ping_status":"closed","template":"","meta":[],"_links":{"self":[{"href":"http:\/\/www.alegro-weltweit.de\/wordpress_neu\/wp-json\/wp\/v2\/pages\/2454"}],"collection":[{"href":"http:\/\/www.alegro-weltweit.de\/wordpress_neu\/wp-json\/wp\/v2\/pages"}],"about":[{"href":"http:\/\/www.alegro-weltweit.de\/wordpress_neu\/wp-json\/wp\/v2\/types\/page"}],"author":[{"embeddable":true,"href":"http:\/\/www.alegro-weltweit.de\/wordpress_neu\/wp-json\/wp\/v2\/users\/5"}],"replies":[{"embeddable":true,"href":"http:\/\/www.alegro-weltweit.de\/wordpress_neu\/wp-json\/wp\/v2\/comments?post=2454"}],"version-history":[{"count":3,"href":"http:\/\/www.alegro-weltweit.de\/wordpress_neu\/wp-json\/wp\/v2\/pages\/2454\/revisions"}],"predecessor-version":[{"id":2461,"href":"http:\/\/www.alegro-weltweit.de\/wordpress_neu\/wp-json\/wp\/v2\/pages\/2454\/revisions\/2461"}],"wp:attachment":[{"href":"http:\/\/www.alegro-weltweit.de\/wordpress_neu\/wp-json\/wp\/v2\/media?parent=2454"}],"curies":[{"name":"wp","href":"https:\/\/api.w.org\/{rel}","templated":true}]}}