{"id":276,"date":"2014-01-16T13:35:37","date_gmt":"2014-01-16T13:35:37","guid":{"rendered":"http:\/\/www.alegro-weltweit.de\/wordpress_neu\/?page_id=276"},"modified":"2022-09-11T12:25:15","modified_gmt":"2022-09-11T11:25:15","slug":"ablauf_weltwaerts","status":"publish","type":"page","link":"http:\/\/www.alegro-weltweit.de\/wordpress_neu\/ablauf_weltwaerts\/","title":{"rendered":"Ablauf des Freiwilligendienstes und Finanzierung"},"content":{"rendered":"<h4><strong>Von der Bewerbung bis zum Nachbereitungsseminar<\/strong><\/h4>\n<p>Die Entsendung der Freiwilligen findet einmal j\u00e4hrlich, in der Regel im August statt. . Die diesj\u00e4hrigen Bewerbungsfristen sowie die Seminartermine findet ihr unter \u201cBewerbung\u201c.<\/p>\n<p>Ein erster wichtiger Schritt in Richtung Freiwilligendienst ist die Entscheidung f\u00fcr diesen. Daf\u00fcr setzen wir ein gr\u00fcndliches Studieren der Homepage sowie eine bewusste Entscheidung f\u00fcr oder gegen bestimmte Einsatzstellen voraus. Falls euch beim Lesen Fragen aufkommen, k\u00f6nnt ihr uns gerne schreiben: bewerbung@alegro-weltweit.de<\/p>\n<p><strong>Das Kennenlerntreffen<\/strong><\/p>\n<p>Der n\u00e4chste Schritt zu einem Freiwilligendienst mit Alegro e.V. ist ein kleines\u00a0<strong>Kennenlernzoom<\/strong>. Haben wir das Gef\u00fchl, dass deine und unsere Vorstellungen gut zusammenpassen, dann k\u00f6nnen wir deinen Freiwilligenvertrag unterschreiben. Voraussichtlich am\u00a0<strong>10.-12. Februar 2023<\/strong>\u00a0findet dann das erste\u00a0<strong>pers\u00f6nliche Treffen<\/strong>\u00a0statt.<\/p>\n<p>Das Treffen ist nicht nur daf\u00fcr da dich besser kennenzulernen, sondern auch du sollst die M\u00f6glichkeit f\u00fcr einen Blick hinter die Kulissen unseres Vereins bekommen. Wir wollen uns dir und den anderen Bewerber_innen n\u00e4her vorstellen und detailliertere Informationen zum Ablauf unseres Programms und den Einsatzstellen pr\u00e4sentieren.<\/p>\n<p><strong>Begleitung vor dem Freiwilligendienst<br \/>\n<\/strong><\/p>\n<p>Obgleich der Freiwilligendienst im Ausland das Kernst\u00fcck der Alegroarbeit darstellt, ist ein mindestens genauso wichtiger Aspekt die p\u00e4dagogische Begleitung vor der Ausreise. Die Vorbereitung umfasst zwei Tage f\u00fcr erste organisatorische Absprachen (Vortreffen), zwei Seminare, die jeweils etwa eine Woche gehen sowie einen regelm\u00e4\u00dfigen Austausch via Telefon oder Mail mit einer Mentor*in. Die genauen Daten f\u00fcr die Seminare werden noch bekannt gegeben.<\/p>\n<p><strong>Das Vortreffen<\/strong><\/p>\n<p><a href=\"http:\/\/www.alegro-weltweit.de\/wordpress_neu\/wp-content\/uploads\/2014\/01\/maerz09_1-300x199.jpg\"><img decoding=\"async\" loading=\"lazy\" class=\"alignright wp-image-277 size-full\" src=\"http:\/\/www.alegro-weltweit.de\/wordpress_neu\/wp-content\/uploads\/2014\/01\/maerz09_1-300x199.jpg\" alt=\"Alegro hei\u00dft: gemeinsam neue Wege gehen\" width=\"300\" height=\"199\" \/><\/a>Auf diesem Seminar werden organisatorische Fragen zu Flug, Visum, Impfungen, Spenderkreis, etc. gekl\u00e4rt. Ein zentraler Punkt ist die Erarbeitung eines individuellen Unterst\u00fctzerkreises f\u00fcr jede*n Freiwillige*n. Im Austausch untereinander entstehen Ideen, wie Spenden f\u00fcr den Freiwilligendienst gesammelt werden k\u00f6nnen: im Freundes- und Bekanntenkreis, bei Unternehmen oder Stiftungen, bei eigenen oder gemeinsamen Aktionen mit anderen Freiwilligen (z.B. ein Spenden-Lauf, ein Konzert oder eine Verlosung).<\/p>\n<p><strong>Seminare<\/strong><\/p>\n<div id=\"attachment_1005\" style=\"width: 295px\" class=\"wp-caption alignleft\"><a href=\"http:\/\/www.alegro-weltweit.de\/wordpress_neu\/wp-content\/uploads\/2013\/12\/429180_241136529295656_1663878685_n.jpg\"><img aria-describedby=\"caption-attachment-1005\" decoding=\"async\" loading=\"lazy\" class=\"wp-image-1005\" src=\"http:\/\/www.alegro-weltweit.de\/wordpress_neu\/wp-content\/uploads\/2013\/12\/429180_241136529295656_1663878685_n-300x284.jpg\" alt=\"429180_241136529295656_1663878685_n\" width=\"285\" height=\"270\" srcset=\"http:\/\/www.alegro-weltweit.de\/wordpress_neu\/wp-content\/uploads\/2013\/12\/429180_241136529295656_1663878685_n-300x284.jpg 300w, http:\/\/www.alegro-weltweit.de\/wordpress_neu\/wp-content\/uploads\/2013\/12\/429180_241136529295656_1663878685_n-150x142.jpg 150w, http:\/\/www.alegro-weltweit.de\/wordpress_neu\/wp-content\/uploads\/2013\/12\/429180_241136529295656_1663878685_n.jpg 800w\" sizes=\"(max-width: 285px) 100vw, 285px\" \/><\/a><p id=\"caption-attachment-1005\" class=\"wp-caption-text\">Keine Lust mehr auf Schubladendenken<\/p><\/div>\n<p>Bevor ihr ins Ausland gehen werdet, finden zwei Vorbereitungsseminare statt. Diese Seminare sind ein wichtiger Bestandteil des Freiwilligendienstes, denn sie stellen uns allen einen gemeinsamen Lernraum, um uns mit Fragen rund um den Freiwilligendienst zu besch\u00e4ftigen. Es soll Zeit geben, damit wir uns gegenseitig und jeder sich selbst begegnen kann und eigene \u00c4ngste und W\u00fcnsche im Bezug auf den FWD besprochen werden k\u00f6nnen. Themen der Seminar werden au\u00dferdem <b>Postwachstum<\/b> und das <b>gute Leben<\/b> sein, wir m\u00f6chten <b>rassismuskritische Perspektiven<\/b> kennenlernen und eigene Privilegien reflektieren. Themen der <b>Globalen Gerechtigkeit <\/b>diskutieren und uns mit <b>Gemeinschaft<\/b>, <strong>Begegnung,<\/strong> <b>Kommunikation<\/b>, <b>Migration<\/b> und <b>Umweltschutz <\/b>auseinandersetzten.\u00a0 Diese Auseinandersetzung wird dabei nicht nur auf theoretischer Ebene stattfindet, sondern auch ganz praktisch erlebbar sein. Dazu m\u00f6chten wir Lebensgemeinschaften kennenlernen und gerettete Lebensmittel verwenden, in Bewegung sein und in der Natur lernen.<\/p>\n<p><strong>Ausreise und Ankunft im Gastland<\/strong><\/p>\n<p>Zwischen Mitte August und Mitte September wird die Ausreise erfolgen. Nach der Ankunft im Gastland werden ihr in eure Projekte eingearbeitet. Ihr\u00a0 werden mit den Mitarbeitenden, euren Aufgaben und kulturellen Besonderheiten des Gastlandes vertraut gemacht. In den ersten Wochen wird angestrebt, dass die Freiwilligen neben der Arbeit einen Sprachkurs besuchen.<\/p>\n<p><strong>Betreuung w\u00e4hrend des Jahres<\/strong><\/p>\n<div id=\"attachment_278\" style=\"width: 310px\" class=\"wp-caption alignright\"><a href=\"http:\/\/www.alegro-weltweit.de\/wordpress_neu\/wp-content\/uploads\/2014\/01\/vortreffen2009_2-300x198.jpg\"><img aria-describedby=\"caption-attachment-278\" decoding=\"async\" loading=\"lazy\" class=\"size-full wp-image-278\" src=\"http:\/\/www.alegro-weltweit.de\/wordpress_neu\/wp-content\/uploads\/2014\/01\/vortreffen2009_2-300x198.jpg\" alt=\"Bilder vom Vortreffen 2009\" width=\"300\" height=\"198\" \/><\/a><p id=\"caption-attachment-278\" class=\"wp-caption-text\">Aus Freiwilligen werden Freund*innen<\/p><\/div>\n<p>W\u00e4hrend des gesamten Jahres werden ihr durch Mitarbeitende von Alegro oder Kooperationspartner*innen p\u00e4dagogisch betreut. Vor Ort ist eine Mentorin oder ein Mentor als Ansprechperson speziell f\u00fcr die Freiwilligen zust\u00e4ndig. Nach der H\u00e4lfte des Aufenthaltes organisiert Alegro ein <strong>Zwischenseminar<\/strong> im Einsatzland. Das Zwischenseminar erm\u00f6glicht den Freiwilligen, ihre bisherigen Erfahrungen auszutauschen, m\u00f6gliche Konfliktsituationen anzusprechen und pers\u00f6nliche Ziele f\u00fcr die restliche Zeit zu formulieren.<\/p>\n<p>Vor der Ausreise treffen sich die Freiwilligen mit den Mitarbeitenden aus den Projekten und dem Mentor oder der Mentorin zu einer Abschlussveranstaltung, auf der sie die Erfahrungen, die sie w\u00e4hrend des Jahres gemacht haben, austauschen k\u00f6nnen und einen Ausblick auf die R\u00fcckkehr werfen k\u00f6nnen.<\/p>\n<p><strong>Leistungen und Kosten im Ausland<\/strong><\/p>\n<p>Im Rahmen des weltw\u00e4rts-Programms, welches vom Bundesministerium f\u00fcr wirtschaftliche Zusammenarbeit und Entwicklung finanziert wird, tr\u00e4gt Alegro einen Gro\u00dfteil der Kosten. Wir zahlen die Fl\u00fcge, die Freiwilligen sind \u00fcber uns Auslandskrankenversichert und haben eine Unfall-, Notfall- und Reise-Haftpflichtversicherung. Auch die Kosten f\u00fcr Unterkunft und Verpflegung im Ausland werden von uns getragen. Au\u00dferdem bekommst du ein Taschengeld pro Monat.<\/p>\n<p>Nur an den Kosten f\u00fcr Visum und Sprachkurse m\u00fcssen sich die Freiwilligen ggf. beteiligen.<\/p>\n<p>Da der Freiwilligendienst als Teil der Ausbildung z\u00e4hlt, haben unsere Freiwilligen auch weiterhin Anspruch auf Kindergeld und ggf. auf (Halb)Waisenrente.<\/p>\n<p><strong>Freiwilligendienst \u2013 und danach? Die R\u00fcckkehr<\/strong><\/p>\n<div id=\"attachment_686\" style=\"width: 310px\" class=\"wp-caption alignleft\"><a href=\"http:\/\/www.alegro-weltweit.de\/wordpress_neu\/wp-content\/uploads\/2014\/11\/DSCN43831.jpg\"><img aria-describedby=\"caption-attachment-686\" decoding=\"async\" loading=\"lazy\" class=\"wp-image-686 size-medium\" src=\"http:\/\/www.alegro-weltweit.de\/wordpress_neu\/wp-content\/uploads\/2014\/11\/DSCN43831-300x225.jpg\" alt=\"DSCN4383\" width=\"300\" height=\"225\" srcset=\"http:\/\/www.alegro-weltweit.de\/wordpress_neu\/wp-content\/uploads\/2014\/11\/DSCN43831-300x225.jpg 300w, http:\/\/www.alegro-weltweit.de\/wordpress_neu\/wp-content\/uploads\/2014\/11\/DSCN43831-150x112.jpg 150w, http:\/\/www.alegro-weltweit.de\/wordpress_neu\/wp-content\/uploads\/2014\/11\/DSCN43831-1024x768.jpg 1024w\" sizes=\"(max-width: 300px) 100vw, 300px\" \/><\/a><p id=\"caption-attachment-686\" class=\"wp-caption-text\">Gruppenfoto zum Netzwerktreffen 2014<\/p><\/div>\n<p>Im Anschluss an den Freiwilligendienst, nach der Ankunft in Deutschland, bietet ein Nachbereitungsseminar die M\u00f6glichkeit das Jahr mit Begleitung auszuwerten und gemeinsam M\u00f6glichkeiten auszuarbeiten, wie die Erfahrungen aus dem Freiwilligendienst ihnen bei zuk\u00fcnftigen T\u00e4tigkeiten n\u00fctzlich sein k\u00f6nnen.<br \/>\nAlegro e.V. ermutigt euch dazu, euch nach eurem Freiwilligendienst weiter zu engagieren. Viele unserer ehemaligen Freiwilligen bringen sich nach ihrem Freiwilligendienst ehrenamtlich bei Alegro ein &#8211; z.B. als Teamende auf Seminaren oder als Projektbetreunde. Auch in anderen Projekten und Organisationen sind Alegro-\u201dAlumni\u201d engagiert.<\/p>\n<h4><strong>Die Finanzierung der Freiwilligendienste<\/strong><\/h4>\n<p>Die Finanzierung der Freiwilligendienste ist eine der zentralen Fragen. Wir verlangen von unseren Interessent*innen keine Bezahlung, sondern ermutigen sie zum Aufbau eines Unterst\u00fctzerkreises.<br \/>\nIm Rahmen des weltw\u00e4rts-Programms, welches vom Bundesministerium f\u00fcr wirtschaftliche Zusammenarbeit und Entwicklung finanziert wird, tr\u00e4gt Alegro einen Gro\u00dfteil der Kosten. Es ist Alegro allerdings nicht m\u00f6glich, die vollen Kosten des Freiwilligendienstes zu \u00fcbernehmen. Auch die oder der Freiwillige leistet einen Beitrag. Sie oder er\u00a0tr\u00e4gt durch das Sammeln von Spenden zu der Finanzierung des Dienstes bei. Auf diese Weise setzen sich die Freiwilligen bereits im Vorhinein mit dem Jahr auseinander. Au\u00dferdem wird so die Idee des Freiwilligendienstes weiter bekannt gemacht und ein Bewusstsein f\u00fcr Einsatzl\u00e4nder und -projekte geschaffen. Geld sollte in keinem Fall ein Hindernis sein, sich bei Alegro zu bewerben. Zum Beispiel haben w\u00e4hrend des Jahres die meisten Freiwilligen auch Anspruch auf Kindergeld, dessen H\u00f6he die Kosten bereits decken kann.<\/p>\n<p>Kurz gesagt: Du selbst musst nichts \u201cbezahlen\u201d. Damit wir jedoch den Flug, die Seminare, Unterkunft, Verpflegung, Versicherung, Taschengeld, Betreuung und Fahrtkosten f\u00fcr dich \u00fcbernehmen k\u00f6nnen, ist es notwendig, dass du einen Unterst\u00fctzer*innnkreis aufbaust.<\/p>\n<p><a href=\"http:\/\/www.alegro-weltweit.de\/wordpress_neu\/wp-content\/uploads\/2013\/06\/RTEmagicC_weltwaerts.jpg.jpg\"><img decoding=\"async\" loading=\"lazy\" class=\"alignnone size-full wp-image-282\" src=\"http:\/\/www.alegro-weltweit.de\/wordpress_neu\/wp-content\/uploads\/2013\/06\/RTEmagicC_weltwaerts.jpg.jpg\" alt=\"RTEmagicC_weltwaerts.jpg\" width=\"283\" height=\"166\" \/><\/a><\/p>\n","protected":false},"excerpt":{"rendered":"<p>Von der Bewerbung bis zum Nachbereitungsseminar Die Entsendung der Freiwilligen findet einmal j\u00e4hrlich, in der Regel im August statt. . Die diesj\u00e4hrigen Bewerbungsfristen sowie die Seminartermine findet ihr unter \u201cBewerbung\u201c.<\/p>\n","protected":false},"author":1,"featured_media":0,"parent":0,"menu_order":0,"comment_status":"closed","ping_status":"open","template":"","meta":[],"_links":{"self":[{"href":"http:\/\/www.alegro-weltweit.de\/wordpress_neu\/wp-json\/wp\/v2\/pages\/276"}],"collection":[{"href":"http:\/\/www.alegro-weltweit.de\/wordpress_neu\/wp-json\/wp\/v2\/pages"}],"about":[{"href":"http:\/\/www.alegro-weltweit.de\/wordpress_neu\/wp-json\/wp\/v2\/types\/page"}],"author":[{"embeddable":true,"href":"http:\/\/www.alegro-weltweit.de\/wordpress_neu\/wp-json\/wp\/v2\/users\/1"}],"replies":[{"embeddable":true,"href":"http:\/\/www.alegro-weltweit.de\/wordpress_neu\/wp-json\/wp\/v2\/comments?post=276"}],"version-history":[{"count":42,"href":"http:\/\/www.alegro-weltweit.de\/wordpress_neu\/wp-json\/wp\/v2\/pages\/276\/revisions"}],"predecessor-version":[{"id":3950,"href":"http:\/\/www.alegro-weltweit.de\/wordpress_neu\/wp-json\/wp\/v2\/pages\/276\/revisions\/3950"}],"wp:attachment":[{"href":"http:\/\/www.alegro-weltweit.de\/wordpress_neu\/wp-json\/wp\/v2\/media?parent=276"}],"curies":[{"name":"wp","href":"https:\/\/api.w.org\/{rel}","templated":true}]}}