{"id":2767,"date":"2020-01-05T16:05:58","date_gmt":"2020-01-05T15:05:58","guid":{"rendered":"http:\/\/www.alegro-weltweit.de\/wordpress_neu\/?page_id=2767"},"modified":"2025-10-09T13:08:09","modified_gmt":"2025-10-09T12:08:09","slug":"contacto","status":"publish","type":"page","link":"http:\/\/www.alegro-weltweit.de\/wordpress_neu\/contacto\/","title":{"rendered":"Contacto"},"content":{"rendered":"<p>Alegro Alemanha:<\/p>\n<p>Alegro e.V.<br \/>\nRemanestr. 43<br \/>\n16540 Hohen Neuendorf<br \/>\nAlemanha<\/p>\n<p>Parceiro\u00a0em\u00a0Mo\u00e7ambique:<\/p>\n<p>CCMA &#8211; centro cultural mo\u00e7ambicano-alem\u00e3o<br \/>\nAv. Samora Machel n\u00ba 468<br \/>\nMaputo, Mo\u00e7ambique<\/p>\n","protected":false},"excerpt":{"rendered":"<p>Alegro Alemanha: Alegro e.V. Remanestr. 43 16540 Hohen Neuendorf Alemanha Parceiro\u00a0em\u00a0Mo\u00e7ambique: CCMA &#8211; centro cultural mo\u00e7ambicano-alem\u00e3o Av. Samora Machel n\u00ba 468 Maputo, Mo\u00e7ambique<\/p>\n","protected":false},"author":5,"featured_media":0,"parent":0,"menu_order":0,"comment_status":"closed","ping_status":"closed","template":"","meta":[],"_links":{"self":[{"href":"http:\/\/www.alegro-weltweit.de\/wordpress_neu\/wp-json\/wp\/v2\/pages\/2767"}],"collection":[{"href":"http:\/\/www.alegro-weltweit.de\/wordpress_neu\/wp-json\/wp\/v2\/pages"}],"about":[{"href":"http:\/\/www.alegro-weltweit.de\/wordpress_neu\/wp-json\/wp\/v2\/types\/page"}],"author":[{"embeddable":true,"href":"http:\/\/www.alegro-weltweit.de\/wordpress_neu\/wp-json\/wp\/v2\/users\/5"}],"replies":[{"embeddable":true,"href":"http:\/\/www.alegro-weltweit.de\/wordpress_neu\/wp-json\/wp\/v2\/comments?post=2767"}],"version-history":[{"count":3,"href":"http:\/\/www.alegro-weltweit.de\/wordpress_neu\/wp-json\/wp\/v2\/pages\/2767\/revisions"}],"predecessor-version":[{"id":4008,"href":"http:\/\/www.alegro-weltweit.de\/wordpress_neu\/wp-json\/wp\/v2\/pages\/2767\/revisions\/4008"}],"wp:attachment":[{"href":"http:\/\/www.alegro-weltweit.de\/wordpress_neu\/wp-json\/wp\/v2\/media?parent=2767"}],"curies":[{"name":"wp","href":"https:\/\/api.w.org\/{rel}","templated":true}]}}