{"id":2774,"date":"2020-01-08T12:24:51","date_gmt":"2020-01-08T11:24:51","guid":{"rendered":"http:\/\/www.alegro-weltweit.de\/wordpress_neu\/?page_id=2774"},"modified":"2021-07-05T14:50:15","modified_gmt":"2021-07-05T13:50:15","slug":"weiterbildung","status":"publish","type":"page","link":"http:\/\/www.alegro-weltweit.de\/wordpress_neu\/weiterbildung\/","title":{"rendered":"Weiterbildungen"},"content":{"rendered":"<p>Alegro f\u00fchrt in den Jahren 2020\/21 nicht nur Freiwilligendienste durch, sondern auch eine Programmbegleitma\u00dfnahme.<\/p>\n<p>Diese besteht aus Fortbildungen f\u00fcr\u00a0Seminarbegleiter*innen und Partnerworkshops in Deutschland, Ecuador und Mosambik.<\/p>\n<p>Die Fortbildung und der Partnerworkshop in Mosambik haben im M\u00e4rz 2020 stattgefunden. Auch die Fortbildungen in Deutschland konnte weitgehend wir geplant stattfinden, teilweise in Pr\u00e4senz, teilweise digital. Der Partnerworkshop in Deutschland wurde auf Grund der versp\u00e4teten S\u00fcd-Nord Einreise auf Juni 2021 verschoben. Die beiden Fortbildungen, sowie der Partnerworkshop in Ecuador mussten Pademie bedingt auf Sommer 2021 verschoben werden und finden nun in digitaler Form statt.<\/p>\n<h4><strong>En Ecuador<\/strong><\/h4>\n<p><em>En Ecuador va a haber dos capacitaci\u00f3n para facilitadores de seminarios y un <span class=\"hiddenSpellError\">Partnerworkshop<\/span>. Si estan interesades nos puedes enviar un correo a weiterbildung@alegro-weltweit.de.<\/em><\/p>\n<p>In Ecuador werden zwei Fortbildugen f\u00fcr Seminarbegleiter*innen, Seminarleiter*innen und Referent*innen im weltw\u00e4rts-Programm, sowie ein Partnerworkshop stattfinden. Bei Interesse konnt ihr uns gerne an weiterbildung@alegro-weltweit.de schreiben.<\/p>\n<p><strong><em>Capacitation 1: Voluntariados norte-sur<br \/>\n<\/em><\/strong><strong>Fortbildung 1: Nord-S\u00fcd-Freiwilligendienste<\/strong><\/p>\n<p><em>Este fin de semana se trata de las preguntas basicas: Porque existe el acompa\u00f1amiento pedag\u00f3gico en forma de seminarios? Que esperamos de los seminarios? Que significa mi rol como teamer?<\/em><br \/>\n<em>Tambien queremos trabajar muy concreto en el seminario intermedio para voluntarios del norte-sur, como se lo puede planear, qu\u00e9 actividades no deben faltar y como se puede crear un plan de seminario. Ademas planearemos actividades de seminarios y los reflejamos.<\/em><br \/>\n<em>El seminario se realizar\u00e1 en espa\u00f1ol.<br \/>\n<\/em><\/p>\n<p><em>Fecha: 03. \u2013 04.07.2021<\/em><br \/>\n<em>Lugar: enlinea<\/em><br \/>\n<em>Costos: No hay costos para los participantes. <\/em><\/p>\n<p>Zum einen geht es an diesem Wochenende darum sich ganz grundlegende Fragen zu stellen: Wof\u00fcr gibt es eigentlich das p\u00e4dagogische Begleitprogramm in Form von Seminaren? Was erhoffen wir uns von Seminaren? Was ist meine Rolle als Seminarleitung?<br \/>\nZum anderen m\u00f6chten wir uns ganz konkret anschauen, wie ein Nord-S\u00fcd-Zwischenseminar geplant wird, welche Inhalte es unbedingt braucht und wie man einen Seminarplan erstellen kann. Au\u00dferdem werden wir probeweise Seminareinheiten planen und uns \u00fcber sie austauschen.<br \/>\nDas Seminar wird auf Spanisch stattfinden.<\/p>\n<p>Seminarbegleiterin<br \/>\nDatum: 03. &#8211; 04.07.2021<br \/>\nOrt: online<br \/>\nKosten: Kein Teilnehmendenbeitrag.<\/p>\n<p><strong><em>Capacitati\u00f3n 2 para multiplicadores\/as de seminarios<\/em><br \/>\nFortbildung 2 f\u00fcr Seminarbegleiter*innen<br \/>\n<\/strong><\/p>\n<p><em>Exploraremos con la gu\u00eda de facilitadores\/as diferentes herramientas y pondremos en practica habilidades de comunicaci\u00f3n asertiva, expresi\u00f3n corporal y comunicaci\u00f3n. Tambi\u00e9n tendremos un conversatorio sobre el post-desarrollo y perspectivas decoloniales.<\/em><\/p>\n<p><em>Aqui las informaciones que necesitan:<\/em><\/p>\n<p><em>Abierto a multiplicadores\/as del programa Weltwaerts <\/em><br \/>\n<em>Fecha: 11.07.2021 y 18.07.2021<\/em><em><br \/>\nhorarios:\u00a0 9-12:30 y de 14-16<\/em><br \/>\n<em>Lugar: enlinea<\/em><br \/>\n<em>Costos: No hay costos para los participantes.<\/em><\/p>\n<p><em>Enviar un mail a: <a href=\"mailto:ecuador@alegro-weltweit.de\">ecuador@alegro-weltweit.de<\/a> con su inscripci\u00f3n si est\u00e1n interesados\/as.<\/em><\/p>\n<p><strong>Partnerworkshop<\/strong><br \/>\n<em><strong>Seminario para socios<\/strong><\/em><\/p>\n<p><em>El <span class=\"hiddenSuggestion\">workshop<\/span> es una oportunidad para los proyectos socios en Ecuador para intercambiar experiencias en el acompa\u00f1amiento de los voluntarios. Tambi\u00e9n vamos a reflexionar sobre los servicios voluntarios cr\u00edticamente y discutir sobre las desigualdades de participaci\u00f3n entre los socios en Alemania y en Ecuador. Queremos considerar los necesidades y deseos de los socios en Ecuador y elaborar una estrategia para una cooperaci\u00f3n basada en la igualdad de los socios.<\/em><\/p>\n<p><em>Fecha: A ser anunciada<\/em><br \/>\n<em>Lugar: enlinea<\/em><br \/>\n<em>Grupo destinatario: Funcionarios de las organizaciones asociadas.<br \/>\nCostos: No hay costos para los participantes.<br \/>\n<\/em><\/p>\n<p>Im Rahmen des Partnerworkshop erhalten die Partnerprojekte eine M\u00f6glichkeit zum Austausch \u00fcber die bisherigen Erfahrungen in der Begleitung der Freiwilligen.<br \/>\nFreiwilligendienste und die ungleichen Mitwirkungsm\u00f6glichkeiten werden kritische thematisiert und gemeinsam eine Strategie f\u00fcr eine zuk\u00fcnftige m\u00f6glichst partnerschaftliche Zusammenarbeit<br \/>\nentwickelt.<\/p>\n<p>Datum<em>:<\/em> Wird noch bekanntgegeben<br \/>\nOrt: Online<br \/>\nZielgruppe: Mitarbeiter*innen der Partnerorganisationen in Ecuador<br \/>\nKosten: Kein Teilnehmendenbeitrag. Unterkunft, Verpflegung und Inlandsreisekosten werden \u00fcbernommen.<\/p>\n<h4><\/h4>\n<h4><strong>In Deutschland<\/strong><\/h4>\n<p>In Deutschland werden drei Fortbildungen f\u00fcr Seminarbegleiter*innen, Seminarleiter*innen, Referent*innen im weltw\u00e4rts-Programm stattfinden. Zu dieser wollen wir euch hier gerne einladen!<\/p>\n<p>Es k\u00f6nnen alle drei Fortbildungen besucht werden, es ist aber auch m\u00f6glich, nur an einzelnen Fortbildungen teilzunehmen.\u00a0Eure Anmeldung f\u00fcr die Fortbildungen k\u00f6nnt ihr uns bis zum 29.02. per Mail an weiterbildung@alegro-weltweit.de schicken.<\/p>\n<p><strong>Fortbildung 1: Rassismuskritik<\/strong><br \/>\nEs ist quasi unm\u00f6glich einen Freiwilligendienst zu machen oder zu begleiten ohne dem Thema Rassismus zu begegnen. An diesem Wochenende wird die Referentin\u00a0Sophie Irmey uns zur Selbstreflexion anregen, das Hinterfragen unsere eigenen Privilegien und Positionierung begleiten, sowie dazu ermutigen,\u00a0 uns der damit zusammenh\u00e4ngenden Verantwortung bewusst zu werden. Wir werden \u00fcberlegen, wie wir gesch\u00fctzte R\u00e4ume auf Seminaren schaffen k\u00f6nnen, wie wir Seminare nutzen k\u00f6nnen um Freiwillige f\u00fcr Rassismus zu sensibilisieren und selber Diskriminierungsformen innerhalb von Seminargruppen wahrnehmen und ihnen begegnen k\u00f6nnen. Au\u00dferdem werden wir im Rahmen dieser Fortbildung unsere Rolle als Seminarbegleiter*innen auf S\u00fcd-Nord-Seminaren reflektieren und hinterfragen, wie wir anleiten und begleiten k\u00f6nnen ohne gleichzeitig postkoloniale Muster und Machtgef\u00e4lle zu reproduzieren.<\/p>\n<p>Referentin: <strong>Sophie Irmey<\/strong>, freiberufliche Trainerin der politischen und machtkritischen Bildungsarbeit<\/p>\n<p>Termin: Do. 30. Juli 18 Uhr bis So. 02. August 2020 bis 14 Uhr<br \/>\nOrt: <a href=\"https:\/\/www.buecherwinkel.de\/debuntevier\/index.php\">Die bunte Vier<\/a> im Wendland, nahe Salzwedel<br \/>\nZielgruppe:\u00a0Menschen, die im Rahmen von weltw\u00e4rts Seminare begleiten<br \/>\nTeilnehmendenbeitrag:\u00a0nach Selbsteinsch\u00e4tzung 40-80 Euro,\u00a0inkl. Unterkunft, Verpflegung und Fahrtkosten<\/p>\n<p><strong>Fortbildung 2: K\u00f6rperbasierte Methoden<\/strong><br \/>\nWas passiert eigentlich wenn wir einfach mal alle Worte beiseitelassen und nur unsere K\u00f6rper erz\u00e4hlen, f\u00fchlen, ausdr\u00fccken lassen? Diese Fortbildung ist dazu gedacht in Bewegung zu kommen, zu tanzen, Theater zu spielen, zu malen oder anderweitig kreativ zu werden. Wir wollen gemeinsam schauen, wie wir diese Methoden weiterhin und noch mehr in unsere Seminare einflie\u00dfen lassen k\u00f6nnen und wie sie uns helfen k\u00f6nnen, Themen abseits von Sprache vor allem auch auf S\u00fcd-Nord-Seminaren oder anderen mehrsprachigen Seminaren zu bearbeiten.<\/p>\n<p>Referent*innen: Die Fortbildung wird geleitet von Seminarbegleiter*innn des Alegro e.V., die diverse Aus- und Weiterbildungen im Bereich Theater, Tanz, K\u00f6rperarbeit, Kunst &amp; Naturp\u00e4dagogik mitbringen.<\/p>\n<p>Termin:\u00a0 Mi. 07. Oktober 18 Uhr bis So. 11. Oktober 14 Uhr<br \/>\nOrt: <a href=\"https:\/\/www.buecherwinkel.de\/debuntevier\/index.php\">Die bunte Vier<\/a> im Wendland, nahe Salzwedel<br \/>\nZielgruppe:\u00a0Menschen, die im Rahmen von weltw\u00e4rts Seminare begleiten<br \/>\nTeilnehmendenbeitrag:\u00a0nach Selbsteinsch\u00e4tzung 60-120 Euro,\u00a0inkl. Unterkunft, Verpflegung und Fahrtkosten<\/p>\n<p><strong>Fortbildung 3: Postkoloniale Theorie<\/strong><br \/>\nWas ist eigentlich dieser Postkolonialismus und was hat er mit mir zu tun? Wo begegnen wir ihm bei unserer Arbeit mit Freiwilligendiensten und innerhalb des weltw\u00e4rts Programms? Wie k\u00f6nnen wir dieses Thema f\u00fcr Seminare gut aufarbeiten? An diesem Wochenende soll es darum gehen, uns selbst f\u00fcr dieses Thema zu sensibilisieren und gemeinsam zu \u00fcberlegen wie wir postkoloniale Strukturen in unserer Arbeit thematisieren, sichtbar machen und reduzieren k\u00f6nnen.<\/p>\n<p>Referent*in: <strong>Tsepo Andreas\u00a0 Bollwinkel,<\/strong> Musiker, freiberuflicher Referent f\u00fcr machtkritische Bildungsarbeit und Aktivist der Schwarzen Community<\/p>\n<p>Termin: 20. bis 22. November 2020<br \/>\nOrt: Online \u00fcber Zoom<br \/>\nZielgruppe: Menschen, die im weltw\u00e4rts Programm arbeiten und \/ oder weltw\u00e4rts Seminare begleiten.<br \/>\nTeilnehmendenbeitrag: 25-50 Euro nach Selbsteinsch\u00e4tzung.<br \/>\nAnmeldung bis 7.11. an weiterbildung@alegro-weltweit.de<\/p>\n<p><strong>Partnerworkshops<\/strong><br \/>\nVoraussichtlich im Juni 2021 wird ein Partnerworkshops f\u00fcr die Einsatzstellen der S\u00fcd-Freiwilligen in Deutschland angeboten. Im Rahmen des Partnerworkshops erhalten die Einsatzstellen eine M\u00f6glichkeit zum Austausch \u00fcber die bisherigen Erfahrungen in der Begleitung der Freiwilligen. Zudem findet eine kritische Auseinandersetzung mit Freiwilligendiensten statt. Die Anleiter*innen und Mentor*innen<br \/>\nwerden f\u00fcr Vorurteile und Rassismus in der Begleitung der Freiwilligen sensibilisiert und reflektieren<br \/>\ndie eigene Position machtkritisch.<\/p>\n<p>Termin: Juni 2021<br \/>\nOrt: Online<br \/>\nZielgruppe: Mitarbeiter*innen der Einsatzstellen in Deutschland, die an der Begleitung der S\u00fcd-Freiwilligen beteiligt sind.<\/p>\n<h4><strong>Em <span lang=\"pt\"><b>Mo\u00e7ambique<\/b><\/span><br \/>\n<\/strong><\/h4>\n<p>In Mosambik findet eine Fortbildung f\u00fcr Seminarbegleiter*innen, Seminarleiter*innen und Referent*innen im weltw\u00e4rts-Programm, sowie ein Partnerworkshop statt.<br \/>\nScheibt uns bei Interesse an einer Teilnahme gerne an weiterbildung@alegro-weltweit.de<\/p>\n<p><em>Em Mo\u00e7ambique vamos realizar uma capacita\u00e7\u00e3o para facilitadores de semin\u00e1rios no programa weltw\u00e4rts e um semin\u00e1rio de parceiros.<\/em><br \/>\n<em>Se quer participar por favor contacte-nos: weiterbildung@alegro-weltweit.de<\/em><\/p>\n<p><strong>Fortbildung f\u00fcr Seminarbegleiter*innen<\/strong><br \/>\n<strong>Capacita\u00e7\u00e3o para facilitadores de semin\u00e1rios<\/strong><\/p>\n<p>Die Fortbildung richtet sich an Personen, die Seminare in Mosambik f\u00fcr deutsche oder mosambikanische Freiwillige im weltw\u00e4rts-Programm organisieren und begleiten. Es wird darum gehen, was Seminare im weltw\u00e4rts-Programm sind und was bei ihrer Organisation zu beachten ist. Wir werden Inhalte und Methoden f\u00fcr Seminare kennenlernen bzw. entwickeln, \u00fcber unsere Rolle als Seminarbegleiter*innen reflektieren, sowie die Vermittlung von Aktivit\u00e4ten praktizieren. Die Teilnehmenden lernen Methoden kennen und werden f\u00fcr die Leitung von weltw\u00e4rts Begleitseminaren qualifiziert, um in Zukunft selbstst\u00e4ndig Seminare vor Ort anbieten zu k\u00f6nnen. F\u00fcr die Auswahl, Vor- und Nachbereitung der S\u00fcd-Nord-Freiwillige werden Konzepte und Seminarpl\u00e4ne erarbeitet. Au\u00dferdem werden Seminarpl\u00e4ne der vergangen Zwischenseminare der Nord-S\u00fcd-Freiwillige diskutiert und angepasst. Das Seminar findet auf Englisch und Portugiesisch statt.<br \/>\nEine Hospitation bei einem Zwischenseminar des Alegro e.V. ist im Anschluss an die Fortbildung m\u00f6glich.<\/p>\n<p>Referentin: Ria Unverzagt, Mitarbeiterin des Alegro in DE und freiberufliche Seminarbegleiterin<br \/>\nTermin:\u00a0 7. und 8. M\u00e4rz 2020<br \/>\nOrt: LaGoa Eco Village, Quissico, Mosambik<br \/>\nZielgruppe:\u00a0Menschen, die im Rahmen von weltw\u00e4rts Seminare begleiten<br \/>\nKein Teilnehmendenbeitrag. Unterkunft, Verpflegung und Inlandsreisekosten werden \u00fcbernommen.<\/p>\n<div><em>A capacita\u00e7\u00e3o \u00e9 destinada a todas as pessoas interessadas em organizar e acompanhar semin\u00e1rios para volunt\u00e1rios alem\u00e3es ou mo\u00e7ambicanos no programa <span class=\"hiddenSpellError\">weltw\u00e4rts<\/span>. Ser\u00e1 sobre o que s\u00e3o semin\u00e1rios no programa <span class=\"hiddenSpellError\">weltw\u00e4rts<\/span> e que tem que ser considerado na organiza\u00e7\u00e3o. Tamb\u00e9m vamos elaborar conte\u00fados e m\u00e9todos para semin\u00e1rios, reflectir sobre o nosso rol de facilitadores e praticar a facilita\u00e7\u00e3o de actividades. Os participantes aprendem fazer os semin\u00e1rios de acompanhamento no programa <span class=\"hiddenSpellError\">weltw\u00e4rts<\/span> e podem oferecer <span class=\"hiddenSuggestion\">semin\u00e1rios<\/span> de forma independente no futuro. Vamos desenvolver conceitos e planos de semin\u00e1rios para a selec\u00e7\u00e3o, prepara\u00e7\u00e3o e acompanhamento dos volunt\u00e1rios do Sul-Norte. Al\u00e9m disso, vamos discutir e adaptar os planos dos semin\u00e1rios intermedi\u00e1rios dos volunt\u00e1rios norte-<span class=\"hiddenGrammarError\">sul<\/span>. O semin\u00e1rio ser\u00e1 realizado em ingl\u00eas e portugu\u00eas.<br \/>\n\u00c9 poss\u00edvel participar num semin\u00e1rio intermedi\u00e1rio de Alegro depois da capacita\u00e7\u00e3o.<\/em><\/div>\n<div><\/div>\n<div><em>Instrutora do semin\u00e1rio: Ria Unverzagt, coordenadora do Alegro na Alemanha<\/em><\/div>\n<div><em>Data: 7 e 8 de Mar\u00e7o de 2020<\/em><br \/>\n<em>Localiza\u00e7\u00e3o: LaGoa Eco Village, Quissico, Mo\u00e7ambique<\/em><\/div>\n<div><em>Grupo destinatario: Pessoas que acompanham semin\u00e1rios no programa weltw\u00e4rts em Mo\u00e7ambique<br \/>\n<\/em><\/div>\n<div><em>Custos: Nenhum custo. Despesas de viage ser\u00e3o reembolsadas.<\/em><\/div>\n<div><\/div>\n<div><\/div>\n<p><strong>Partnerworkshop<\/strong><br \/>\n<strong><em>Reuni\u00e3o de paceiros<\/em><\/strong><\/p>\n<p>Im Rahmen des Partnerworkshop erhalten die Partnerprojekte eine M\u00f6glichkeit zum Austausch \u00fcber die bisherigen Erfahrungen in der Begleitung der Freiwilligen.<br \/>\nFreiwilligendienste und die ungleichen Mitwirkungsm\u00f6glichkeiten werden kritische thematisiert und gemeinsam eine Strategie f\u00fcr eine zuk\u00fcnftige m\u00f6glichst partnerschaftliche Zusammenarbeit entwickelt.<\/p>\n<p>Referentinnen: H\u00e9lia Alda Chamuele (Koordinatorin des Alegro in Mosambik) und Ria Unverzagt (Koordinatorin des Alegro in Deutschland)<br \/>\nTermin: 4. M\u00e4rz 2020<br \/>\nOrt: <a href=\"https:\/\/www.facebook.com\/museumafalala\/\">Museu Mafalala<\/a>, Maputo, Mosambik<br \/>\nZielgruppe: Mitarbeiter*innen der Partnerorganisationen in Mosambik<\/p>\n<p><em>A reuni\u00e3o \u00e9 uma oportunidade para que os projetos parceiros em\u00a0Mo\u00e7ambique possam trocar experi\u00eancias sobre o acompanhamento dos volunt\u00e1rios. Tamb\u00e9m vamos refletir criticamente sobre os servi\u00e7os volunt\u00e1rios e discutir as desigualdades de participa\u00e7\u00e3o entre os parceiros da Alemanha e de Mo\u00e7ambique. Queremos considerar as necessidades e desejos dos parceiros mocambicanos e desenvolver uma estrat\u00e9gia para uma coopera\u00e7\u00e3o baseada na igualdade dos parceiros. A\u00a0reuni\u00e3o ser\u00e1 realizada em portugu\u00eas.<br \/>\n<\/em><\/p>\n<p><em>Facilitadoras: H\u00e9lia Alda Chamuele (Coordenadora do Alegro em Mo\u00e7ambique) e Ria Unverzagt (Coordenadora do Alegro na Alemanha)<\/em><br \/>\n<em>Data: 4 de mar\u00e7o 2020<\/em><br \/>\n<em>Local: <a href=\"https:\/\/www.facebook.com\/museumafalala\/\">Museu Mafalala<\/a>, Maputo<\/em><br \/>\n<em>Grupo-alvo: Funcion\u00e1rios de organiza\u00e7\u00f5es parceiras.<\/em><\/p>\n","protected":false},"excerpt":{"rendered":"<p>Alegro f\u00fchrt in den Jahren 2020\/21 nicht nur Freiwilligendienste durch, sondern auch eine Programmbegleitma\u00dfnahme. Diese besteht aus Fortbildungen f\u00fcr\u00a0Seminarbegleiter*innen und Partnerworkshops in Deutschland, Ecuador und Mosambik. Die Fortbildung und der<\/p>\n","protected":false},"author":5,"featured_media":0,"parent":0,"menu_order":0,"comment_status":"closed","ping_status":"closed","template":"","meta":[],"_links":{"self":[{"href":"http:\/\/www.alegro-weltweit.de\/wordpress_neu\/wp-json\/wp\/v2\/pages\/2774"}],"collection":[{"href":"http:\/\/www.alegro-weltweit.de\/wordpress_neu\/wp-json\/wp\/v2\/pages"}],"about":[{"href":"http:\/\/www.alegro-weltweit.de\/wordpress_neu\/wp-json\/wp\/v2\/types\/page"}],"author":[{"embeddable":true,"href":"http:\/\/www.alegro-weltweit.de\/wordpress_neu\/wp-json\/wp\/v2\/users\/5"}],"replies":[{"embeddable":true,"href":"http:\/\/www.alegro-weltweit.de\/wordpress_neu\/wp-json\/wp\/v2\/comments?post=2774"}],"version-history":[{"count":45,"href":"http:\/\/www.alegro-weltweit.de\/wordpress_neu\/wp-json\/wp\/v2\/pages\/2774\/revisions"}],"predecessor-version":[{"id":3775,"href":"http:\/\/www.alegro-weltweit.de\/wordpress_neu\/wp-json\/wp\/v2\/pages\/2774\/revisions\/3775"}],"wp:attachment":[{"href":"http:\/\/www.alegro-weltweit.de\/wordpress_neu\/wp-json\/wp\/v2\/media?parent=2774"}],"curies":[{"name":"wp","href":"https:\/\/api.w.org\/{rel}","templated":true}]}}