{"id":2806,"date":"2020-01-14T23:16:52","date_gmt":"2020-01-14T22:16:52","guid":{"rendered":"http:\/\/www.alegro-weltweit.de\/wordpress_neu\/?page_id=2806"},"modified":"2020-11-03T19:06:11","modified_gmt":"2020-11-03T18:06:11","slug":"kulturanum-gemeinschaftsschule","status":"publish","type":"page","link":"http:\/\/www.alegro-weltweit.de\/wordpress_neu\/kulturanum-gemeinschaftsschule\/","title":{"rendered":"Kulturanum &#8211; Gemeinschaftsschule"},"content":{"rendered":"<p>Das Kulturanum ist eine Gemeinschaftsschule in Jena, Th\u00fcringen, die eine alternative Schulbildung anbietet.<\/p>\n<p>Die Schule ist eine inklusive Schule und versucht m\u00f6glichst wenig Druck auf die Sch\u00fcler:innen zu legen, indem ein individueller Lernrhythmus erm\u00f6glicht wird.<\/p>\n<p>Es wird mit Projekten im Bereich Tanz, Musik, Fotografie, Journalismus, Sport und Tiere gearbeitet, mit dem Ziel, dass die Sch\u00fcler:innen ihre pers\u00f6nlichen F\u00e4higkeiten entdecken und weiterentwickeln.<\/p>\n<p>&nbsp;<\/p>\n<p>Aufgaben der*s Freiwilligen:<\/p>\n<ul>\n<li>Hilfe bei der Vorbereitung des t\u00e4glichen Fr\u00fchst\u00fccks f\u00fcr alle Sch\u00fcler:innen.<br \/>\nBei dieser Vorbereitung sind die Menschen des Horts (der generellen Kinderbetreuung), sowie Lehrer:innen, Eltern, Freiwillige und sogar Sch\u00fcler:innen selbst involviert.<\/li>\n<li>Spanischunterricht: Der Spanischunterricht wird von der 6. bis zur 10. Klasse gegeben und wird durch den*die Freiwillige als spanische*r Muttersprachler*in unterst\u00fctzt. Die konkreten Aufgaben bestehen darin, Lehrer:innen zu unterst\u00fctzen, Sch\u00fcler:innen bei ihren Aufgaben zu helfen, zu \u00fcbersetzten, zu erkl\u00e4ren, sich auf Spanisch zu unterhalten, zu spielen, Vokabeln beizubringen und diese zu \u00fcberpr\u00fcfen.<\/li>\n<li>In den Unteren Klassen (Klassen 1 bis 4) lernen die Kinder noch kein Spanisch, sodass der*die Freiwillige mit Mathe, Schreiben oder Spielen unterst\u00fctzt.<\/li>\n<li>Zum Mittagessen werden die Tische f\u00fcr alle Kinder gedeckt und der*die Freiwillige hilft bei der Organisation mit.<\/li>\n<li>Dar\u00fcber hinaus kann der*die Freiwillige auch in der Mittagsbetreuung aushelfen und die verschiedenen Klassen bei Ausfl\u00fcgen und externen Projekten unterst\u00fctzen.<\/li>\n<\/ul>\n","protected":false},"excerpt":{"rendered":"<p>Das Kulturanum ist eine Gemeinschaftsschule in Jena, Th\u00fcringen, die eine alternative Schulbildung anbietet. Die Schule ist eine inklusive Schule und versucht m\u00f6glichst wenig Druck auf die Sch\u00fcler:innen zu legen, indem<\/p>\n","protected":false},"author":14,"featured_media":0,"parent":0,"menu_order":0,"comment_status":"closed","ping_status":"closed","template":"","meta":[],"_links":{"self":[{"href":"http:\/\/www.alegro-weltweit.de\/wordpress_neu\/wp-json\/wp\/v2\/pages\/2806"}],"collection":[{"href":"http:\/\/www.alegro-weltweit.de\/wordpress_neu\/wp-json\/wp\/v2\/pages"}],"about":[{"href":"http:\/\/www.alegro-weltweit.de\/wordpress_neu\/wp-json\/wp\/v2\/types\/page"}],"author":[{"embeddable":true,"href":"http:\/\/www.alegro-weltweit.de\/wordpress_neu\/wp-json\/wp\/v2\/users\/14"}],"replies":[{"embeddable":true,"href":"http:\/\/www.alegro-weltweit.de\/wordpress_neu\/wp-json\/wp\/v2\/comments?post=2806"}],"version-history":[{"count":4,"href":"http:\/\/www.alegro-weltweit.de\/wordpress_neu\/wp-json\/wp\/v2\/pages\/2806\/revisions"}],"predecessor-version":[{"id":3107,"href":"http:\/\/www.alegro-weltweit.de\/wordpress_neu\/wp-json\/wp\/v2\/pages\/2806\/revisions\/3107"}],"wp:attachment":[{"href":"http:\/\/www.alegro-weltweit.de\/wordpress_neu\/wp-json\/wp\/v2\/media?parent=2806"}],"curies":[{"name":"wp","href":"https:\/\/api.w.org\/{rel}","templated":true}]}}