{"id":2812,"date":"2020-01-14T23:21:29","date_gmt":"2020-01-14T22:21:29","guid":{"rendered":"http:\/\/www.alegro-weltweit.de\/wordpress_neu\/?page_id=2812"},"modified":"2021-06-11T23:45:56","modified_gmt":"2021-06-11T22:45:56","slug":"kulturanum-colegio-comunitario","status":"publish","type":"page","link":"http:\/\/www.alegro-weltweit.de\/wordpress_neu\/kulturanum-colegio-comunitario\/","title":{"rendered":"Kulturanum &#8211; colegio comunitario"},"content":{"rendered":"<p align=\"JUSTIFY\"><span style=\"font-family: Arial Rounded MT Bold, serif;\"><span style=\"font-size: medium;\">Kulturanum es una escuela comunitaria del estado, es una escuela de educaci\u00f3n alternativa que est\u00e1 ubicada la cuidad de Jena, Thuringia.<\/span><\/span><\/p>\n<p align=\"JUSTIFY\"><span style=\"font-family: Arial Rounded MT Bold, serif;\"><span style=\"font-size: medium;\">La escuela es inclusiva, trabaja sin presi\u00f3n hacia los estudiantes, el ritmo de aprendizaje es individual. Utiliza el arte y la cultura para promover el inter\u00e9s de aprender en cada ni\u00f1x.<\/span><\/span><\/p>\n<p align=\"JUSTIFY\"><span style=\"font-family: Arial Rounded MT Bold, serif;\"><span style=\"font-size: medium;\">Trabajan con proyectos de m\u00fasica, danza, fotograf\u00eda, animales, periodismo, deportes y otro, con la finalidad de que lxs estudiantes practiquen sus conocimientos. <\/span><\/span><\/p>\n<p align=\"JUSTIFY\"><span style=\"font-family: Arial Rounded MT Bold, serif;\"><span style=\"font-size: medium;\">Tareas del voluntarix:<\/span><\/span><\/p>\n<ul>\n<li><span style=\"font-family: Arial Rounded MT Bold, serif;\"><span style=\"font-size: medium;\">Preparaci\u00f3n del desayuno nutritivo:<br \/>\n<\/span><\/span><span style=\"font-family: Arial Rounded MT Bold, serif;\"><span style=\"font-size: medium;\">En la preparaci\u00f3n del desayuno nutritivo est\u00e1n las personas responsables del Hort (quienes dirigen la cocina escolar), profesores, padres de familia, voluntarixs y estudiantes. <\/span><\/span><\/li>\n<li><span style=\"font-family: Arial Rounded MT Bold, serif;\"><span style=\"font-size: medium;\">Clases de espa\u00f1ol:<br \/>\n<\/span><\/span><span style=\"font-family: Arial Rounded MT Bold, serif;\"><span style=\"font-size: medium;\">Apoyar a lxs maestrxs en las clases de espa\u00f1ol, ayudar a lxs ni\u00f1xs a traducir, explicar, conversar en espa\u00f1ol, jugar, ense\u00f1ar vocabulario, calificar o revisar y a veces tambi\u00e9n dar clases.<br \/>\nSe ense\u00f1a espa\u00f1ol desde la clase 6 hasta la clase 10.<br \/>\n<\/span><\/span><\/li>\n<li><span style=\"font-family: Arial Rounded MT Bold, serif;\"><span style=\"font-size: medium;\">Clases bajas:<br \/>\n<\/span><\/span><span style=\"font-family: Arial Rounded MT Bold, serif;\"><span style=\"font-size: medium;\">En las clases 1 a 4 apoyar a lxs ni\u00f1xs en matem\u00e1ticas, escritura o jugar.<\/span><\/span><\/li>\n<li><span style=\"font-family: Arial Rounded MT Bold, serif;\"><span style=\"font-size: medium;\">La hora del almuerzo: <\/span><\/span><span style=\"font-family: Arial Rounded MT Bold, serif;\"><span style=\"font-size: medium;\">Preparaci\u00f3n de las mesas y apoyar con la infraestructura del comedor<\/span><\/span><\/li>\n<li><span style=\"font-family: Arial Rounded MT Bold, serif;\"><span style=\"font-size: medium;\">Cuidar a lxs ni\u00f1xs en las pausas <\/span><\/span><a name=\"_GoBack\"><\/a><\/li>\n<li><span style=\"font-family: Arial Rounded MT Bold, serif;\"><span style=\"font-size: medium;\">Acompa\u00f1ar y apoyar en los proyectos e excursiones extraescolares<br \/>\n<\/span><\/span><\/li>\n<\/ul>\n","protected":false},"excerpt":{"rendered":"<p>Kulturanum es una escuela comunitaria del estado, es una escuela de educaci\u00f3n alternativa que est\u00e1 ubicada la cuidad de Jena, Thuringia. La escuela es inclusiva, trabaja sin presi\u00f3n hacia los<\/p>\n","protected":false},"author":14,"featured_media":0,"parent":0,"menu_order":0,"comment_status":"closed","ping_status":"closed","template":"","meta":[],"_links":{"self":[{"href":"http:\/\/www.alegro-weltweit.de\/wordpress_neu\/wp-json\/wp\/v2\/pages\/2812"}],"collection":[{"href":"http:\/\/www.alegro-weltweit.de\/wordpress_neu\/wp-json\/wp\/v2\/pages"}],"about":[{"href":"http:\/\/www.alegro-weltweit.de\/wordpress_neu\/wp-json\/wp\/v2\/types\/page"}],"author":[{"embeddable":true,"href":"http:\/\/www.alegro-weltweit.de\/wordpress_neu\/wp-json\/wp\/v2\/users\/14"}],"replies":[{"embeddable":true,"href":"http:\/\/www.alegro-weltweit.de\/wordpress_neu\/wp-json\/wp\/v2\/comments?post=2812"}],"version-history":[{"count":5,"href":"http:\/\/www.alegro-weltweit.de\/wordpress_neu\/wp-json\/wp\/v2\/pages\/2812\/revisions"}],"predecessor-version":[{"id":3745,"href":"http:\/\/www.alegro-weltweit.de\/wordpress_neu\/wp-json\/wp\/v2\/pages\/2812\/revisions\/3745"}],"wp:attachment":[{"href":"http:\/\/www.alegro-weltweit.de\/wordpress_neu\/wp-json\/wp\/v2\/media?parent=2812"}],"curies":[{"name":"wp","href":"https:\/\/api.w.org\/{rel}","templated":true}]}}