{"id":3287,"date":"2021-01-07T20:29:31","date_gmt":"2021-01-07T19:29:31","guid":{"rendered":"http:\/\/www.alegro-weltweit.de\/wordpress_neu\/?page_id=3287"},"modified":"2021-01-07T20:47:41","modified_gmt":"2021-01-07T19:47:41","slug":"jobs-mitmachen","status":"publish","type":"page","link":"http:\/\/www.alegro-weltweit.de\/wordpress_neu\/jobs-mitmachen\/","title":{"rendered":"Jobs \/ Mitmachen"},"content":{"rendered":"\n<p><em><strong>Stellenausschreibungen<\/strong><\/em><\/p>\n\n\n\n<p>Der Alegro e.V. sucht<\/p>\n\n\n\n<p>eine_n Koordinatorin_Koordinatoren f\u00fcr das Nord-S\u00fcd-Freiwilligendienstprogramm mit Schwerpunkt Partnerarbeit in Mosambik &amp; Ecuador<\/p>\n\n\n\n<p>Die Stelle ist zun\u00e4chst auf 20 Wochenstunden angelegt und kann nach Absprach auf zwei Personen aufgeteilt werden. Der gr\u00f6\u00dfte Teil der Arbeitszeit findet im Home Office statt.<\/p>\n\n\n\n<p>Die Koordinatorin\/ der Koordinator \u00fcbernimmt folgende Aufgaben<\/p>\n\n\n\n<ul><li>Einsatzstellensuche und Pflege der Kooperationen mit den Partnerorganisation in Ecuador und Mosambik<\/li><li>Organisation und Durchf\u00fchrung des p\u00e4dagogischen Begleitprogramms (Kennenlern-, Vorbereitungs Zwischen- und Abschluss\u00adseminare)<\/li><li>P\u00e4dagogische Begleitung der Freiwilligen in allen relevanten pers\u00f6nlichen und arbeitsbezogenen Angelegenheiten, auch in Krisensituationen<\/li><li>Weiterentwicklung der R\u00fcckkehrendenarbeit und Einbindung von R\u00fcckkehrer_innen in die konzeptionelle sowie p\u00e4dagogische Arbeit<\/li><\/ul>\n\n\n\n<p>Wir suchen Personen, die folgende Voraussetzungen erf\u00fcllen:<\/p>\n\n\n\n<ul><li>Erfahrung in p\u00e4dagogischer Arbeit<\/li><li>Erfahrung mit internationalen Freiwilligendiensten<\/li><li>Erfahrung mit der Beantragung und Verwaltung von F\u00f6rdermitteln des BMZ<\/li><li>Spanisch- &amp; Portugiesischkenntnisse<\/li><li>Erfahrungen in Organisationen, die Haupt- und Ehrenamt kombinieren<\/li><li>Eigene Projektmanagementerfahrung, gerne in einer Nichtregierungs\u00adorganisation<\/li><li>Ein hohes Ma\u00df an Flexibilit\u00e4t und strukturierter Umgang mit einem sehr dynamischen Arbeitsumfeld<\/li><li>Hohes Ma\u00df an Selbstorganisation und Eigenverantwortung<\/li><li>Sehr gute Kommunikations- und Moderationsf\u00e4higkeiten<\/li><li>Arbeitssprachen sind Deutsch, Spanisch, Portugiesisch und Englisch<\/li><li>ein abgeschlossenes Hochschulstudium im p\u00e4dagogischen Bereich ist w\u00fcnschenswert<\/li><\/ul>\n\n\n\n<p>Die deutsche Nichtregierungsorganisation Alegro e.V. organisiert seit mehr als 10 Jahren Freiwilligendienste im In- und Ausland. Die Stelle ist vorerst auf 24 Monate befristet. Die Stelle ist zum 1.1.2021 zu besetzen.<\/p>\n\n\n\n<p>Bewerbungen bitte als Kurzbewerbung mit Lebenslauf und Bewerbungsschreiben bis zum 15.01.2021 in einer pdf-Datei an job@alegro-weltweit.de<\/p>\n\n\n\n<p>Der Alegro e.V. sucht<\/p>\n\n\n\n<p>eine_n Koordinatorin_Koordinatoren f\u00fcr das Nord-S\u00fcd-Freiwilligendienstprogramm mit Schwerpunkt Finanzen und Buchhaltung<\/p>\n\n\n\n<p>Die Stelle ist zun\u00e4chst auf 19 Wochenstunden angelegt. Der gr\u00f6\u00dfte Teil der Arbeitszeit findet im Home Office statt.<\/p>\n\n\n\n<p>Die Koordinatorin\/ der Koordinator \u00fcbernimmt folgende Aufgabe:<\/p>\n\n\n\n<ul><li>Budgetplanung und Controlling, Verwaltung der F\u00f6rdergelder (weltw\u00e4rts)<\/li><li>Koordination eines Teams aus Ehrenamtlichen und Honorarkr\u00e4ften, die in die Gestaltung des Freiwilligendienstes involviert sind<\/li><li>Organisation und Durchf\u00fchrung des p\u00e4dagogischen Begleitprogramms (Kennenlern-, Vorbereitungs Zwischen- und Abschluss\u00adseminare)<\/li><li>P\u00e4dagogische Begleitung der Freiwilligen in allen relevanten pers\u00f6nlichen und arbeitsbezogenen Angelegenheiten, auch in Krisensituationen<\/li><li>Weiterentwicklung der R\u00fcckkehrendenarbeit und Einbindung von R\u00fcckkehrer_innen in die konzeptionelle sowie p\u00e4dagogische Arbeit<\/li><\/ul>\n\n\n\n<p>Wir suchen Personen, die folgende Voraussetzungen erf\u00fcllen:<\/p>\n\n\n\n<ul><li>Erfahrung in p\u00e4dagogischer Arbeit<\/li><li>Erfahrung mit internationalen Freiwilligendiensten<\/li><li>Grundkenntnisse in Buchhaltung, sowie in der Beantragung und Verwaltung von F\u00f6rdermitteln<\/li><li>Erfahrungen in Organisationen, die Haupt- und Ehrenamt kombinieren<\/li><li>Erfahrung mit Personalarbeit (z. B. Auswahl, Weiterbildung, Coaching, etc.)<\/li><li>Eigene Projektmanagementerfahrung, gerne in einer Nichtregierungs\u00adorganisation<\/li><li>Spanisch- &amp; Portugiesischkenntnisse von Vorteil<\/li><li>Ein hohes Ma\u00df an Flexibilit\u00e4t und strukturierter Umgang mit einem sehr dynamischen Arbeitsumfeld<\/li><li>Hohes Ma\u00df an Selbstorganisation und Eigenverantwortung<\/li><li>Sehr gute Kommunikations- und Moderationsf\u00e4higkeiten<\/li><li>ein abgeschlossenes Hochschulstudium im p\u00e4dagogischen Bereich ist w\u00fcnschenswert<\/li><\/ul>\n\n\n\n<p>Die deutsche Nichtregierungsorganisation Alegro e.V. organisiert seit mehr als 10 Jahren Freiwilligendienste im In- und Ausland. Die Stelle ist vorerst auf 24 Monate befristet. Wir m\u00f6chten die Stelle zum 01.01.2021 besetzten.<\/p>\n\n\n\n<p>Bewerbungen bitte als Kurzbewerbung mit Lebenslauf und Bewerbungsschreiben bis zum 15.01.2021 in einer pdf-Datei an job@alegro-weltweit.de<\/p>\n","protected":false},"excerpt":{"rendered":"<p>Stellenausschreibungen Der Alegro e.V. sucht eine_n Koordinatorin_Koordinatoren f\u00fcr das Nord-S\u00fcd-Freiwilligendienstprogramm mit Schwerpunkt Partnerarbeit in Mosambik &amp; Ecuador Die Stelle ist zun\u00e4chst auf 20 Wochenstunden angelegt und kann nach Absprach auf<\/p>\n","protected":false},"author":5,"featured_media":0,"parent":0,"menu_order":0,"comment_status":"closed","ping_status":"closed","template":"","meta":[],"_links":{"self":[{"href":"http:\/\/www.alegro-weltweit.de\/wordpress_neu\/wp-json\/wp\/v2\/pages\/3287"}],"collection":[{"href":"http:\/\/www.alegro-weltweit.de\/wordpress_neu\/wp-json\/wp\/v2\/pages"}],"about":[{"href":"http:\/\/www.alegro-weltweit.de\/wordpress_neu\/wp-json\/wp\/v2\/types\/page"}],"author":[{"embeddable":true,"href":"http:\/\/www.alegro-weltweit.de\/wordpress_neu\/wp-json\/wp\/v2\/users\/5"}],"replies":[{"embeddable":true,"href":"http:\/\/www.alegro-weltweit.de\/wordpress_neu\/wp-json\/wp\/v2\/comments?post=3287"}],"version-history":[{"count":1,"href":"http:\/\/www.alegro-weltweit.de\/wordpress_neu\/wp-json\/wp\/v2\/pages\/3287\/revisions"}],"predecessor-version":[{"id":3288,"href":"http:\/\/www.alegro-weltweit.de\/wordpress_neu\/wp-json\/wp\/v2\/pages\/3287\/revisions\/3288"}],"wp:attachment":[{"href":"http:\/\/www.alegro-weltweit.de\/wordpress_neu\/wp-json\/wp\/v2\/media?parent=3287"}],"curies":[{"name":"wp","href":"https:\/\/api.w.org\/{rel}","templated":true}]}}