{"id":3295,"date":"2021-01-08T22:50:44","date_gmt":"2021-01-08T21:50:44","guid":{"rendered":"http:\/\/www.alegro-weltweit.de\/wordpress_neu\/?page_id=3295"},"modified":"2021-01-10T11:29:28","modified_gmt":"2021-01-10T10:29:28","slug":"el-utero","status":"publish","type":"page","link":"http:\/\/www.alegro-weltweit.de\/wordpress_neu\/el-utero\/","title":{"rendered":"El \u00datero"},"content":{"rendered":"\n<p>El \u00datero ist ein soziokultureller Raum, der entstanden ist, um viele kulturelle und k\u00fcnstlerische Disziplinen zu beherbergen, zu vereinen und zu st\u00e4rken.<br>Hier k\u00f6nnen Verbindungen zwischen K\u00fcnstlern, Schauspielern, Produzenten und der restlichen Gemeinschaft entstehen.<br>Das Ziel von El \u00datero ist die Kreation und Verbreitung von Kunst und Kultur. Dadurch wird die gemeinschaftliche, soziale und regionale Entwicklung gef\u00f6rdert.<\/p>\n\n\n\n<p class=\"has-text-align-center\"><img decoding=\"async\" loading=\"lazy\" width=\"720\" height=\"520\" class=\"wp-image-3298\" style=\"width: 400px;\" src=\"http:\/\/www.alegro-weltweit.de\/wordpress_neu\/wp-content\/uploads\/2021\/01\/image-2.png\" alt=\"\" srcset=\"http:\/\/www.alegro-weltweit.de\/wordpress_neu\/wp-content\/uploads\/2021\/01\/image-2.png 720w, http:\/\/www.alegro-weltweit.de\/wordpress_neu\/wp-content\/uploads\/2021\/01\/image-2-300x217.png 300w, http:\/\/www.alegro-weltweit.de\/wordpress_neu\/wp-content\/uploads\/2021\/01\/image-2-150x108.png 150w\" sizes=\"(max-width: 720px) 100vw, 720px\" \/><\/p>\n\n\n\n<p><\/p>\n\n\n\n<p><\/p>\n","protected":false},"excerpt":{"rendered":"<p>El \u00datero ist ein soziokultureller Raum, der entstanden ist, um viele kulturelle und k\u00fcnstlerische Disziplinen zu beherbergen, zu vereinen und zu st\u00e4rken.Hier k\u00f6nnen Verbindungen zwischen K\u00fcnstlern, Schauspielern, Produzenten und der<\/p>\n","protected":false},"author":5,"featured_media":0,"parent":0,"menu_order":0,"comment_status":"closed","ping_status":"closed","template":"","meta":[],"_links":{"self":[{"href":"http:\/\/www.alegro-weltweit.de\/wordpress_neu\/wp-json\/wp\/v2\/pages\/3295"}],"collection":[{"href":"http:\/\/www.alegro-weltweit.de\/wordpress_neu\/wp-json\/wp\/v2\/pages"}],"about":[{"href":"http:\/\/www.alegro-weltweit.de\/wordpress_neu\/wp-json\/wp\/v2\/types\/page"}],"author":[{"embeddable":true,"href":"http:\/\/www.alegro-weltweit.de\/wordpress_neu\/wp-json\/wp\/v2\/users\/5"}],"replies":[{"embeddable":true,"href":"http:\/\/www.alegro-weltweit.de\/wordpress_neu\/wp-json\/wp\/v2\/comments?post=3295"}],"version-history":[{"count":2,"href":"http:\/\/www.alegro-weltweit.de\/wordpress_neu\/wp-json\/wp\/v2\/pages\/3295\/revisions"}],"predecessor-version":[{"id":3302,"href":"http:\/\/www.alegro-weltweit.de\/wordpress_neu\/wp-json\/wp\/v2\/pages\/3295\/revisions\/3302"}],"wp:attachment":[{"href":"http:\/\/www.alegro-weltweit.de\/wordpress_neu\/wp-json\/wp\/v2\/media?parent=3295"}],"curies":[{"name":"wp","href":"https:\/\/api.w.org\/{rel}","templated":true}]}}