{"id":3303,"date":"2021-01-10T11:46:19","date_gmt":"2021-01-10T10:46:19","guid":{"rendered":"http:\/\/www.alegro-weltweit.de\/wordpress_neu\/?page_id=3303"},"modified":"2021-01-17T15:44:27","modified_gmt":"2021-01-17T14:44:27","slug":"corona-update","status":"publish","type":"page","link":"http:\/\/www.alegro-weltweit.de\/wordpress_neu\/corona-update\/","title":{"rendered":"Corona Update"},"content":{"rendered":"\n<p><strong><strong>Corona und ein Freiwilligendienst im Ausland \u2013 wie funktioniert das?<\/strong><\/strong><\/p>\n\n\n\n<p>Wie in vielen anderen Bereichen, treffen auch wir Vorsorgen wegen der weltweiten Corona-Pandemie.<\/p>\n\n\n\n<p>Niemand kann vorhersehen, wie lange sich die jetzige Situation noch hinziehen wird und ob interkontinentale Austauschmodelle \u00fcberhaupt m\u00f6glich sein werden im Jahr 2021.<\/p>\n\n\n\n<p>Wir m\u00f6chten euch trotzdem motivieren, \u00fcber einen Freiwilligendienst nachzudenken.<\/p>\n\n\n\n<p><strong>Entsendung 2021:<\/strong><\/p>\n\n\n\n<p>Wir als Entsendeorganisation hoffen, dass wir als globale Gesellschaft bis zur Ausreise im August\/September 2021 einen so guten und sicheren Umgang mit der Pandemie gefunden haben, dass der Freiwilligendienst mit Alegro stattfinden kann.<\/p>\n\n\n\n<p>Wie so viele, waren auch wir nicht auf Corona vorbereitet und m\u00fcssen vieles neu denken und umplanen. Wir sind dabei an die Verordnungen von <a href=\"https:\/\/www.weltwaerts.de\/de\/startseite.html\"><em>weltw\u00e4rts<\/em><\/a> gebunden, die auf das Wohl aller Beteiligten ausgelegt sind. Bestehen Reisewarnungen vom Ausw\u00e4rtigen Amt f\u00fcr unsere Ziell\u00e4nder Ecuador und Mosambik, d\u00fcrfen dort keine Freiwilligen eingesetzt werden. Dann kann entweder die Ausreise nach hinten verschoben werden, in der Hoffnung, dass die Reisewarnung aufgehoben und eine Ausreise m\u00f6glich wird. Eine andere Option w\u00e4re, ganz umzuplanen und in ein Land ohne Reisewarnung zu gehen. Sollte ein interkontinentaler Austausch nicht m\u00f6glich sein, k\u00f6nnen die Freiwilligen auf Eigeninitiative in Deutschland oder der EU einen Dienst leisten. Wir unterst\u00fctzen euch in diesem Fall gerne dabei! Unser Ziel ist es aber, eine Ausreise in die Wunschprojekte der Freiwilligen zu erm\u00f6glichen. Wir versuchen dabei, mit der gr\u00f6\u00dftm\u00f6glichen Vorsicht, aber auch Flexibilit\u00e4t vorzugehen!<\/p>\n\n\n\n<p><strong>Vorbereitung:<\/strong><\/p>\n\n\n\n<p>Unsere Vorbereitung wird fast wie gewohnt stattfinden. Das Kennenlerntreffen Ende Februar wird gem\u00e4\u00df der derzeitigen Corona-Bestimmungen online stattfinden. Dies sehen wir aber nicht nur als Nachteil, denn dadurch k\u00f6nnen wir per Skype auch unsere Kolleg*innen in Ecuador und Mosambik dazuschalten und unser interkulturelles Team vorstellen. Die jeweils eine Woche dauernden Vorbereitungsseminare werden hoffentlich in Pr\u00e4senz stattfinden, wenn das Wetter wieder w\u00e4rmer wird und mehr M\u00f6glichkeiten zum Beisammensein trotz Coronama\u00dfnahmen bestehen. Sollte dies wegen anhaltend strenger Auflagen nicht m\u00f6glich sein, werden wir unser M\u00f6glichstes tun, tolle interaktive und spannende Seminare im Onlineformat zu entwickeln. Wir werden dabei dem Thema Corona in den Einsatzl\u00e4ndern und euren Fragen und Zweifeln diesbez\u00fcglich nat\u00fcrlich besondere Aufmerksamkeit widmen.<\/p>\n\n\n\n<p><strong>Projekte:<\/strong><\/p>\n\n\n\n<p>In den vergangenen Monaten haben sich unsere Teams in Ecuador uns Mosambik nochmals auf die Suche nach neuen Projekten gemacht, die auch w\u00e4hrend Corona weiterarbeiten und aus gesundheitlichen Gr\u00fcnden sicherer sind.<\/p>\n\n\n\n<p>Diese sind vermehrt in kleineren Orten gelegen, wo weniger Menschen leben und zusammenarbeiten als in den Gro\u00dfst\u00e4dten. Es kann auch in kleinen Teams oder online gearbeitet werden.<\/p>\n\n\n\n<p>Kleinere Orte sind deswegen von Vorteil, da au\u00dferhalb der urbanen Ballungszentren die Coronazahlen sehr viel niedriger sind. Nat\u00fcrlich achten wir darauf, dass eine gute und stabile Gesundheitsversorgung vor Ort gegeben ist.<\/p>\n\n\n\n<p>Wir haben mehr Einsatzstellen f\u00fcr Mosambik beantragt, da die Pandemie einige L\u00e4nder Lateinamerikas h\u00e4rter getroffen hat im Vergleich zu vielen L\u00e4ndern Afrikas.<\/p>\n\n\n\n<p>Hier die Infos des Ausw\u00e4rtigen Amtes, um euch einen \u00dcberblick \u00fcber die Lage vor Ort zu verschaffen:&nbsp;<\/p>\n\n\n\n<p>Mosambik:<\/p>\n\n\n\n<figure class=\"wp-block-embed\"><div class=\"wp-block-embed__wrapper\">\nhttps:\/\/www.auswaertiges-amt.de\/de\/aussenpolitik\/laender\/mosambik-node\/mosambiksicherheit\/221782#content_0\n<\/div><\/figure>\n\n\n\n<p>und<\/p>\n\n\n\n<p>Ecuador:<\/p>\n\n\n\n<figure class=\"wp-block-embed\"><div class=\"wp-block-embed__wrapper\">\nhttps:\/\/www.auswaertiges-amt.de\/de\/aussenpolitik\/laender\/ecuador-node\/ecuadorsicherheit\/223232#content_0\n<\/div><\/figure>\n\n\n\n<p><strong>Betreuung:<\/strong><\/p>\n\n\n\n<p>Wir als Alegro e.V. m\u00f6chten allen Bewerber*innen, ihren Familien und Freund*innen gerne so viel Sicherheit geben, wie es gerade m\u00f6glich ist. Daher stehen wir gerne f\u00fcr alle Fragen zur Verf\u00fcgung. Unter <a href=\"mailto:bewerbung@alegro-weltweit.de\">bewerbung@alegro-weltweit.de<\/a> k\u00f6nnt ihr entweder per Mail Fragen stellen oder einen Telefontermin vereinbaren.<\/p>\n\n\n\n<p>Kommt gut durch diese schwierige Zeit und bleibt gesund.<\/p>\n\n\n\n<p>Euer G9 Orga-Team von Alegro e.V.<\/p>\n\n\n\n<p><\/p>\n","protected":false},"excerpt":{"rendered":"<p>Corona und ein Freiwilligendienst im Ausland \u2013 wie funktioniert das? Wie in vielen anderen Bereichen, treffen auch wir Vorsorgen wegen der weltweiten Corona-Pandemie. Niemand kann vorhersehen, wie lange sich die<\/p>\n","protected":false},"author":5,"featured_media":0,"parent":0,"menu_order":0,"comment_status":"closed","ping_status":"closed","template":"","meta":[],"_links":{"self":[{"href":"http:\/\/www.alegro-weltweit.de\/wordpress_neu\/wp-json\/wp\/v2\/pages\/3303"}],"collection":[{"href":"http:\/\/www.alegro-weltweit.de\/wordpress_neu\/wp-json\/wp\/v2\/pages"}],"about":[{"href":"http:\/\/www.alegro-weltweit.de\/wordpress_neu\/wp-json\/wp\/v2\/types\/page"}],"author":[{"embeddable":true,"href":"http:\/\/www.alegro-weltweit.de\/wordpress_neu\/wp-json\/wp\/v2\/users\/5"}],"replies":[{"embeddable":true,"href":"http:\/\/www.alegro-weltweit.de\/wordpress_neu\/wp-json\/wp\/v2\/comments?post=3303"}],"version-history":[{"count":4,"href":"http:\/\/www.alegro-weltweit.de\/wordpress_neu\/wp-json\/wp\/v2\/pages\/3303\/revisions"}],"predecessor-version":[{"id":3332,"href":"http:\/\/www.alegro-weltweit.de\/wordpress_neu\/wp-json\/wp\/v2\/pages\/3303\/revisions\/3332"}],"wp:attachment":[{"href":"http:\/\/www.alegro-weltweit.de\/wordpress_neu\/wp-json\/wp\/v2\/media?parent=3303"}],"curies":[{"name":"wp","href":"https:\/\/api.w.org\/{rel}","templated":true}]}}