{"id":3383,"date":"2021-03-05T19:43:40","date_gmt":"2021-03-05T18:43:40","guid":{"rendered":"http:\/\/www.alegro-weltweit.de\/wordpress_neu\/?page_id=3383"},"modified":"2023-08-05T12:48:02","modified_gmt":"2023-08-05T11:48:02","slug":"spenden","status":"publish","type":"page","link":"http:\/\/www.alegro-weltweit.de\/wordpress_neu\/spenden\/","title":{"rendered":"SPENDEN"},"content":{"rendered":"\n<p><\/p>\n\n\n\n<p>Sie m\u00f6chten den Alegro e.V. mit einer Spende unterst\u00fctzen?<br><br><strong>Vereinsallgemeimes Konto<\/strong><br>Alegro e.V.<br>DE31 4306 0967 1116 4916 00<br>BIC: GENODEM1GLS<br>Bank: GLS Bank<br><br><strong>Aufnahmeprogramm<\/strong> S\u00fcd-Nord-Komponente<br>Alegro e.V.<br>DE04 4306 0967 1116 4916 01<br>BIC:GENODEM1GLS<\/p>\n\n\n\n<p><strong>Entsendeprogramm<\/strong> Nord-S\u00fcd-Komponente<br>Alegro e.V.<br>DE74 4306 0967 1116 4916 02<br>BIC: GENODEM1GLS<br><br><br><br><\/p>\n\n\n\n<p><strong>Sie haben Alegro mit einer Spende unterst\u00fctzt und w\u00fcnschen einen Spendennachweis?<\/strong><\/p>\n\n\n\n<p>Wenn Ihre Spende <strong>300\u20ac nicht \u00fcberschreitet<\/strong>, dann gen\u00fcgt es beim Finanzamt einen Kontoauszug, einen Bareinzahlungsbeleg oder eine Buchungsbest\u00e4tigung einzureichen, aus dem hervorgeht, dass Sie an eines unser Vereinskonten gespendet haben. (Gem\u00e4\u00df \u00a750 Abs. 2 ESt-Durchf\u00fchrungsverordnung.)<\/p>\n\n\n\n<p>Wenn Ihre Spende <strong>300\u20ac \u00fcberschreitet<\/strong>, dann senden wir Ihnen zu Beginn des Folgejahrs einen Spendennachweis zu. Bitte beachten Sie in diesem Fall, dass Sie dem Alegro e.V. zusammen mit Ihrer Spende auch dieses Formular <img decoding=\"async\" class=\"wp-image-3998\" style=\"width: NaNpx;\" src=\"http:\/\/www.alegro-weltweit.de\/wordpress_neu\/wp-content\/uploads\/2023\/08\/Angehoerige-Spendenquittung-1.pdf\" alt=\"\">ausgef\u00fcllt postalisch \u00fcbersenden. <\/p>\n\n\n\n<div class=\"wp-block-file\"><object class=\"wp-block-file__embed\" data=\"http:\/\/www.alegro-weltweit.de\/wordpress_neu\/wp-content\/uploads\/2023\/08\/Angehoerige-Spendenquittung-1.pdf\" type=\"application\/pdf\" style=\"width:100%;height:600px\" aria-label=\"Einbettung von Angeh\u00f6rige Spendenquittung.\"><\/object><a id=\"wp-block-file--media-6cc5388d-3371-4107-a376-56a233085719\" href=\"http:\/\/www.alegro-weltweit.de\/wordpress_neu\/wp-content\/uploads\/2023\/08\/Angehoerige-Spendenquittung-1.pdf\">Angeh\u00f6rige Spendenquittung<\/a><a href=\"http:\/\/www.alegro-weltweit.de\/wordpress_neu\/wp-content\/uploads\/2023\/08\/Angehoerige-Spendenquittung-1.pdf\" class=\"wp-block-file__button wp-element-button\" download aria-describedby=\"wp-block-file--media-6cc5388d-3371-4107-a376-56a233085719\">Herunterladen<\/a><\/div>\n\n\n\n<p>Leider d\u00fcrfen wir Spendenbescheinigungen nicht an Angeh\u00f6rige der aktuellen Freiwilligengeneration ausstellen. Das Finanzamt merkte bei der letzten Betriebspr\u00fcfung an, dass es sich bei Geldbetr\u00e4gen, die Angeh\u00f6rige an uns \u00fcberweisen nicht um Spenden, sondern um Leistungen handelt, die zur Durchf\u00fchrung&nbsp;des Freiwilligendienstes erworben werden. Diese Zahlungen gelten nicht als gemeinn\u00fctzig und k\u00f6nnen deshalb nicht von der Steuer abgesetzt werden.<\/p>\n\n\n\n<p>Als Angeh\u00f6rige gelten laut \u00a7 15 AO:&nbsp;der*die Verlobte,&nbsp;der*die Ehegatt*in oder Lebenspartner*in,&nbsp;Verwandte und Verschw\u00e4gerte gerader Linie,&nbsp;Geschwister,&nbsp;Kinder der Geschwister,&nbsp;Ehegatten oder Lebenspartner*in der Geschwister und Geschwister der Ehegatt:in oder Lebenspartner*in,&nbsp;Geschwister der Eltern,&nbsp;Personen, die durch ein auf l\u00e4ngere Dauer angelegtes Pflegeverh\u00e4ltnis mit h\u00e4uslicher Gemeinschaft wie Eltern und Kind miteinander verbunden sind (Pflegeeltern und Pflegekinder).&nbsp;Dies gilt auch f\u00fcr Spenden von Firmen \/ Unternehmen, bei denen die*der Gesch\u00e4ftsf\u00fchrer*in oder Gesellschafter*in zu o.a. Personen z\u00e4hlt.<\/p>\n\n\n\n<p>Wir freuen uns dennoch sehr \u00fcber Spenden von Angeh\u00f6rigen von Freiwilligen, k\u00f6nnen hierf\u00fcr jedoch keine Spendenbescheinigungen ausstellen.<br><br>Der Alegro e.V. ist ein gemeinn\u00fctziger eingetragener Verein. Spenden (und Mitgliedsbeitr\u00e4ge) an den Alegro e.V. kann der Spender bei seiner Einkommen-, Lohn- oder K\u00f6rperschaftsteuererkl\u00e4rung als Sonderausgaben abziehen, so dass sie sich als <strong>Steuererm\u00e4\u00dfigung<\/strong> auswirken. (Gem\u00e4\u00df \u00a710b EStG &amp; \u00a7\u00a7 52, 53 und 54 AO.)<\/p>\n\n\n<a class=\"wp-block-read-more\" href=\"http:\/\/www.alegro-weltweit.de\/wordpress_neu\/spenden\/\" target=\"_self\">Weiterlesen<\/a>\n\n<a class=\"wp-block-read-more\" href=\"http:\/\/www.alegro-weltweit.de\/wordpress_neu\/spenden\/\" target=\"_self\">Weiterlesen<\/a>\n\n<a class=\"wp-block-read-more\" href=\"http:\/\/www.alegro-weltweit.de\/wordpress_neu\/spenden\/\" target=\"_self\">Weiterlesen<\/a>\n\n<a class=\"wp-block-read-more\" href=\"http:\/\/www.alegro-weltweit.de\/wordpress_neu\/spenden\/\" target=\"_self\">Weiterlesen<\/a>\n\n\n\n\n\n\n\n\n\n\n\n\n\n\n\n\n\n\n\n\n\n\n\n\n\n\n\n\n\n\n\n\n\n\n\n\n\n\n\n","protected":false},"excerpt":{"rendered":"<p>Sie m\u00f6chten den Alegro e.V. mit einer Spende unterst\u00fctzen? Vereinsallgemeimes KontoAlegro e.V.DE31 4306 0967 1116 4916 00BIC: GENODEM1GLSBank: GLS Bank Aufnahmeprogramm S\u00fcd-Nord-KomponenteAlegro e.V.DE04 4306 0967 1116 4916 01BIC:GENODEM1GLS Entsendeprogramm Nord-S\u00fcd-KomponenteAlegro<\/p>\n","protected":false},"author":5,"featured_media":0,"parent":0,"menu_order":0,"comment_status":"closed","ping_status":"closed","template":"","meta":[],"_links":{"self":[{"href":"http:\/\/www.alegro-weltweit.de\/wordpress_neu\/wp-json\/wp\/v2\/pages\/3383"}],"collection":[{"href":"http:\/\/www.alegro-weltweit.de\/wordpress_neu\/wp-json\/wp\/v2\/pages"}],"about":[{"href":"http:\/\/www.alegro-weltweit.de\/wordpress_neu\/wp-json\/wp\/v2\/types\/page"}],"author":[{"embeddable":true,"href":"http:\/\/www.alegro-weltweit.de\/wordpress_neu\/wp-json\/wp\/v2\/users\/5"}],"replies":[{"embeddable":true,"href":"http:\/\/www.alegro-weltweit.de\/wordpress_neu\/wp-json\/wp\/v2\/comments?post=3383"}],"version-history":[{"count":9,"href":"http:\/\/www.alegro-weltweit.de\/wordpress_neu\/wp-json\/wp\/v2\/pages\/3383\/revisions"}],"predecessor-version":[{"id":4002,"href":"http:\/\/www.alegro-weltweit.de\/wordpress_neu\/wp-json\/wp\/v2\/pages\/3383\/revisions\/4002"}],"wp:attachment":[{"href":"http:\/\/www.alegro-weltweit.de\/wordpress_neu\/wp-json\/wp\/v2\/media?parent=3383"}],"curies":[{"name":"wp","href":"https:\/\/api.w.org\/{rel}","templated":true}]}}