{"id":3420,"date":"2021-03-10T18:17:31","date_gmt":"2021-03-10T17:17:31","guid":{"rendered":"http:\/\/www.alegro-weltweit.de\/wordpress_neu\/?page_id=3420"},"modified":"2021-03-10T18:17:31","modified_gmt":"2021-03-10T17:17:31","slug":"cusumbi-stiftung","status":"publish","type":"page","link":"http:\/\/www.alegro-weltweit.de\/wordpress_neu\/cusumbi-stiftung\/","title":{"rendered":"CUSUMB\u00cd-STIFTUNG"},"content":{"rendered":"\n<p><img decoding=\"async\" loading=\"lazy\" width=\"1280px;\" height=\"720px;\" src=\"https:\/\/lh5.googleusercontent.com\/l9yPUqJgv5Kyw-h06OzIdJNyrAaq5YKo18zU_7XU4RkrWcnwmHt5iwUNXLi-Bcks6RAsHQRk22TWvAzRfHqhsmZwhDf7J3dC4E4MFNBkYhiFHQj4R8qJPQSEloweQaOx3G1ZJQE\" alt=\"Image may contain: ocean, sky, beach, outdoor, water and nature\"><\/p>\n\n\n\n<p>Die Cusumb\u00ed-Stiftung setzt sich aus Einheimischen und Bewohnern der Gemeinden der Halbinsel und des Marinereservats in Galera &#8211; San Francisco zusammen.<\/p>\n\n\n\n<p>Das Ziel ist es, einen Beitrag zur nachhaltigen Entwicklung der Kommunen zu leisten, um die \u00e4u\u00dferst wertvollen und bedrohten \u00d6kosysteme in diesem Gebiet der Provinz Esmeraldas zu erhalten.&nbsp;<\/p>\n\n\n\n<p>Im Projekt werden die Zeitpl\u00e4ne und die Dynamik der Arbeit je nach Aktivit\u00e4t der Meeresschildkr\u00f6ten stark variieren. Ab Mitte Juni beginnt die Brutzeit, die im August, September und Oktober ihren H\u00f6hepunkt erreicht. In diesen Monaten findet die \u00dcberwachung zwischen 7 und 10 Uhr morgens statt und kann bis zum Nachmittag verl\u00e4ngert werden, wenn Nester gefunden werden, die gesch\u00fctzt, exhumiert oder umgesiedelt werden m\u00fcssen.&nbsp;&nbsp;<\/p>\n\n\n\n<p>Ab November beginnen die Eier zu schl\u00fcpfen. W\u00e4hrend dieser Monate m\u00fcssen die Nester \u00fcberwacht werden, um sicherzustellen, dass sie nicht bel\u00e4stigt oder bedroht werden, und um eine akribische Aufzeichnung (Daten, Bilder, Videos) zu f\u00fchren, so dass die Pr\u00e4senz am Strand praktisch den ganzen Tag \u00fcber stattfindet, je nach den Aktivit\u00e4ten der Schildkr\u00f6ten.<\/p>\n\n\n\n<p>Samstags finden in den Kommunen Workshops zur Umweltbildung f\u00fcr junge Menschen in den Gemeinden. Dies ist ein Projekt in Partnerschaft mit der Katholischen Universit\u00e4t von Esmeraldas (PUCESE).<\/p>\n\n\n\n<p><img decoding=\"async\" loading=\"lazy\" width=\"373px;\" height=\"210px;\" src=\"https:\/\/lh5.googleusercontent.com\/vfHoAqwg-XxnRwVtsj2wZJkRrLIH7RhZ-t6rO-iNWl2tkH4KqvqPKJ9Cm9ZGOtP2z7pUXNL_j2tEu36_Scbo366RYcjE9vd4xa771CHwCYfZwNSFZ9LdMarCVf-ymPDv3cG3YiQ\" alt=\"Image may contain: 14 people, people smiling, people standing\"><\/p>\n\n\n\n<p><strong>VERANTWORTLICHKEITEN<\/strong><\/p>\n\n\n\n<p>&#8211; Seien Sie Teil eines multidisziplin\u00e4ren Teams, das sich auf den Umweltschutz und die nachhaltige Entwicklung der Gemeinden im Einflussbereich des Galera San Francisco Marine Reserve konzentriert.<\/p>\n\n\n\n<p>&#8211; Durchf\u00fchrung von Strandwanderungen im Reservat zur Erkennung, Geolokalisierung (GPS) und zum Schutz von Meeresschildkr\u00f6tennestern.<\/p>\n\n\n\n<p>&#8211; \u00dcberwachung von Meeresschildkr\u00f6tennestern, bis die Jungtiere das Meer erreichen.<\/p>\n\n\n\n<p>&#8211; Strandreinigungsaktivit\u00e4ten, um das Nisten von Meeresschildkr\u00f6ten zu erleichtern.<\/p>\n\n\n\n<p>&#8211; Sammeln, Klassifizieren, Wiederbenutzen und\/oder Recyceln von M\u00fcll am Strand.<\/p>\n\n\n\n<p>&#8211; Teilnahme an Umweltschutz-Workshops f\u00fcr junge Menschen in den Gemeinden.<\/p>\n\n\n\n<p>&#8211; Geben einen Workshop zu Themen, die die Freiwilligen auskennen (Sport, Englisch, Kunst, Computer, etc.).&nbsp;<\/p>\n\n\n\n<p>&#8211; Unterst\u00fctzung im administrativen Teil der Organisation (Website, soziale Netzwerke, Freiwilligenprogramme, etc.).<\/p>\n","protected":false},"excerpt":{"rendered":"<p>Die Cusumb\u00ed-Stiftung setzt sich aus Einheimischen und Bewohnern der Gemeinden der Halbinsel und des Marinereservats in Galera &#8211; San Francisco zusammen. Das Ziel ist es, einen Beitrag zur nachhaltigen Entwicklung<\/p>\n","protected":false},"author":5,"featured_media":0,"parent":0,"menu_order":0,"comment_status":"closed","ping_status":"closed","template":"","meta":[],"_links":{"self":[{"href":"http:\/\/www.alegro-weltweit.de\/wordpress_neu\/wp-json\/wp\/v2\/pages\/3420"}],"collection":[{"href":"http:\/\/www.alegro-weltweit.de\/wordpress_neu\/wp-json\/wp\/v2\/pages"}],"about":[{"href":"http:\/\/www.alegro-weltweit.de\/wordpress_neu\/wp-json\/wp\/v2\/types\/page"}],"author":[{"embeddable":true,"href":"http:\/\/www.alegro-weltweit.de\/wordpress_neu\/wp-json\/wp\/v2\/users\/5"}],"replies":[{"embeddable":true,"href":"http:\/\/www.alegro-weltweit.de\/wordpress_neu\/wp-json\/wp\/v2\/comments?post=3420"}],"version-history":[{"count":1,"href":"http:\/\/www.alegro-weltweit.de\/wordpress_neu\/wp-json\/wp\/v2\/pages\/3420\/revisions"}],"predecessor-version":[{"id":3421,"href":"http:\/\/www.alegro-weltweit.de\/wordpress_neu\/wp-json\/wp\/v2\/pages\/3420\/revisions\/3421"}],"wp:attachment":[{"href":"http:\/\/www.alegro-weltweit.de\/wordpress_neu\/wp-json\/wp\/v2\/media?parent=3420"}],"curies":[{"name":"wp","href":"https:\/\/api.w.org\/{rel}","templated":true}]}}