{"id":3452,"date":"2021-03-10T18:57:41","date_gmt":"2021-03-10T17:57:41","guid":{"rendered":"http:\/\/www.alegro-weltweit.de\/wordpress_neu\/?page_id=3452"},"modified":"2021-03-10T18:57:42","modified_gmt":"2021-03-10T17:57:42","slug":"vereint-fuer-bildung-rio-saloya-schule","status":"publish","type":"page","link":"http:\/\/www.alegro-weltweit.de\/wordpress_neu\/vereint-fuer-bildung-rio-saloya-schule\/","title":{"rendered":"VEREINT F\u00dcR BILDUNG \u201cR\u00edo Saloya\u201d Schule"},"content":{"rendered":"\n<p><\/p>\n\n\n\n<p id=\"block-dab8f2e4-76d5-4e3f-95c7-9110d0edf39c\"><strong>VEREINT F\u00dcR BILDUNG<\/strong><\/p>\n\n\n\n<p id=\"block-4df26608-3cde-4ab7-8606-ae46ca11fa0f\">Vereint f\u00fcr Bildung f\u00f6rdert Entwicklung auf der Bildungs-, Sozial-, Umwelt-, Gesundheits-, Wirtschafts-, Produktions- und Kulturebene. Dazu werden die Bildungseinrichtungen in einer ganzheitlichen Weise umgewandelt, indem sie zur Referenz und zur Zentrale werden, von der aus die Entwicklung der Gemeinschaft und die soziale Mobilit\u00e4t projiziert werden.<\/p>\n\n\n\n<p id=\"block-267c2aba-f3b7-400d-9486-a352ed45d027\">Die Organisation strebt an:<\/p>\n\n\n\n<p id=\"block-72015fb1-2ac6-420b-abcb-a6b0099e7bcb\">\u25cf BILDUNGSEINRICHTUNGEN UMGESTALTEN.<\/p>\n\n\n\n<p id=\"block-ff5d9329-ad21-455c-aa49-9e2f10ec066d\">\u25cf Bef\u00e4higung des Bereichs<\/p>\n\n\n\n<p id=\"block-e5b7950f-a85a-492f-878c-a79e73a7dd08\">\u25cf Sicherung der sozialen Mobilit\u00e4t<\/p>\n\n\n\n<figure class=\"wp-block-image\" id=\"block-f3046121-ea25-4859-b4a7-760e1c99c102\"><img decoding=\"async\" src=\"http:\/\/www.alegro-weltweit.de\/wordpress_neu\/wp-content\/uploads\/2021\/03\/image-3.png\" alt=\"Dieses Bild hat ein leeres Alt-Attribut. Der Dateiname ist image-3.png\"\/><\/figure>\n\n\n\n<p id=\"block-7e03e9d2-994a-4ab2-989e-084029e075f6\"><strong>\u201cR\u00edo Saloya\u201d Schule PROJEKTKULTUR&nbsp;<\/strong><\/p>\n\n\n\n<p id=\"block-840415a6-fdd9-4a38-93e3-e11e474bf3a3\">&#8222;Unser Klassenzimmer ist der Wald, w\u00e4hrend des Jahres haben wir 10 Zyklen, jeweils sechs Freitage und einen Samstag im Monat, mit spezifischen Aktivit\u00e4ten, die als Team einen Monat im Voraus programmiert werden. Die erlernten F\u00e4higkeiten und Fertigkeiten werden im Camp ausgewertet, wo sie eine echte Erfahrung mit der Natur machen.&#8220;<\/p>\n\n\n\n<figure class=\"wp-block-image\"><img decoding=\"async\" src=\"http:\/\/www.alegro-weltweit.de\/wordpress_neu\/wp-content\/uploads\/2021\/03\/image-4.png\" alt=\"\"\/><\/figure>\n\n\n\n<p id=\"block-98f90e14-a148-4b91-84d6-346f7c169b42\"><strong>Bei der Arbeit&#8230;<\/strong><\/p>\n\n\n\n<p id=\"block-cf6fd8ad-332a-458c-95a6-69988d9741ca\">Wir suchen jemanden, der die Natur liebt, der keine Angst vor Herausforderungen hat, der vom Wald lernen will, der sich integriert und sich mit den Kindern wohlf\u00fchlt, jemand, der in Fehlern L\u00f6sungen und Chancen sieht und Konflikte friedlich l\u00f6sen kann. Jemand, der lernen und sein Wissen weitergeben m\u00f6chte. Die Aufgabe des Lehrens muss Freude, Wahrheit und \u00dcberzeugung ausstrahlen, damit sie zu freudigem und engagiertem Lernen anregt.<\/p>\n","protected":false},"excerpt":{"rendered":"<p>VEREINT F\u00dcR BILDUNG Vereint f\u00fcr Bildung f\u00f6rdert Entwicklung auf der Bildungs-, Sozial-, Umwelt-, Gesundheits-, Wirtschafts-, Produktions- und Kulturebene. Dazu werden die Bildungseinrichtungen in einer ganzheitlichen Weise umgewandelt, indem sie zur<\/p>\n","protected":false},"author":5,"featured_media":0,"parent":0,"menu_order":0,"comment_status":"closed","ping_status":"closed","template":"","meta":[],"_links":{"self":[{"href":"http:\/\/www.alegro-weltweit.de\/wordpress_neu\/wp-json\/wp\/v2\/pages\/3452"}],"collection":[{"href":"http:\/\/www.alegro-weltweit.de\/wordpress_neu\/wp-json\/wp\/v2\/pages"}],"about":[{"href":"http:\/\/www.alegro-weltweit.de\/wordpress_neu\/wp-json\/wp\/v2\/types\/page"}],"author":[{"embeddable":true,"href":"http:\/\/www.alegro-weltweit.de\/wordpress_neu\/wp-json\/wp\/v2\/users\/5"}],"replies":[{"embeddable":true,"href":"http:\/\/www.alegro-weltweit.de\/wordpress_neu\/wp-json\/wp\/v2\/comments?post=3452"}],"version-history":[{"count":1,"href":"http:\/\/www.alegro-weltweit.de\/wordpress_neu\/wp-json\/wp\/v2\/pages\/3452\/revisions"}],"predecessor-version":[{"id":3453,"href":"http:\/\/www.alegro-weltweit.de\/wordpress_neu\/wp-json\/wp\/v2\/pages\/3452\/revisions\/3453"}],"wp:attachment":[{"href":"http:\/\/www.alegro-weltweit.de\/wordpress_neu\/wp-json\/wp\/v2\/media?parent=3452"}],"curies":[{"name":"wp","href":"https:\/\/api.w.org\/{rel}","templated":true}]}}