{"id":3460,"date":"2021-03-10T19:03:00","date_gmt":"2021-03-10T18:03:00","guid":{"rendered":"http:\/\/www.alegro-weltweit.de\/wordpress_neu\/?page_id=3460"},"modified":"2021-03-10T19:03:01","modified_gmt":"2021-03-10T18:03:01","slug":"vereint-fuer-bildung-amor-stiftung-7-8-schule","status":"publish","type":"page","link":"http:\/\/www.alegro-weltweit.de\/wordpress_neu\/vereint-fuer-bildung-amor-stiftung-7-8-schule\/","title":{"rendered":"VEREINT F\u00dcR BILDUNG AMOR STIFTUNG 7.8 Schule"},"content":{"rendered":"\n<p id=\"block-e5ab98a9-8dfe-4190-9f86-da883df72281\"><strong><br>VEREINT F\u00dcR BILDUNG<\/strong><\/p>\n\n\n\n<p id=\"block-dfc957d6-ab70-464e-9418-26c6bd9a5f57\">Vereint f\u00fcr Bildung f\u00f6rdert Entwicklung auf der Bildungs-, Sozial-, Umwelt-, Gesundheits-, Wirtschafts-, Produktions- und Kulturebene. Dazu werden die Bildungseinrichtungen in einer ganzheitlichen Weise umgewandelt, indem sie zur Referenz und zur Zentrale werden, von der aus die Entwicklung der Gemeinschaft und die soziale Mobilit\u00e4t projiziert werden.<\/p>\n\n\n\n<p id=\"block-de00609d-c6a3-47f0-8c2c-b532e15f7c8f\">Die Organisation strebt an:<\/p>\n\n\n\n<p id=\"block-d5545882-9e35-45fa-8781-586b6f2d3758\">\u25cf BILDUNGSEINRICHTUNGEN UMGESTALTEN.<\/p>\n\n\n\n<p id=\"block-8987711b-763d-441c-9580-e055bdc9a021\">\u25cf Bef\u00e4higung des Bereichs<\/p>\n\n\n\n<p id=\"block-4bd05842-e3a5-4bfa-9858-3d8661093f0a\">\u25cf Sicherung der sozialen Mobilit\u00e4t<\/p>\n\n\n\n<figure class=\"wp-block-image\" id=\"block-3879e36c-04e5-46fd-b45b-567ddf323dca\"><img decoding=\"async\" src=\"http:\/\/www.alegro-weltweit.de\/wordpress_neu\/wp-content\/uploads\/2021\/03\/image-8.png\" alt=\"Dieses Bild hat ein leeres Alt-Attribut. Der Dateiname ist image-8.png\"\/><\/figure>\n\n\n\n<p id=\"block-26138fa1-89aa-4e58-a5b7-0cb71e8dedfc\"><strong>AMOR STIFTUNG 7.8 PROJEKTKULTUR<\/strong><\/p>\n\n\n\n<p id=\"block-10255715-67eb-44d3-a16c-2a37a78e40ba\">Es ist eine sehr unabh\u00e4ngige und freundliche Kultur. Alle sind bereit, zusammenzuarbeiten und auf das gleiche Ziel hinzuarbeiten, n\u00e4mlich die Regeneration des \u00d6kosystems, Bildung und Bio\u00f6konomie (erfordert konzentrierte und unabh\u00e4ngige Arbeit).<\/p>\n\n\n\n<div class=\"wp-block-media-text alignwide has-media-on-the-right is-stacked-on-mobile\"><figure class=\"wp-block-media-text__media\"><img decoding=\"async\" src=\"http:\/\/www.alegro-weltweit.de\/wordpress_neu\/wp-content\/uploads\/2021\/03\/image-9.png\" alt=\"\"\/><\/figure><div class=\"wp-block-media-text__content\">\n<p id=\"block-5c35bf36-27f7-4af3-bfdd-a409a95e2c1d\"><strong>bei der Arbeit&#8230;<\/strong><\/p>\n\n\n\n<p id=\"block-451e466f-f13f-4e77-bf12-f0345b9af9f4\">&#8211; Entwicklung von kommunalen Bildungsprojekten<\/p>\n\n\n\n<p id=\"block-9a06184e-ce5a-473d-be3f-7ddd86f35195\">&#8211; Entwicklung von Kunst- und Freizeitwerkst\u00e4tten<\/p>\n\n\n\n<p id=\"block-26fcc5e9-91f3-4bf6-9813-8c3f1f6f1168\">&#8211; Gemeinwesenarbeit und Eigeninitiative<\/p>\n\n\n\n<p id=\"block-8cb124c6-d090-47fb-aada-7d95dab5a0ec\">&#8211; organisatorische Aktivit\u00e4ten<\/p>\n\n\n\n<p id=\"block-36807b5e-f174-4f38-8e28-a49ed3efd633\">&#8211; Koordinieren und Archivieren in sozialen Netzwerken<\/p>\n\n\n\n<p id=\"block-84e2a065-ac8f-45b6-b849-3c3bb105f61f\">&#8211; Unterricht in Englisch oder Spanisch und Deutsch<\/p>\n\n\n\n<p id=\"block-28b5b861-1fce-453b-89f9-a033ae8cf7ac\">&#8211; Organisation der Workshop-Logistik<\/p>\n\n\n\n<p id=\"block-f2f2748e-540b-4d88-b680-2c730decc7d3\">&#8211; Budgets erstellen<\/p>\n\n\n\n<p id=\"block-e3ad5c8e-5a3c-4bc2-9e00-83dfffe96fb1\">-M\u00f6glichkeit, Bio-G\u00e4rten zu gestalten und zu kultivieren<\/p>\n\n\n\n<p id=\"block-f84fdfc1-49b6-49f9-a9a7-24f493168f96\">-Arbeiten mit Kunsthandwerk<\/p>\n<\/div><\/div>\n","protected":false},"excerpt":{"rendered":"<p>VEREINT F\u00dcR BILDUNG Vereint f\u00fcr Bildung f\u00f6rdert Entwicklung auf der Bildungs-, Sozial-, Umwelt-, Gesundheits-, Wirtschafts-, Produktions- und Kulturebene. Dazu werden die Bildungseinrichtungen in einer ganzheitlichen Weise umgewandelt, indem sie zur<\/p>\n","protected":false},"author":5,"featured_media":0,"parent":0,"menu_order":0,"comment_status":"closed","ping_status":"closed","template":"","meta":[],"_links":{"self":[{"href":"http:\/\/www.alegro-weltweit.de\/wordpress_neu\/wp-json\/wp\/v2\/pages\/3460"}],"collection":[{"href":"http:\/\/www.alegro-weltweit.de\/wordpress_neu\/wp-json\/wp\/v2\/pages"}],"about":[{"href":"http:\/\/www.alegro-weltweit.de\/wordpress_neu\/wp-json\/wp\/v2\/types\/page"}],"author":[{"embeddable":true,"href":"http:\/\/www.alegro-weltweit.de\/wordpress_neu\/wp-json\/wp\/v2\/users\/5"}],"replies":[{"embeddable":true,"href":"http:\/\/www.alegro-weltweit.de\/wordpress_neu\/wp-json\/wp\/v2\/comments?post=3460"}],"version-history":[{"count":1,"href":"http:\/\/www.alegro-weltweit.de\/wordpress_neu\/wp-json\/wp\/v2\/pages\/3460\/revisions"}],"predecessor-version":[{"id":3461,"href":"http:\/\/www.alegro-weltweit.de\/wordpress_neu\/wp-json\/wp\/v2\/pages\/3460\/revisions\/3461"}],"wp:attachment":[{"href":"http:\/\/www.alegro-weltweit.de\/wordpress_neu\/wp-json\/wp\/v2\/media?parent=3460"}],"curies":[{"name":"wp","href":"https:\/\/api.w.org\/{rel}","templated":true}]}}