{"id":3464,"date":"2021-03-10T19:06:08","date_gmt":"2021-03-10T18:06:08","guid":{"rendered":"http:\/\/www.alegro-weltweit.de\/wordpress_neu\/?page_id=3464"},"modified":"2021-03-10T19:06:09","modified_gmt":"2021-03-10T18:06:09","slug":"vereint-fuer-bildung-ayampe-schule-2","status":"publish","type":"page","link":"http:\/\/www.alegro-weltweit.de\/wordpress_neu\/vereint-fuer-bildung-ayampe-schule-2\/","title":{"rendered":"VEREINT F\u00dcR BILDUNG &#8222;Ayampe&#8220; Schule"},"content":{"rendered":"\n<p><strong>VEREINT F\u00dcR BILDUNG<\/strong><\/p>\n\n\n\n<p>Vereint f\u00fcr Bildung f\u00f6rdert Entwicklung auf der Bildungs-, Sozial-, Umwelt-, Gesundheits-, Wirtschafts-, Produktions- und Kulturebene. Dazu werden die Bildungseinrichtungen in einer ganzheitlichen Weise umgewandelt, indem sie zur Referenz und zur Zentrale werden, von der aus die Entwicklung der Gemeinschaft und die soziale Mobilit\u00e4t projiziert werden.<\/p>\n\n\n\n<p>Die Organisation strebt an:<\/p>\n\n\n\n<p>\u25cf BILDUNGSEINRICHTUNGEN UMGESTALTEN.<\/p>\n\n\n\n<p>\u25cf Bef\u00e4higung des Bereichs<\/p>\n\n\n\n<p>\u25cf Sicherung der sozialen Mobilit\u00e4t<\/p>\n\n\n\n<figure class=\"wp-block-image\"><img decoding=\"async\" loading=\"lazy\" width=\"553\" height=\"345\" src=\"http:\/\/www.alegro-weltweit.de\/wordpress_neu\/wp-content\/uploads\/2021\/03\/image-5.png\" alt=\"\" class=\"wp-image-3436\" srcset=\"http:\/\/www.alegro-weltweit.de\/wordpress_neu\/wp-content\/uploads\/2021\/03\/image-5.png 553w, http:\/\/www.alegro-weltweit.de\/wordpress_neu\/wp-content\/uploads\/2021\/03\/image-5-300x187.png 300w, http:\/\/www.alegro-weltweit.de\/wordpress_neu\/wp-content\/uploads\/2021\/03\/image-5-150x94.png 150w\" sizes=\"(max-width: 553px) 100vw, 553px\" \/><\/figure>\n\n\n\n<p><strong><strong>&#8222;Ayampe Schule<\/strong>&#8222;\u2013 Ernesto Vel\u00e1squez Kuff\u00f3.<\/strong><\/p>\n\n\n\n<p>Schule, die mit Kindern im Alter von 3 bis 12 Jahren an der ecuadorianischen K\u00fcste arbeitet. Dieses Bildungsprojekt entwickelt verschiedene aktive P\u00e4dagogiken, bei denen Freiwillige in der Lage sein m\u00fcssen, zusammen mit Lehrern p\u00e4dagogische Vorschl\u00e4ge zu planen, die einer konstruktivistischen Vision des Lernens entsprechen.<\/p>\n\n\n\n<div class=\"wp-block-media-text alignwide is-stacked-on-mobile\"><figure class=\"wp-block-media-text__media\"><img decoding=\"async\" loading=\"lazy\" width=\"330\" height=\"381\" src=\"http:\/\/www.alegro-weltweit.de\/wordpress_neu\/wp-content\/uploads\/2021\/03\/image-6.png\" alt=\"\" class=\"wp-image-3437\" srcset=\"http:\/\/www.alegro-weltweit.de\/wordpress_neu\/wp-content\/uploads\/2021\/03\/image-6.png 330w, http:\/\/www.alegro-weltweit.de\/wordpress_neu\/wp-content\/uploads\/2021\/03\/image-6-260x300.png 260w, http:\/\/www.alegro-weltweit.de\/wordpress_neu\/wp-content\/uploads\/2021\/03\/image-6-130x150.png 130w\" sizes=\"(max-width: 330px) 100vw, 330px\" \/><\/figure><div class=\"wp-block-media-text__content\">\n<p><strong>Bei der Arbeit\u2026<\/strong><\/p>\n\n\n\n<p>\u2013 Planung und Durchf\u00fchrung von p\u00e4dagogischen Aktivit\u00e4ten mit den Kindern der Schule zusammen mit den Lehrern der Einrichtung.<\/p>\n\n\n\n<p>\u2013 Mithilfe bei der Pflege der R\u00e4ume und deren Ordnung.<\/p>\n\n\n\n<p>\u2013 Durchf\u00fchrung von spezifischen Workshops zu k\u00fcnstlerischen und kreativen F\u00e4higkeiten.<\/p>\n\n\n\n<p>\u2013 Unterst\u00fctzung bei au\u00dferschulischen Aktivit\u00e4ten f\u00fcr die Kinder der Gemeinde.<\/p>\n<\/div><\/div>\n\n\n\n<figure class=\"wp-block-image\"><img decoding=\"async\" loading=\"lazy\" width=\"372\" height=\"367\" src=\"http:\/\/www.alegro-weltweit.de\/wordpress_neu\/wp-content\/uploads\/2021\/03\/image-7.png\" alt=\"\" class=\"wp-image-3438\" srcset=\"http:\/\/www.alegro-weltweit.de\/wordpress_neu\/wp-content\/uploads\/2021\/03\/image-7.png 372w, http:\/\/www.alegro-weltweit.de\/wordpress_neu\/wp-content\/uploads\/2021\/03\/image-7-300x296.png 300w, http:\/\/www.alegro-weltweit.de\/wordpress_neu\/wp-content\/uploads\/2021\/03\/image-7-150x148.png 150w\" sizes=\"(max-width: 372px) 100vw, 372px\" \/><\/figure>\n","protected":false},"excerpt":{"rendered":"<p>VEREINT F\u00dcR BILDUNG Vereint f\u00fcr Bildung f\u00f6rdert Entwicklung auf der Bildungs-, Sozial-, Umwelt-, Gesundheits-, Wirtschafts-, Produktions- und Kulturebene. Dazu werden die Bildungseinrichtungen in einer ganzheitlichen Weise umgewandelt, indem sie zur<\/p>\n","protected":false},"author":5,"featured_media":0,"parent":0,"menu_order":0,"comment_status":"closed","ping_status":"closed","template":"","meta":[],"_links":{"self":[{"href":"http:\/\/www.alegro-weltweit.de\/wordpress_neu\/wp-json\/wp\/v2\/pages\/3464"}],"collection":[{"href":"http:\/\/www.alegro-weltweit.de\/wordpress_neu\/wp-json\/wp\/v2\/pages"}],"about":[{"href":"http:\/\/www.alegro-weltweit.de\/wordpress_neu\/wp-json\/wp\/v2\/types\/page"}],"author":[{"embeddable":true,"href":"http:\/\/www.alegro-weltweit.de\/wordpress_neu\/wp-json\/wp\/v2\/users\/5"}],"replies":[{"embeddable":true,"href":"http:\/\/www.alegro-weltweit.de\/wordpress_neu\/wp-json\/wp\/v2\/comments?post=3464"}],"version-history":[{"count":1,"href":"http:\/\/www.alegro-weltweit.de\/wordpress_neu\/wp-json\/wp\/v2\/pages\/3464\/revisions"}],"predecessor-version":[{"id":3465,"href":"http:\/\/www.alegro-weltweit.de\/wordpress_neu\/wp-json\/wp\/v2\/pages\/3464\/revisions\/3465"}],"wp:attachment":[{"href":"http:\/\/www.alegro-weltweit.de\/wordpress_neu\/wp-json\/wp\/v2\/media?parent=3464"}],"curies":[{"name":"wp","href":"https:\/\/api.w.org\/{rel}","templated":true}]}}