{"id":3585,"date":"2021-06-02T00:36:23","date_gmt":"2021-06-01T23:36:23","guid":{"rendered":"http:\/\/www.alegro-weltweit.de\/wordpress_neu\/?page_id=3585"},"modified":"2021-06-03T17:04:26","modified_gmt":"2021-06-03T16:04:26","slug":"jardineria-garten-eden","status":"publish","type":"page","link":"http:\/\/www.alegro-weltweit.de\/wordpress_neu\/jardineria-garten-eden\/","title":{"rendered":"Jardiner\u00eda Garten Eden"},"content":{"rendered":"\n<p>El Garten Eden e.V. es una asociaci\u00f3n sin fines de lucro en Halle que entre otras fundi\u00f3 la jardiner\u00eda de naturaleza Eden. 18 ni\u00f1xs a partir de los tres anos pasan ah\u00ed su d\u00eda de jardiner\u00eda. La mayor\u00eda del d\u00eda pasan en la naturaleza, aunque hay un espacio seguro para mal tiempo. Las personas del Garten Eden quieren crear espacios en los que crecimiento y desarrollo puede funcionar de manera integral. El concepto del Garten Eden se orienta en conceptos de pedagog\u00eda de naturaleza y en la educaci\u00f3n de desarrollo sostenible. <\/p>\n\n\n\n<p>M\u00fasica, cuidado, movimiento, arte, creatividad y una convivencia de aprecio son componentes importantes. El Garten Eden se encuentra en medio de la ciudad de Halle, por lo cual el descubrimiento de espacios de naturaleza en y alrededor de la ciudad tiene un rol grande. <\/p>\n\n\n\n<p>Un dia con el Garten Eden puede ser as\u00ed: Lxs ni\u00f1xs est\u00e1n recibidxs en un punto de encuentro. Empieza una caminata de d\u00eda con un peque\u00f1o carro de madera, una carpa y un destino fijo. En el camino se hace un circulo de la ma\u00f1ana donde lxs ni\u00f1xs pueden decir sus deseos e ideas. Llegando al sitio de destino lxs ni\u00f1xs pueden ir a descubrir, jugar libremente y participar en actividades. Despu\u00e9s de la comida del mediod\u00eda lxs ni\u00f1xs est\u00e1n recogidxs por sus padres. <\/p>\n\n\n\n<figure class=\"wp-block-image\"><img decoding=\"async\" src=\"https:\/\/image.jimcdn.com\/app\/cms\/image\/transf\/dimension=1024x2048:format=jpg\/path\/s9268f9d2eba8fbfa\/image\/ib65e7b610aaa86ca\/version\/1611954510\/image.jpg\" alt=\"\"\/><\/figure>\n\n\n\n<p><\/p>\n","protected":false},"excerpt":{"rendered":"<p>El Garten Eden e.V. es una asociaci\u00f3n sin fines de lucro en Halle que entre otras fundi\u00f3 la jardiner\u00eda de naturaleza Eden. 18 ni\u00f1xs a partir de los tres anos<\/p>\n","protected":false},"author":14,"featured_media":0,"parent":0,"menu_order":0,"comment_status":"closed","ping_status":"closed","template":"","meta":[],"_links":{"self":[{"href":"http:\/\/www.alegro-weltweit.de\/wordpress_neu\/wp-json\/wp\/v2\/pages\/3585"}],"collection":[{"href":"http:\/\/www.alegro-weltweit.de\/wordpress_neu\/wp-json\/wp\/v2\/pages"}],"about":[{"href":"http:\/\/www.alegro-weltweit.de\/wordpress_neu\/wp-json\/wp\/v2\/types\/page"}],"author":[{"embeddable":true,"href":"http:\/\/www.alegro-weltweit.de\/wordpress_neu\/wp-json\/wp\/v2\/users\/14"}],"replies":[{"embeddable":true,"href":"http:\/\/www.alegro-weltweit.de\/wordpress_neu\/wp-json\/wp\/v2\/comments?post=3585"}],"version-history":[{"count":3,"href":"http:\/\/www.alegro-weltweit.de\/wordpress_neu\/wp-json\/wp\/v2\/pages\/3585\/revisions"}],"predecessor-version":[{"id":3588,"href":"http:\/\/www.alegro-weltweit.de\/wordpress_neu\/wp-json\/wp\/v2\/pages\/3585\/revisions\/3588"}],"wp:attachment":[{"href":"http:\/\/www.alegro-weltweit.de\/wordpress_neu\/wp-json\/wp\/v2\/media?parent=3585"}],"curies":[{"name":"wp","href":"https:\/\/api.w.org\/{rel}","templated":true}]}}