{"id":3669,"date":"2021-06-03T17:44:44","date_gmt":"2021-06-03T16:44:44","guid":{"rendered":"http:\/\/www.alegro-weltweit.de\/wordpress_neu\/?page_id=3669"},"modified":"2021-06-11T23:52:41","modified_gmt":"2021-06-11T22:52:41","slug":"planerladen-juki","status":"publish","type":"page","link":"http:\/\/www.alegro-weltweit.de\/wordpress_neu\/planerladen-juki\/","title":{"rendered":"Planerladen (JuKi)"},"content":{"rendered":"\n<div class=\"wp-block-image\"><figure class=\"alignright is-resized\"><img decoding=\"async\" loading=\"lazy\" src=\"http:\/\/www.alegro-weltweit.de\/wordpress_neu\/wp-content\/uploads\/2016\/05\/Planerladen-300x225.jpg\" alt=\"Planerladen\" class=\"wp-image-1226\" width=\"276\" height=\"207\" srcset=\"http:\/\/www.alegro-weltweit.de\/wordpress_neu\/wp-content\/uploads\/2016\/05\/Planerladen-300x225.jpg 300w, http:\/\/www.alegro-weltweit.de\/wordpress_neu\/wp-content\/uploads\/2016\/05\/Planerladen-150x113.jpg 150w, http:\/\/www.alegro-weltweit.de\/wordpress_neu\/wp-content\/uploads\/2016\/05\/Planerladen-768x576.jpg 768w, http:\/\/www.alegro-weltweit.de\/wordpress_neu\/wp-content\/uploads\/2016\/05\/Planerladen.jpg 800w\" sizes=\"(max-width: 276px) 100vw, 276px\" \/><\/figure><\/div>\n\n\n\n<p>O Planerladen \u00e9 um projeto social que se encontra na cidade de Dortmund. Aqui @ volunt\u00e1ri@ trabalha com criancas e jovens no distrito Innenstadt-Nord. <\/p>\n\n\n\n<p><\/p>\n\n\n\n<p><\/p>\n\n\n\n<p><\/p>\n\n\n\n<div class=\"wp-block-image\"><figure class=\"alignleft\"><img decoding=\"async\" loading=\"lazy\" width=\"300\" height=\"225\" src=\"http:\/\/www.alegro-weltweit.de\/wordpress_neu\/wp-content\/uploads\/2016\/05\/Planerladen2-300x225.jpg\" alt=\"Planerladen2\" class=\"wp-image-1227\" srcset=\"http:\/\/www.alegro-weltweit.de\/wordpress_neu\/wp-content\/uploads\/2016\/05\/Planerladen2-300x225.jpg 300w, http:\/\/www.alegro-weltweit.de\/wordpress_neu\/wp-content\/uploads\/2016\/05\/Planerladen2-150x113.jpg 150w, http:\/\/www.alegro-weltweit.de\/wordpress_neu\/wp-content\/uploads\/2016\/05\/Planerladen2-768x576.jpg 768w, http:\/\/www.alegro-weltweit.de\/wordpress_neu\/wp-content\/uploads\/2016\/05\/Planerladen2.jpg 800w\" sizes=\"(max-width: 300px) 100vw, 300px\" \/><\/figure><\/div>\n\n\n\n<p>Tem&nbsp;ofertas educativas e de apoio para estes jovens. O objectivo do trabalho s\u00f3cio-educativo do Planerladen e.V. \u00e9 oferecer projetos para melhorar a situa\u00e7\u00e3o de vida de crian\u00e7as e jovens, para descobrir e promover compet\u00eancias sociais, reduzindo assim as suas desvantagens.<br>A orienta\u00e7\u00e3o conceptual do trabalho pedag\u00f3gico no local \u00e9 baseada na pedagogia do lazer e do jogo e \u00e9 enriquecida por abordagens diferentes do trabalho juvenil aberto.<\/p>\n","protected":false},"excerpt":{"rendered":"<p>O Planerladen \u00e9 um projeto social que se encontra na cidade de Dortmund. Aqui @ volunt\u00e1ri@ trabalha com criancas e jovens no distrito Innenstadt-Nord. Tem&nbsp;ofertas educativas e de apoio para<\/p>\n","protected":false},"author":5,"featured_media":0,"parent":0,"menu_order":0,"comment_status":"closed","ping_status":"closed","template":"","meta":[],"_links":{"self":[{"href":"http:\/\/www.alegro-weltweit.de\/wordpress_neu\/wp-json\/wp\/v2\/pages\/3669"}],"collection":[{"href":"http:\/\/www.alegro-weltweit.de\/wordpress_neu\/wp-json\/wp\/v2\/pages"}],"about":[{"href":"http:\/\/www.alegro-weltweit.de\/wordpress_neu\/wp-json\/wp\/v2\/types\/page"}],"author":[{"embeddable":true,"href":"http:\/\/www.alegro-weltweit.de\/wordpress_neu\/wp-json\/wp\/v2\/users\/5"}],"replies":[{"embeddable":true,"href":"http:\/\/www.alegro-weltweit.de\/wordpress_neu\/wp-json\/wp\/v2\/comments?post=3669"}],"version-history":[{"count":8,"href":"http:\/\/www.alegro-weltweit.de\/wordpress_neu\/wp-json\/wp\/v2\/pages\/3669\/revisions"}],"predecessor-version":[{"id":3754,"href":"http:\/\/www.alegro-weltweit.de\/wordpress_neu\/wp-json\/wp\/v2\/pages\/3669\/revisions\/3754"}],"wp:attachment":[{"href":"http:\/\/www.alegro-weltweit.de\/wordpress_neu\/wp-json\/wp\/v2\/media?parent=3669"}],"curies":[{"name":"wp","href":"https:\/\/api.w.org\/{rel}","templated":true}]}}