{"id":3673,"date":"2021-06-03T17:49:57","date_gmt":"2021-06-03T16:49:57","guid":{"rendered":"http:\/\/www.alegro-weltweit.de\/wordpress_neu\/?page_id=3673"},"modified":"2021-06-11T23:41:49","modified_gmt":"2021-06-11T22:41:49","slug":"projetos","status":"publish","type":"page","link":"http:\/\/www.alegro-weltweit.de\/wordpress_neu\/projetos\/","title":{"rendered":"Projetos"},"content":{"rendered":"\n<p><strong>Projectos com crian\u00e7as e adolescentes:<\/strong><\/p>\n\n\n\n<p><a href=\"http:\/\/www.alegro-weltweit.de\/wordpress_neu\/wp-admin\/post.php?post=3669&amp;action=edit\">Planerladen &#8211; centro juvenil<\/a><\/p>\n\n\n\n<p><a href=\"http:\/\/www.alegro-weltweit.de\/wordpress_neu\/kulturanum\/\">Kulturanum &#8211; escola comunit\u00e1ria<\/a><\/p>\n\n\n\n<p>Kinderring e.V. &#8211; projecto de educa\u00e7\u00e3o<\/p>\n\n\n\n<p><strong>Projectos com crina\u00e7as pequenas:<\/strong><\/p>\n\n\n\n<p>Wukaninchen &#8211; jardim infantil<\/p>\n\n\n\n<p><a href=\"http:\/\/www.alegro-weltweit.de\/wordpress_neu\/garten-eden\/\">Garten Eden &#8211; jardim infantil da natureza<\/a><\/p>\n\n\n\n<p><strong>Projectos ecol\u00f3gicos:<\/strong><\/p>\n\n\n\n<p>Anna Linde &#8211; floricultura urbana<\/p>\n\n\n\n<p><strong>Projectos com pessoas menos privil\u00e9giadas:<\/strong><\/p>\n\n\n\n<p><a href=\"http:\/\/www.alegro-weltweit.de\/wordpress_neu\/iniciativa-bauen-wohnen-arbeiten\/\">Initiative Bauen Wohnen Arbeiten<\/a><\/p>\n\n\n\n<p><strong>Projectos de arte e creatividade:<\/strong><\/p>\n\n\n\n<p>Comedia &#8211; teatro<\/p>\n","protected":false},"excerpt":{"rendered":"<p>Projectos com crian\u00e7as e adolescentes: Planerladen &#8211; centro juvenil Kulturanum &#8211; escola comunit\u00e1ria Kinderring e.V. &#8211; projecto de educa\u00e7\u00e3o Projectos com crina\u00e7as pequenas: Wukaninchen &#8211; jardim infantil Garten Eden &#8211;<\/p>\n","protected":false},"author":5,"featured_media":0,"parent":0,"menu_order":0,"comment_status":"closed","ping_status":"closed","template":"","meta":[],"_links":{"self":[{"href":"http:\/\/www.alegro-weltweit.de\/wordpress_neu\/wp-json\/wp\/v2\/pages\/3673"}],"collection":[{"href":"http:\/\/www.alegro-weltweit.de\/wordpress_neu\/wp-json\/wp\/v2\/pages"}],"about":[{"href":"http:\/\/www.alegro-weltweit.de\/wordpress_neu\/wp-json\/wp\/v2\/types\/page"}],"author":[{"embeddable":true,"href":"http:\/\/www.alegro-weltweit.de\/wordpress_neu\/wp-json\/wp\/v2\/users\/5"}],"replies":[{"embeddable":true,"href":"http:\/\/www.alegro-weltweit.de\/wordpress_neu\/wp-json\/wp\/v2\/comments?post=3673"}],"version-history":[{"count":7,"href":"http:\/\/www.alegro-weltweit.de\/wordpress_neu\/wp-json\/wp\/v2\/pages\/3673\/revisions"}],"predecessor-version":[{"id":3742,"href":"http:\/\/www.alegro-weltweit.de\/wordpress_neu\/wp-json\/wp\/v2\/pages\/3673\/revisions\/3742"}],"wp:attachment":[{"href":"http:\/\/www.alegro-weltweit.de\/wordpress_neu\/wp-json\/wp\/v2\/media?parent=3673"}],"curies":[{"name":"wp","href":"https:\/\/api.w.org\/{rel}","templated":true}]}}