{"id":3724,"date":"2021-06-11T23:28:22","date_gmt":"2021-06-11T22:28:22","guid":{"rendered":"http:\/\/www.alegro-weltweit.de\/wordpress_neu\/?page_id=3724"},"modified":"2021-06-11T23:32:35","modified_gmt":"2021-06-11T22:32:35","slug":"garten-eden","status":"publish","type":"page","link":"http:\/\/www.alegro-weltweit.de\/wordpress_neu\/garten-eden\/","title":{"rendered":"Garten Eden"},"content":{"rendered":"\n<p>O Garten Eden (Jardim Eden) \u00e9 uma associa\u00e7\u00e3o sem fins lucrativos em Halle que, entre outros, fundou um jardim-de-inf\u00e2ncia de natureza. Dezoito crian\u00e7as, a partir de tr\u00eas anos de idade passam aqui o seu dia de jardim-de-inf\u00e2ncia. Uma grande parte do quotidiano \u00e9 passada na natureza, mas existe salas para o mau tempo. As*Os criadores do Garten Eden querem criar espa\u00e7os aonde o crescimento e o desenvolvimento sejam poss\u00edveis num n\u00edvel hol\u00edstico e integral. O conceito do Jardim do \u00c9den baseia-se em conceitos de educa\u00e7\u00e3o de natureza e educa\u00e7\u00e3o para o desenvolvimento sustent\u00e1vel. M\u00fasica, aten\u00e7\u00e3o, movimento, arte, criatividade e uma aprecia\u00e7\u00e3o em conjunto s\u00e3o componentes importantes aqui. O Jardim do \u00c9den est\u00e1 localizado no meio de Halle, o que significa que a explora\u00e7\u00e3o e descoberta de espa\u00e7os naturais dentro e fora da cidade desempenham um papel importante.<\/p>\n\n\n\n<p>Um dia com o Jardim-de-inf\u00e2ncia pode ter este aspecto: As crian\u00e7as s\u00e3o reunidas num ponto de encontro. Depois fazem uma caminhada de um dia com um carrinho de m\u00e3o, uma pequena tenda e um destino fixo. No caminho h\u00e1 um c\u00edrculo matinal onde as crian\u00e7as podem expressar as suas ideias e desejos. No destino, as crian\u00e7as podem ir numa viagem de descoberta, brincar livremente e participar nas actividades oferecidas. Depois do almo\u00e7o, as crian\u00e7as s\u00e3o apanhadas pelos pais.<br>Mais informa\u00e7\u00f5es: <a href=\"https:\/\/www.garten-eden-halle.de\/\">https:\/\/www.garten-eden-halle.de\/<br><\/a><\/p>\n\n\n\n<figure class=\"wp-block-image\"><img decoding=\"async\" src=\"https:\/\/image.jimcdn.com\/app\/cms\/image\/transf\/dimension=1024x2048:format=jpg\/path\/s9268f9d2eba8fbfa\/image\/ib65e7b610aaa86ca\/version\/1611954510\/image.jpg\" alt=\"Dieses Bild hat ein leeres Alt-Attribut. Der Dateiname ist image.jpg\"\/><\/figure>\n","protected":false},"excerpt":{"rendered":"<p>O Garten Eden (Jardim Eden) \u00e9 uma associa\u00e7\u00e3o sem fins lucrativos em Halle que, entre outros, fundou um jardim-de-inf\u00e2ncia de natureza. Dezoito crian\u00e7as, a partir de tr\u00eas anos de idade<\/p>\n","protected":false},"author":5,"featured_media":0,"parent":0,"menu_order":0,"comment_status":"closed","ping_status":"closed","template":"","meta":[],"_links":{"self":[{"href":"http:\/\/www.alegro-weltweit.de\/wordpress_neu\/wp-json\/wp\/v2\/pages\/3724"}],"collection":[{"href":"http:\/\/www.alegro-weltweit.de\/wordpress_neu\/wp-json\/wp\/v2\/pages"}],"about":[{"href":"http:\/\/www.alegro-weltweit.de\/wordpress_neu\/wp-json\/wp\/v2\/types\/page"}],"author":[{"embeddable":true,"href":"http:\/\/www.alegro-weltweit.de\/wordpress_neu\/wp-json\/wp\/v2\/users\/5"}],"replies":[{"embeddable":true,"href":"http:\/\/www.alegro-weltweit.de\/wordpress_neu\/wp-json\/wp\/v2\/comments?post=3724"}],"version-history":[{"count":2,"href":"http:\/\/www.alegro-weltweit.de\/wordpress_neu\/wp-json\/wp\/v2\/pages\/3724\/revisions"}],"predecessor-version":[{"id":3728,"href":"http:\/\/www.alegro-weltweit.de\/wordpress_neu\/wp-json\/wp\/v2\/pages\/3724\/revisions\/3728"}],"wp:attachment":[{"href":"http:\/\/www.alegro-weltweit.de\/wordpress_neu\/wp-json\/wp\/v2\/media?parent=3724"}],"curies":[{"name":"wp","href":"https:\/\/api.w.org\/{rel}","templated":true}]}}