{"id":3737,"date":"2021-06-11T23:38:31","date_gmt":"2021-06-11T22:38:31","guid":{"rendered":"http:\/\/www.alegro-weltweit.de\/wordpress_neu\/?page_id=3737"},"modified":"2021-06-11T23:41:10","modified_gmt":"2021-06-11T22:41:10","slug":"kulturanum","status":"publish","type":"page","link":"http:\/\/www.alegro-weltweit.de\/wordpress_neu\/kulturanum\/","title":{"rendered":"Kulturanum"},"content":{"rendered":"\n<p>O Kulturanum \u00e9 uma escola comunit\u00e1ria em Jena, Tur\u00edngia, que oferece uma educa\u00e7\u00e3o alternativa.<\/p>\n\n\n\n<p>A escola \u00e9 uma escola inclusiva e tenta exercer a menor press\u00e3o poss\u00edvel sobre os estudantes, permitindo um ritmo de aprendizagem individual.<\/p>\n\n\n\n<p>Os projetos nos campos da dan\u00e7a, m\u00fasica, fotografia, jornalismo, desporto e animais s\u00e3o trabalhados com o objetivo de que os estudantes descubram e desenvolvam as suas capacidades pessoais.<\/p>\n\n\n\n<p>Deveres do volunt\u00e1rio:<\/p>\n\n\n\n<p>-Ajudar a preparar o pequeno-almo\u00e7o di\u00e1rio para tod@s @s estudantes.<\/p>\n\n\n\n<p>&#8211;> Na prepara\u00e7\u00e3o est\u00e3o presentes pessoas p\u00f3s-escolares, assim como professores, pais, volunt\u00e1ri@s e os pr\u00f3prios estudantes.<\/p>\n\n\n\n<p>-Aulas de espanhol: as aulas de espanhol s\u00e3o dadas do 6\u00ba ao 10\u00ba ano e s\u00e3o apoiadas pel@ volunt\u00e1ri@, em caso que \u00e9 falante de espanhol. As tarefas espec\u00edficas consistem em assistir @s professores, ajudar @s alun@s nas suas tarefas, traduzir, explicar, conversar em espanhol, jogar, ensinar vocabul\u00e1rio e rev\u00ea-lo.<\/p>\n\n\n\n<p>-Nas turmas mais baixas (primeira a quarta), @ volunt\u00e1ri@ ajudar\u00e1 nas de matem\u00e1tica, escrita, ou jogos.<\/p>\n\n\n\n<p>-@ volunt\u00e1ri@ pode apoiar as diferentes turmas com excurs\u00f5es e projectos externos.<br><br>Mais informa\u00e7\u00f5es:&nbsp; <a href=\"https:\/\/kulturanum.jena.de\/\">https:\/\/kulturanum.jena.de\/<\/a><\/p>\n","protected":false},"excerpt":{"rendered":"<p>O Kulturanum \u00e9 uma escola comunit\u00e1ria em Jena, Tur\u00edngia, que oferece uma educa\u00e7\u00e3o alternativa. A escola \u00e9 uma escola inclusiva e tenta exercer a menor press\u00e3o poss\u00edvel sobre os estudantes,<\/p>\n","protected":false},"author":5,"featured_media":0,"parent":0,"menu_order":0,"comment_status":"closed","ping_status":"closed","template":"","meta":[],"_links":{"self":[{"href":"http:\/\/www.alegro-weltweit.de\/wordpress_neu\/wp-json\/wp\/v2\/pages\/3737"}],"collection":[{"href":"http:\/\/www.alegro-weltweit.de\/wordpress_neu\/wp-json\/wp\/v2\/pages"}],"about":[{"href":"http:\/\/www.alegro-weltweit.de\/wordpress_neu\/wp-json\/wp\/v2\/types\/page"}],"author":[{"embeddable":true,"href":"http:\/\/www.alegro-weltweit.de\/wordpress_neu\/wp-json\/wp\/v2\/users\/5"}],"replies":[{"embeddable":true,"href":"http:\/\/www.alegro-weltweit.de\/wordpress_neu\/wp-json\/wp\/v2\/comments?post=3737"}],"version-history":[{"count":2,"href":"http:\/\/www.alegro-weltweit.de\/wordpress_neu\/wp-json\/wp\/v2\/pages\/3737\/revisions"}],"predecessor-version":[{"id":3740,"href":"http:\/\/www.alegro-weltweit.de\/wordpress_neu\/wp-json\/wp\/v2\/pages\/3737\/revisions\/3740"}],"wp:attachment":[{"href":"http:\/\/www.alegro-weltweit.de\/wordpress_neu\/wp-json\/wp\/v2\/media?parent=3737"}],"curies":[{"name":"wp","href":"https:\/\/api.w.org\/{rel}","templated":true}]}}