{"id":3872,"date":"2022-04-21T16:02:52","date_gmt":"2022-04-21T15:02:52","guid":{"rendered":"http:\/\/www.alegro-weltweit.de\/wordpress_neu\/?page_id=3872"},"modified":"2022-04-22T18:20:09","modified_gmt":"2022-04-22T17:20:09","slug":"die-vierte-sued-nord-generation","status":"publish","type":"page","link":"http:\/\/www.alegro-weltweit.de\/wordpress_neu\/die-vierte-sued-nord-generation\/","title":{"rendered":"Die vierte S\u00fcd-Nord-Generation"},"content":{"rendered":"\n<p><\/p>\n\n\n\n<figure class=\"is-layout-flex wp-block-gallery-1 wp-block-gallery columns-1 is-cropped\"><ul class=\"blocks-gallery-grid\"><li class=\"blocks-gallery-item\"><figure><img decoding=\"async\" loading=\"lazy\" width=\"1024\" height=\"465\" src=\"http:\/\/www.alegro-weltweit.de\/wordpress_neu\/wp-content\/uploads\/2021\/10\/Q5A3364-1024x465.jpg\" alt=\"\" data-id=\"3813\" data-full-url=\"http:\/\/www.alegro-weltweit.de\/wordpress_neu\/wp-content\/uploads\/2021\/10\/Q5A3364-scaled.jpg\" data-link=\"http:\/\/www.alegro-weltweit.de\/wordpress_neu\/das-erste-zwischenseminar-der-r4\/q5a3364\/\" class=\"wp-image-3813\" srcset=\"http:\/\/www.alegro-weltweit.de\/wordpress_neu\/wp-content\/uploads\/2021\/10\/Q5A3364-1024x465.jpg 1024w, http:\/\/www.alegro-weltweit.de\/wordpress_neu\/wp-content\/uploads\/2021\/10\/Q5A3364-300x136.jpg 300w, http:\/\/www.alegro-weltweit.de\/wordpress_neu\/wp-content\/uploads\/2021\/10\/Q5A3364-150x68.jpg 150w, http:\/\/www.alegro-weltweit.de\/wordpress_neu\/wp-content\/uploads\/2021\/10\/Q5A3364-768x349.jpg 768w, http:\/\/www.alegro-weltweit.de\/wordpress_neu\/wp-content\/uploads\/2021\/10\/Q5A3364-1536x697.jpg 1536w, http:\/\/www.alegro-weltweit.de\/wordpress_neu\/wp-content\/uploads\/2021\/10\/Q5A3364-2048x930.jpg 2048w\" sizes=\"(max-width: 1024px) 100vw, 1024px\" \/><\/figure><\/li><\/ul><\/figure>\n\n\n\n<p><strong>Gabriela &#8211; Naturkindergarten Eden, Halle <\/strong><\/p>\n\n\n\n<figure class=\"wp-block-image size-large is-resized\"><img decoding=\"async\" loading=\"lazy\" src=\"http:\/\/www.alegro-weltweit.de\/wordpress_neu\/wp-content\/uploads\/2022\/04\/2022-04-21-22.01.04-760x1024.jpg\" alt=\"\" class=\"wp-image-3891\" width=\"239\" height=\"322\" srcset=\"http:\/\/www.alegro-weltweit.de\/wordpress_neu\/wp-content\/uploads\/2022\/04\/2022-04-21-22.01.04-760x1024.jpg 760w, http:\/\/www.alegro-weltweit.de\/wordpress_neu\/wp-content\/uploads\/2022\/04\/2022-04-21-22.01.04-223x300.jpg 223w, http:\/\/www.alegro-weltweit.de\/wordpress_neu\/wp-content\/uploads\/2022\/04\/2022-04-21-22.01.04-111x150.jpg 111w, http:\/\/www.alegro-weltweit.de\/wordpress_neu\/wp-content\/uploads\/2022\/04\/2022-04-21-22.01.04-768x1035.jpg 768w, http:\/\/www.alegro-weltweit.de\/wordpress_neu\/wp-content\/uploads\/2022\/04\/2022-04-21-22.01.04.jpg 950w\" sizes=\"(max-width: 239px) 100vw, 239px\" \/><\/figure>\n\n\n\n<p><\/p>\n\n\n\n<p>&#8222;An den Tagen an denen die W\u00f6rter mir entgleiten, kommen verschiedene und bunte Linienstriche leise in meine H\u00e4nde und begleiten mich. Manchmal habe ich den Eindruck, dass ich sie f\u00fchre, ein anderes Mal habe ich den Eindruck, dass sie sich von selbst bewegen, als w\u00e4ren sie Seelen, die sich selbst auf Papier zeichnen. Ich bin fasziniert von den Formen, die sie annehmen, von den Farben, die hervor scheinen, von den Botschaften, die ich versteckt zwischen ihren Federn entdecke. Ihre Anwesenheit und die Kraft ihrer Botschaften waren f\u00fcr mich Licht und Feuer in den langen N\u00e4chten des deutschen Winters. Nach einem intensiven Prozess, in dem ich meine Fragen \u00fcberdacht und meine Antworten neu geschrieben habe, bin ich zutiefst dankbar f\u00fcr die Dunkelheit dieser Winternacht, denn sie hat mir erlaubt, die hellsten Konstellationen zu sehen, im innen und au\u00dfen.&#8220;<\/p>\n\n\n\n<p><\/p>\n\n\n\n<p><em>&#8222;En los d\u00edas en los que las palabras huyen de m\u00ed, trazos diferentes y coloridos llegan silenciosos a mis manos y me hacen compa\u00f1\u00eda&#8230; A veces me parece que soy yo quien los gu\u00eda; otras, tengo la impresi\u00f3n de que se mueven por s\u00ed solos, c\u00f3mo si fueran almas que se dibujan a s\u00ed mismas sobre el papel. Me fascinan las formas que van tomando, los colores que van luciendo&#8230; los mensajes que voy descubriendo ocultos entre sus plumas o entre las patas. Sus presencias y el poder de sus mensajes fueron para m\u00ed luz y fuego en las largas noche del invierno alem\u00e1n. Despu\u00e9s de un proceso que ha sido intenso de replantearme las preguntas y de reescribir las respuestas, agradezco profundamente la oscuridad de esta noche de invierno porque me ha permitido ver las constelaciones m\u00e1s brillantes, adentro y afuera. &#8222;<\/em><\/p>\n\n\n\n<p><strong>Adelium &#8211; Annalinde, Leipzig <\/strong><\/p>\n\n\n\n<figure class=\"wp-block-image size-large is-resized\"><img decoding=\"async\" loading=\"lazy\" src=\"http:\/\/www.alegro-weltweit.de\/wordpress_neu\/wp-content\/uploads\/2022\/04\/Adelium-Foto-1024x768.jpg\" alt=\"\" class=\"wp-image-3873\" width=\"356\" height=\"266\" srcset=\"http:\/\/www.alegro-weltweit.de\/wordpress_neu\/wp-content\/uploads\/2022\/04\/Adelium-Foto-1024x768.jpg 1024w, http:\/\/www.alegro-weltweit.de\/wordpress_neu\/wp-content\/uploads\/2022\/04\/Adelium-Foto-300x225.jpg 300w, http:\/\/www.alegro-weltweit.de\/wordpress_neu\/wp-content\/uploads\/2022\/04\/Adelium-Foto-150x113.jpg 150w, http:\/\/www.alegro-weltweit.de\/wordpress_neu\/wp-content\/uploads\/2022\/04\/Adelium-Foto-768x576.jpg 768w, http:\/\/www.alegro-weltweit.de\/wordpress_neu\/wp-content\/uploads\/2022\/04\/Adelium-Foto.jpg 1280w\" sizes=\"(max-width: 356px) 100vw, 356px\" \/><\/figure>\n\n\n\n<p><\/p>\n\n\n\n<p>&#8222;Die Weihnachtsferien und das Jahresende waren die perfekte Zeit, um ein wenig weiter zu reisen und die Herzlichkeit von Steffis Familie, meiner Mentorin, auf einer pers\u00f6nlicheren Ebene kennen zu lernen. Die Familie empfing mich mit W\u00fcrde, ich f\u00fchlte mich wie &#8222;Balthasar&#8220;, der Zauberk\u00f6nig, und dank dieser Gastfreundschaft konnte ich die Traditionen kennen lernen, die deutsche Familien an Weihnachten pflegen. Von den K\u00f6stlichkeiten, dem Gesang, begleitet vom Strumming auf rechtzeitig geparkten Gitarren und Fl\u00f6ten, die aus Kellern geborgen wurden, die so viele Kindheitserinnerungen der Familie bergen. (\u2026) Weihnachten im Kreise der Familie war magisch. Das Ende des Jahres war unvergesslich, weil ich die tolle Gelegenheit hatte, die W\u00e4rme meiner Kollegen zu sp\u00fcren und die Stimmung in Berlin zu erleben, w\u00e4hrend das Jahr verging. Wir haben uns in Momenten, Geschichten und Speisen wiedergefunden, bei denen wir uns wie zu Hause f\u00fchlten. Nat\u00fcrlich wollte mein Annalinde-Projekt das auch machen. Einige Tage vor Heiligabend bot es uns auch ein besonderes Weihnachtserlebnis an, so dass wir zu den Kl\u00e4ngen au\u00dfergew\u00f6hnlicher Stimmen und Musikinstrumente sangen und ein reichhaltiges, f\u00fcr die Jahreszeit typisches Abendessen zu uns nahmen.&#8220;<\/p>\n\n\n\n<p><em>&#8222;A pausa do natal e final do ano foi um momento perfeito para viajar um pouco mais e conhecer de forma mais pessoal o calor da fam\u00edlia da Steffi, a minha mentora. A fam\u00edlia recebeu-me condignamente, sentia-me o pr\u00f3prio \u201cBaltazar\u201d rei mago e gra\u00e7as a essa hos- pitalidade, pude conhecer mais de perto as tradi\u00e7\u00f5es que as fam\u00edlias alem\u00e3s seguem no natal. Desde as iguarias, cantorias acompanhadas de dedilhados em violas estacionadas ao tempo e flautas recuperadas de por\u00f5es que guardam tantas lembran\u00e7as de inf\u00e2ncia da fam\u00edlia. (\u2026) Foi m\u00e1gico o natal em fam\u00edlia. O final de ano foi memor\u00e1vel pela fant\u00e1stica oportunidade de poder estar pr\u00f3ximo do calor dos meus colegas e conhecer a vibra\u00e7\u00e3o de Berlin quando se transita de ano. Revivemos momentos, hist\u00f3rias e comidas que nos faziam sentir-nos em casa. Naturalmente o meu projecto Annalinde, quis e f\u00ea-lo tamb\u00e9m. Alguns dias antes da noite de natal, ofereceu-nos tamb\u00e9m uma experi\u00eancia natalina especial, de modo que ao som de vozes extraordin\u00e1rias e instrumentos musicais, cantamos aos sons do natal e tivemos uma ceia farta, t\u00edpica da \u00e9poca.&#8220;<\/em><\/p>\n\n\n\n<p><\/p>\n\n\n\n<p><strong>Tattis &#8211; Gemeinschaftsschule Kulturanum, Jena <\/strong><\/p>\n\n\n\n<figure class=\"wp-block-image size-large is-resized\"><img decoding=\"async\" loading=\"lazy\" src=\"http:\/\/www.alegro-weltweit.de\/wordpress_neu\/wp-content\/uploads\/2022\/04\/2022-04-21-16.24.05-768x1024.jpg\" alt=\"\" class=\"wp-image-3875\" width=\"236\" height=\"315\" srcset=\"http:\/\/www.alegro-weltweit.de\/wordpress_neu\/wp-content\/uploads\/2022\/04\/2022-04-21-16.24.05-768x1024.jpg 768w, http:\/\/www.alegro-weltweit.de\/wordpress_neu\/wp-content\/uploads\/2022\/04\/2022-04-21-16.24.05-225x300.jpg 225w, http:\/\/www.alegro-weltweit.de\/wordpress_neu\/wp-content\/uploads\/2022\/04\/2022-04-21-16.24.05-113x150.jpg 113w, http:\/\/www.alegro-weltweit.de\/wordpress_neu\/wp-content\/uploads\/2022\/04\/2022-04-21-16.24.05.jpg 960w\" sizes=\"(max-width: 236px) 100vw, 236px\" \/><\/figure>\n\n\n\n<p>&#8222;Zur\u00fcck im Projekt, rannten die Kinder auf mich zu, um mich zu umarmen, sie riefen vor Freude meinen Namen, und ich f\u00fchlte mich richtig gut. Es ist ein neues Schuljahr angebrochen, neue Sch\u00fcler sind eingetroffen, aber einige Sch\u00fcler haben auch den Kurs gewechselt (ich ein bisschen traurig um ehrlich zu sein). Jetzt unterst\u00fctze ich im Spanischunterricht zwei neue Klassen. Eine, die gerade erst&nbsp; von Grund auf anf\u00e4ngt [Spanisch] zu lernen, und eine andere, die schon fortgeschritten sein sollte, es aber nicht ist, obwohl sie die \u00e4lteste von allen ist. Im Hort kennen mich die Kinder aus den anderen Klassen schon, es ist sch\u00f6n Zeit mit ihnen zu verbringen, sie m\u00f6gen mich oder zeigen es zumindest durch Umarmungen, vielen Umarmungen und sie halten meine Hand wenn ich im Gespr\u00e4chskreis sitze und teilen immer ihr Obst mit mir. Wenn ich durch die Flure des Kulturanums gehe, werde ich immer von verschiedenen Sch\u00fclern gegr\u00fc\u00dft, auch von Sch\u00fclern die nicht im Spanischunterricht sind. Es ist sch\u00f6n zu h\u00f6ren wie sie W\u00f6rter auf Spanisch sagen und mich fragen, ob sie es richtig gesagt haben. Auf dem Weg nach drau\u00dfen verabschieden sich auch viele von ihnen (und ich muss zugeben, dass mich immer gl\u00fccklich macht).&#8220;<\/p>\n\n\n\n<p><em>&#8222;Volvimos al proyecto, y los peques corrieron a abrazarme, dec\u00edan mi nombre con felicidad y yo solo me sent\u00ed muy bien. Ahora es un nuevo a\u00f1o escolar, llegaron nuevos estudiantes pero tambi\u00e9n se fueron algunos a un nuevo curso. (Si me sent\u00ed un poco triste la verdad). Ahora en clases de espa\u00f1ol apoyo a dos nuevos cursos, uno que recien empieza desde cero a aprender y otro que ya deber\u00eda estar avanzado pero no es as\u00ed, aunque son los mayores de todos. En el Hort, los ni\u00f1os de otros cursos ya me conocen, es lindo poder pasar con ellos, me tienen cari\u00f1o o al menos me lo demuestran con abrazos, muchos abrazos, agarran mi mano cuando me siento en los c\u00edrculos de la palabra y siempre me comparten alguna fruta. Camino por los pasillos del Kulturanum y siempre recibo saludos de diferentes estudiantes, incluso de estudiantes que no estan en clases de espa\u00f1ol, pero es agradable escucharles decir palabras en espa\u00f1ol y preguntarme si lo han dicho bien. Al salir muchos se despiden tambi\u00e9n. (Debo admitir que siempre me hace feliz).&#8220;<\/em><\/p>\n\n\n\n<p><strong>Nilza &#8211; Waldkindergarten Wukaninchen, Biesental <\/strong><\/p>\n\n\n\n<figure class=\"wp-block-image size-large is-resized\"><img decoding=\"async\" loading=\"lazy\" src=\"http:\/\/www.alegro-weltweit.de\/wordpress_neu\/wp-content\/uploads\/2022\/04\/photo_2022-04-22_19-16-16-769x1024.jpg\" alt=\"\" class=\"wp-image-3901\" width=\"345\" height=\"459\" srcset=\"http:\/\/www.alegro-weltweit.de\/wordpress_neu\/wp-content\/uploads\/2022\/04\/photo_2022-04-22_19-16-16-769x1024.jpg 769w, http:\/\/www.alegro-weltweit.de\/wordpress_neu\/wp-content\/uploads\/2022\/04\/photo_2022-04-22_19-16-16-225x300.jpg 225w, http:\/\/www.alegro-weltweit.de\/wordpress_neu\/wp-content\/uploads\/2022\/04\/photo_2022-04-22_19-16-16-113x150.jpg 113w, http:\/\/www.alegro-weltweit.de\/wordpress_neu\/wp-content\/uploads\/2022\/04\/photo_2022-04-22_19-16-16-768x1023.jpg 768w, http:\/\/www.alegro-weltweit.de\/wordpress_neu\/wp-content\/uploads\/2022\/04\/photo_2022-04-22_19-16-16.jpg 961w\" sizes=\"(max-width: 345px) 100vw, 345px\" \/><\/figure>\n\n\n\n<p>&#8222;Ich habe viele neue Dinge gelernt, z. B. Fahrradfahren, Schwimmen und andere Dinge, die ich gerade lerne. Bei all dem habe ich auch Momente der Traurigkeit erlebt, weil ich meine Familie vermisst habe, Momente, in denen ich in peinliche Situationen geraten bin und nicht wusste, wie ich mich verhalten und mit der Situation umgehen sollte. Mit der Ankunft des Fr\u00fchlings und des kommenden Sommers f\u00fchle ich mich mit neuer Energie versorgt. Es ist sch\u00f6n zu sehen, wie alles zu bl\u00fchen beginnt und alle Pflanzen sehr schnell an Leben gewinnen.&#8220;<\/p>\n\n\n\n<p><em>&#8222;Tenho aprendido muitas novas coisas [&#8230;] como andar de bicicleta, nadar e mais coisas que eu vou aprendendo. Nisso tudo tamb\u00e9m vivenciei momentos tristeza contas da saudades da minha fam\u00edlia, momentos em que estive situa\u00e7\u00f5es constrangedoras e n\u00e3o soube como agir, e lhe dar com a situa\u00e7\u00e3o. Agora sinto as minhas energias renovadas com a chegada da primavera e j\u00e1 como o ver\u00e3o pr\u00f3ximo , \u00e9 lindo ver como tudo come\u00e7a a Florescer e todas as plantas ganhando vida muito r\u00e1pido r\u00e1pido.&#8220;<\/em><\/p>\n\n\n\n<p><\/p>\n\n\n\n<p><strong>Carlos &#8211; Comedia Theater, K\u00f6ln<\/strong><\/p>\n\n\n\n<p>&#8222;Wie kann man genau feststellen, wann eine Reise beginnt? Wenn Sie in ein Flugzeug einsteigen oder von einem Flughafen abheben, ist es sicher nicht so. Es kommt von weiter hinten. Vielleicht an einem ungenauen Tag, an dem man die Augen \u00f6ffnen und beschlie\u00dfen wird, anders aufzuwachen, und der morgendliche Caf\u00e9 con leche nicht mehr existieren wird, weil die Milch ausgegangen ist&#8230; Neue Horizonte erfinden, um sich selbst zum Gehen zu zwingen, dem Regal, in dem die Normen stehen, die Beine brechen, Annahmen umst\u00fcrzen und Vorurteile abbauen.&nbsp;Ein Carlos in tausend Teilen der dort hingeh\u00f6rt, wo die Momente angenehm waren, unabh\u00e4ngig von einem bestimmten Ort auf der Karte. Wer sagt uns, woher wir kommen? Ich f\u00fchle Teil des Tisches im Haus von Juli und Samu. Mein Platz ist auch der Proberaum, wo ich lange Zeit in der Gesellschaft von Theaterleuten gelebt habe. Ich geh\u00f6re zu meinem Zimmer in die WG, in der ich jeden Morgen das Caf\u00e9 rieche, den meine Mitbewohner lieben. Und trotz alledem, ich habe nicht aufgeh\u00f6rt, zu meinem Zimmer in Ibarra zu geh\u00f6ren.&nbsp;Wenn ich die Wahl h\u00e4tte, mit welchen kleinen Dingen ich nach Ecuador zur\u00fcckkehren k\u00f6nnte, dann w\u00fcrde ich ein St\u00fcck des Rheinufers mitnehmen, um mich an die Brise und den Geruch der Feuchtigkeit zu erinnern. Ich w\u00fcrde ein Fragment des Doms mitnehmen, um diesen Giganten, der den Himmel ber\u00fchrt, nicht zu vergessen, und ich w\u00fcrde auch in einer kleinen Schachtel den Duft der Wohnung von Juli und Samu aufbewahren, den ich immer als den Duft von Deutschland in Erinnerung behalten werde.&#8220;<\/p>\n\n\n\n<p><em>&#8222;\u00bfC\u00f3mo se puede decir con exactitud el inicio de un viaje? Cuando se sube al avi\u00f3n o cuando se ha despegado de alg\u00fan aeropuerto estoy seguro que no es. Viene de m\u00e1s atr\u00e1s. Tal vez en alg\u00fan d\u00eda inexacto en que uno abre los ojos y decide levantarse de una forma distinta y el caf\u00e9 con leche de todas las ma\u00f1anas no existir\u00e1 porque la leche se acab\u00f3\u2026inventarse nuevos horizontes para obligarse a caminar, quebrar las patas del estante donde los est\u00e1ndares se pasean, tumbar suposiciones y desarticular prejuicios\u2026Un Carlos mildividido que pertenece donde los momentos han sido agradables sin importar un lugar espec\u00edfico en el mapa\u2026 me siento parte de la mesa en la casa de Juli y Samu. Ahora tambi\u00e9n mi lugar es el cuarto de ensayos donde he vivido mucho tiempo en compa\u00f1\u00eda de la gente del teatro. Pertenezco a mi cuarto en el WG donde cada ma\u00f1ana se huele el caf\u00e9 que les encanta a mis roomies. Y a pesar de todo lo anterior no he dejado de pertenecer a mi cuarto en Ibarra\u2026 Si me dieran a escoger cosas con las que pudiera regresar a mi lugar en Ecuador, tomar\u00eda un pedacito de la orilla del Rhein para recordar la brisa y el olor a humedad. Me llevar\u00eda un fragmento de la catedral para no olvidar ese gigante que toca el cielo y adem\u00e1s guardar\u00eda en una cajita, si se pudiera, el aroma del departamento de Juli y Samu que para siempre lo recordar\u00e9 como el aroma de Alemania.&#8220;<\/em><\/p>\n\n\n\n<p><\/p>\n\n\n\n<p><strong>Tayron &#8211; Initiative Bauen Wohnen Arbeiten, K\u00f6ln<\/strong><\/p>\n\n\n\n<figure class=\"wp-block-image size-large is-resized\"><img decoding=\"async\" loading=\"lazy\" src=\"http:\/\/www.alegro-weltweit.de\/wordpress_neu\/wp-content\/uploads\/2022\/04\/2022-04-21-16.48.27-841x1024.jpg\" alt=\"\" class=\"wp-image-3876\" width=\"302\" height=\"368\" srcset=\"http:\/\/www.alegro-weltweit.de\/wordpress_neu\/wp-content\/uploads\/2022\/04\/2022-04-21-16.48.27-841x1024.jpg 841w, http:\/\/www.alegro-weltweit.de\/wordpress_neu\/wp-content\/uploads\/2022\/04\/2022-04-21-16.48.27-246x300.jpg 246w, http:\/\/www.alegro-weltweit.de\/wordpress_neu\/wp-content\/uploads\/2022\/04\/2022-04-21-16.48.27-123x150.jpg 123w, http:\/\/www.alegro-weltweit.de\/wordpress_neu\/wp-content\/uploads\/2022\/04\/2022-04-21-16.48.27-768x935.jpg 768w, http:\/\/www.alegro-weltweit.de\/wordpress_neu\/wp-content\/uploads\/2022\/04\/2022-04-21-16.48.27.jpg 1051w\" sizes=\"(max-width: 302px) 100vw, 302px\" \/><\/figure>\n\n\n\n<p><strong> <\/strong><\/p>\n\n\n\n<p>&#8222;Ich kam in der K\u00e4lte des Fr\u00fchlings an, was nicht so war, wie ich es mir urspr\u00fcnglich vorgestellt hatte: ein milderes Klima mit Blumen \u00fcberall. Die drastische Umstellung von der W\u00e4rme des Strandes und der Sonne auf die K\u00e4lte des Rheins und den Wind in K\u00f6ln war nicht so einfach. Seit ich mein Freiwilligenjahr begonnen habe, wusste ich, dass mich diese Erfahrung in vielerlei Hinsicht ver\u00e4ndern w\u00fcrde, aber ich h\u00e4tte nie gedacht, dass es auf so k\u00f6rperliche Weise sein w\u00fcrde. Nach einigen Arztbesuchen hatte ich einen Termin, bei dem man mir eine Operation vorschlug, um meine arthrotische H\u00fcfte durch eine Prothese zu ersetzen, die 50 Jahre halten sollte. Ich war begeistert von der Vorstellung, ohne Schmerzen zu leben\u2026&nbsp;Wie oft geben wir uns die Gelegenheit, etwas nicht zu wissen oder uns einfach zu verirren? Offen sein f\u00fcr den freien Fall ins Unbekannte.&nbsp;Ich verwandle mich&#8230;&#8220;<\/p>\n\n\n\n<p><em>&#8222;Llegu\u00e9 con el fri\u00f3 de la primavera, la cual no pareci\u00f3 en nada a lo que pens\u00e9 inicialmente; que ser\u00eda un clima m\u00e1s templado con flores por todas partes. Cambiar dr\u00e1sticamente el calor de la playa y el sol a el fri\u00f3 de Rhein y el viento de K\u00f6ln no estaba tan f\u00e1cil\u2026Desde que empec\u00e9 mi a\u00f1o de voluntario sab\u00eda que esta ser\u00eda una experiencia que me transformar\u00eda de muchas formas pero jam\u00e1s pens\u00e9 que ser\u00eda en maneras tan f\u00edsicas\u2026Despu\u00e9s de algunas citas m\u00e9dicas tuve una en la cual propusieron la cirug\u00eda para cambiar mi cadera con artrosis por una pr\u00f3tesis que durar\u00eda 50 a\u00f1os. Quede emocionado por la idea de vivir sin dolor\u2026\u00bfCuantas veces nos damos la oportunidad de no saber algo o de simplemente perdernos? Estar bierto a caer en ca\u00edda libre a lo desconocido.&nbsp;Me estoy transformando\u2026&#8220;<\/em><\/p>\n\n\n\n<p><strong>Keysha &#8211; Planerladen, Dortmund  <\/strong><\/p>\n\n\n\n<p><strong>Pedro &#8211; Jugendclub OC23, Berlin <\/strong><\/p>\n\n\n\n<figure class=\"wp-block-image size-large is-resized\"><img decoding=\"async\" loading=\"lazy\" src=\"http:\/\/www.alegro-weltweit.de\/wordpress_neu\/wp-content\/uploads\/2022\/04\/2022-04-21-16.51.07-768x1024.jpg\" alt=\"\" class=\"wp-image-3877\" width=\"260\" height=\"346\" srcset=\"http:\/\/www.alegro-weltweit.de\/wordpress_neu\/wp-content\/uploads\/2022\/04\/2022-04-21-16.51.07-768x1024.jpg 768w, http:\/\/www.alegro-weltweit.de\/wordpress_neu\/wp-content\/uploads\/2022\/04\/2022-04-21-16.51.07-225x300.jpg 225w, http:\/\/www.alegro-weltweit.de\/wordpress_neu\/wp-content\/uploads\/2022\/04\/2022-04-21-16.51.07-113x150.jpg 113w, http:\/\/www.alegro-weltweit.de\/wordpress_neu\/wp-content\/uploads\/2022\/04\/2022-04-21-16.51.07.jpg 960w\" sizes=\"(max-width: 260px) 100vw, 260px\" \/><\/figure>\n\n\n\n<p>&#8222;Entre muitas coisas a destacar nas atividades que venho desempenhando no projeto, h\u00e1 uma que n\u00e3o sai do foco: o dia 28 de outubro, dia em que o OC deu uma oferta de exposi\u00e7\u00e3o e ensino de artes de circo na Antonplaz &#8211; FOI INCR\u00cdVEL! J\u00e1 cont\u00e1vamos dois dias das minhas aulas de malabarismo de escamoteamento. Modesta e honestamente, n\u00e3o faltaram elogios do meu colega e professor, e tamb\u00e9m dos outros colegas que acompanh\u00e1ram o meu desenvolvimento na arte. Puxa! Naquele dia, eu j\u00e1 podia dar uma inicia\u00e7\u00e3o a outros novatos. E, isso me rendeu um maravilhoso tempo na companhia das crian\u00e7as que amaram a oferta de circo que n\u00f3s dois, proporcionamos naquele lugar. Foi lindo. Tive at\u00e9 experi\u00eancias com um grupo de jovens portadores de s\u00edndrome de Down que muito alegraram a minha experi\u00eancia naquele lugar, fora as tantas outras artes que est\u00e1vam a ser expostas por diversas institui\u00e7\u00f5es, maioritariamente gratu\u00edtas, que l\u00e0 est\u00e1vam. Um dia a n\u00e3o esquecer!&#8220;<\/p>\n\n\n\n<p><em>&#8222;Unter den vielen Aktivit\u00e4ten, die ich im Rahmen des Projekts unternommen habe, gibt es eine, die nicht aus dem Fokus ger\u00e4t: der 28. Oktober, der Tag, an dem das OC eine Ausstellung und ein Zirkusangebot am Antonplatz veranstaltete &#8211; ES WAR UNGLAUBLICH! Es waren bereits zwei Tage meines Jonglierunterrichts vergangen. In aller Bescheidenheit und Ehrlichkeit wurde ich von meinem Kollegen und Lehrer und auch von den anderen Kollegen, die meine Entwicklung in der Kunst verfolgt hatten, sehr gelobt. Wow, an diesem Tag konnte ich schon anderen Anf\u00e4ngern eine Einweisung geben. Und das hat mir eine wunderbare Zeit in der Gesellschaft der Kinder beschert, die das Zirkusangebot, das wir beide an diesem Ort anboten, liebten. Es war wundersch\u00f6n. Ich machte sogar Erfahrungen mit einer Gruppe von jungen Menschen mit Down-Syndrom, die meine Erlebnisse an diesem Ort aufhellten, ganz zu schweigen von den vielen anderen K\u00fcnsten, die dort von verschiedenen Institutionen, meist kostenlos, angeboten wurden. Ein Tag, den man nicht vergisst!&#8220;<\/em><\/p>\n\n\n\n<p><\/p>\n","protected":false},"excerpt":{"rendered":"<p>Gabriela &#8211; Naturkindergarten Eden, Halle &#8222;An den Tagen an denen die W\u00f6rter mir entgleiten, kommen verschiedene und bunte Linienstriche leise in meine H\u00e4nde und begleiten mich. Manchmal habe ich den<\/p>\n","protected":false},"author":14,"featured_media":0,"parent":0,"menu_order":0,"comment_status":"closed","ping_status":"closed","template":"","meta":[],"_links":{"self":[{"href":"http:\/\/www.alegro-weltweit.de\/wordpress_neu\/wp-json\/wp\/v2\/pages\/3872"}],"collection":[{"href":"http:\/\/www.alegro-weltweit.de\/wordpress_neu\/wp-json\/wp\/v2\/pages"}],"about":[{"href":"http:\/\/www.alegro-weltweit.de\/wordpress_neu\/wp-json\/wp\/v2\/types\/page"}],"author":[{"embeddable":true,"href":"http:\/\/www.alegro-weltweit.de\/wordpress_neu\/wp-json\/wp\/v2\/users\/14"}],"replies":[{"embeddable":true,"href":"http:\/\/www.alegro-weltweit.de\/wordpress_neu\/wp-json\/wp\/v2\/comments?post=3872"}],"version-history":[{"count":15,"href":"http:\/\/www.alegro-weltweit.de\/wordpress_neu\/wp-json\/wp\/v2\/pages\/3872\/revisions"}],"predecessor-version":[{"id":3906,"href":"http:\/\/www.alegro-weltweit.de\/wordpress_neu\/wp-json\/wp\/v2\/pages\/3872\/revisions\/3906"}],"wp:attachment":[{"href":"http:\/\/www.alegro-weltweit.de\/wordpress_neu\/wp-json\/wp\/v2\/media?parent=3872"}],"curies":[{"name":"wp","href":"https:\/\/api.w.org\/{rel}","templated":true}]}}