{"id":45,"date":"2013-06-22T22:32:16","date_gmt":"2013-06-22T22:32:16","guid":{"rendered":"http:\/\/www.alegro-weltweit.de\/wordpress_neu\/?page_id=45"},"modified":"2025-10-09T13:07:37","modified_gmt":"2025-10-09T12:07:37","slug":"bewerbung","status":"publish","type":"page","link":"http:\/\/www.alegro-weltweit.de\/wordpress_neu\/bewerbung\/","title":{"rendered":"Bewerbung"},"content":{"rendered":"<p lang=\"de-DE\">Zurzeit bieten wir keine Freiwilligendienste mehr an. F\u00fcr andere Organisationen, schaue bitte auf der Seite von weltw\u00e4rts nach.<\/p>\n<p lang=\"de-DE\">\n<p class=\"western\" lang=\"de-DE\"><strong><span style=\"font-size: x-large;\"><span style=\"color: #111111;\"><span style=\"font-family: Verdana, serif;\">Ein Frewilligendienst mit Alegro ist..<\/span><\/span><\/span><\/strong><\/p>\n<p class=\"western\" lang=\"de-DE\"><span style=\"color: #111111;\"><span style=\"font-family: inherit, serif;\"><b>..pers\u00f6nlich<br \/>\n..nachhaltig<br \/>\n..gemeinschaftlich<br \/>\n..kritisch<br \/>\n..anders<br \/>\n..lebensver\u00e4ndernd.<\/b><\/span><\/span><\/p>\n<p class=\"western\" lang=\"de-DE\"><strong><span style=\"font-size: large;\"><span style=\"color: #111111;\"><span style=\"font-family: Verdana, serif;\">So bewirbst du dich:<\/span><\/span><\/span><\/strong><\/p>\n<p class=\"western\" lang=\"de-DE\"><span style=\"color: #111111;\"><span style=\"font-family: inherit, serif;\">Wir freuen uns \u00fcber dein Interesse an einem Freiwilligendienst mit Alegro! <strong>\u00a0.<\/strong><\/span><\/span><\/p>\n<p lang=\"de-DE\">\n<p class=\"western\" lang=\"de-DE\"><span style=\"color: #111111;\"><span style=\"font-family: inherit, serif;\"><b>Wer kann sich bewerben?<\/b><\/span><\/span><\/p>\n<p class=\"western\" lang=\"de-DE\"><span style=\"color: #111111;\"><span style=\"font-family: inherit, serif;\">Wir freuen uns auf eine diverse Gruppe f\u00fcr unsere neue Freiwilligengeneration. Es gibt allerdings einige Bedingungen, die das weltw\u00e4rts-Programm uns vorgibt.<\/span><\/span><\/p>\n<p class=\"western\" lang=\"de-DE\"><span style=\"color: #111111;\"><span style=\"font-family: inherit, serif;\">Als weltw\u00e4rts-Freiwillige*r musst du:<\/span><\/span><\/p>\n<ul>\n<li class=\"western\" lang=\"de-DE\"><span style=\"color: #111111;\"><span style=\"font-family: inherit, serif;\">zwischen 18 und 28 Jahre alt sein<\/span><\/span><\/li>\n<li class=\"western\" lang=\"de-DE\"><span style=\"color: #111111;\"><span style=\"font-family: inherit, serif;\">dich gesundheitlich f\u00fcr einen Auslandseinsatz eignen,<\/span><\/span><\/li>\n<li class=\"western\" lang=\"de-DE\"><span style=\"color: #111111;\"><span style=\"font-family: inherit, serif;\">\u00fcber einen Hauptschul-\/Realschulabschluss mit abgeschlossener Berufsausbildung, oder \u00fcber die allgemeine Hochschulreife, oder \u00fcber die Fachhochschulreife, oder \u00fcber einen Hochschulabschluss, oder \u00fcber einen vergleichbaren Schulabschluss verf\u00fcgen<\/span><\/span><\/li>\n<li class=\"western\" lang=\"de-DE\"><span style=\"color: #111111;\"><span style=\"font-family: inherit, serif;\">deutsche*r Staatsb\u00fcrger*in sein oder dich dauerhaft in Deutschland aufhalten und Aufenthaltsrecht besitzen<\/span><\/span><\/li>\n<\/ul>\n<p class=\"western\" lang=\"de-DE\"><span style=\"color: #111111;\"><span style=\"font-family: inherit, serif;\">Solltest du Interesse am Freiwilligendienst haben, aber bef\u00fcrchten, dass dich eines dieser Kriterien ausschlie\u00dft, sprich uns gerne an. Im Einzelfall sind mitunter auch Ausnahmen m\u00f6glich.<\/span><\/span><\/p>\n<p class=\"western\" lang=\"de-DE\"><span style=\"color: #111111;\"><span style=\"font-family: inherit, serif;\">Wir freuen uns besonders auch \u00fcber Menschen, die bereits eine <\/span><\/span><span style=\"color: #111111;\"><span style=\"font-family: inherit, serif;\"><b>Berufsausbildung<\/b><\/span><\/span><span style=\"color: #111111;\"><span style=\"font-family: inherit, serif;\"> oder ein <\/span><\/span><span style=\"color: #111111;\"><span style=\"font-family: inherit, serif;\"><b>Studium<\/b><\/span><\/span><span style=\"color: #111111;\"><span style=\"font-family: inherit, serif;\"> abgeschlossen haben und ihre Kenntnisse im Freiwilligendienst in die Praxis umsetzen m\u00f6chten. Wir versuchen, Einsatzstellen so auszuw\u00e4hlen, dass sie auch f\u00fcr spezifischer ausgebildete Menschen spannend sein k\u00f6nnen. Auch hier gilt bei Fragen \u2013 meld dich bei uns!<\/span><\/span><\/p>\n<p class=\"western\" lang=\"de-DE\"><span style=\"color: #111111;\"><span style=\"font-family: inherit, serif;\"><b>Was solltest du vorher wissen?<\/b><\/span><\/span><\/p>\n<p class=\"western\" lang=\"de-DE\"><span style=\"color: #111111;\"><span style=\"font-family: inherit, serif;\">Hier unser Programm in Stichworten zusammengefasst:<\/span><\/span><\/p>\n<ul>\n<li class=\"western\" lang=\"de-DE\"><span style=\"color: #111111;\"><span style=\"font-family: inherit, serif;\"><span lang=\"en-US\">30 Freiwillige, 12 Monate<\/span><\/span><\/span><\/li>\n<li class=\"western\" lang=\"de-DE\"><span style=\"color: #111111;\"><span style=\"font-family: inherit, serif;\"><span lang=\"en-US\">Ausreise im August 2023<\/span><\/span><\/span><\/li>\n<li class=\"western\" lang=\"de-DE\"><span style=\"color: #111111;\"><span style=\"font-family: inherit, serif;\"><span lang=\"en-US\">Ecuador und Mosambik als Partnerl\u00e4nder<\/span><\/span><\/span><\/li>\n<li class=\"western\" lang=\"de-DE\">Einsatzstellen in Themenfeldern wie:\n<ul>\n<li class=\"western\" lang=\"de-DE\"><span style=\"color: #111111;\">Kunst &amp; Kultur<\/span><\/li>\n<li class=\"western\" lang=\"de-DE\"><span style=\"color: #111111;\"><span style=\"font-family: inherit, serif;\">(au\u00dferschulische) Bildung &amp; Offene Kinder- und Jugendarbeit<\/span><\/span><\/li>\n<li class=\"western\" lang=\"de-DE\"><span style=\"color: #111111;\"><span style=\"font-family: inherit, serif;\"><span lang=\"en-US\">Naturschutz \/ Schutz des Regenwaldes<\/span><\/span><\/span><\/li>\n<li class=\"western\" lang=\"de-DE\"><span style=\"color: #111111;\"><span style=\"font-family: inherit, serif;\"><span lang=\"en-US\">\u00d6kologischer Landbau &amp; Permakultur<\/span><\/span><\/span><\/li>\n<li class=\"western\" lang=\"de-DE\"><span style=\"color: #111111;\"><span style=\"font-family: inherit, serif;\"><span lang=\"en-US\">Indigenes Wissen \/ Unterst\u00fctzung indigener Rechte<\/span><\/span><\/span><\/li>\n<li class=\"western\" lang=\"de-DE\"><span style=\"color: #111111;\"><span style=\"font-family: inherit, serif;\"><span lang=\"en-US\">Stadtteilarbeit<\/span><\/span><\/span><\/li>\n<li class=\"western\" lang=\"de-DE\"><span style=\"color: #111111;\"><span style=\"font-family: inherit, serif;\">Sicherung der Grundbed\u00fcrfnisse (Wohnen, Hygiene, Gesundheit, Essen)<\/span><\/span><\/li>\n<\/ul>\n<\/li>\n<li class=\"western\" lang=\"de-DE\"><span style=\"color: #111111;\"><span style=\"font-family: inherit, serif;\"><span lang=\"en-US\">P\u00e4dagogisches Begleitprogramm<\/span><\/span><\/span><\/li>\n<li class=\"western\" lang=\"de-DE\"><span style=\"color: #111111;\"><span style=\"font-family: inherit, serif;\">Enge Verkn\u00fcpfung mit dem S\u00fcd-Nord-Austausch von Alegro<\/span><\/span><\/li>\n<\/ul>\n<p class=\"western\" lang=\"de-DE\"><span style=\"color: #111111;\"><span style=\"font-family: inherit, serif;\">Zudem bitten wir dich, dir unser<\/span><\/span><span style=\"color: #434f4a;\"><span style=\"font-family: inherit, serif;\"><u><a href=\"http:\/\/www.alegro-weltweit.de\/wordpress_neu\/?page_id=47\">\u00a0<\/a><\/u><\/span><\/span><span style=\"color: #434f4a;\"><span style=\"font-family: inherit, serif;\"><u><b>inhaltliches Konzept<\/b><\/u><\/span><\/span><span style=\"color: #111111;\"><span style=\"font-family: inherit, serif;\">\u00a0und den\u00a0<\/span><\/span><span style=\"color: #434f4a;\"><span style=\"font-family: inherit, serif;\"><u><b><a href=\"http:\/\/www.alegro-weltweit.de\/wordpress_neu\/?page_id=276\">Ablauf des Freiwilligendienstes<\/a><\/b><\/u><\/span><\/span><span style=\"color: #111111;\"><span style=\"font-family: inherit, serif;\">\u00a0in Ruhe durchzulesen, bevor du dich ans Bewerbungsschreiben machst.<br \/>\n<\/span><\/span><\/p>\n<p class=\"western\" lang=\"de-DE\"><span style=\"color: #111111;\"><span style=\"font-family: inherit, serif;\"><b>F\u00fcr die Bewerbung selbst ben\u00f6tigen wir nur zwei Dokumente von dir:<\/b><\/span><\/span><\/p>\n<ul>\n<li class=\"western\" lang=\"de-DE\"><span style=\"color: #111111;\"><span style=\"font-family: inherit, serif;\"><span lang=\"en-US\"><b>Das\u00a0<\/b><\/span><\/span><\/span><span style=\"color: #434f4a;\"><span style=\"font-family: inherit, serif;\"><span lang=\"en-US\"><u><b><a href=\"http:\/\/www.alegro-weltweit.de\/wordpress_neu\/wp-content\/uploads\/2022\/11\/Bewerbungsformular-2.pdf\">Alegro Bewerbungsformular<\/a><\/b><\/u><\/span><\/span><\/span><b><\/b><\/li>\n<li class=\"western\" lang=\"de-DE\"><span style=\"color: #111111;\"><span style=\"font-family: inherit, serif;\"><span lang=\"en-US\"><b>Deine Pers\u00f6nliche Botschaft<\/b><\/span><\/span><\/span><\/li>\n<\/ul>\n<p class=\"western\" lang=\"de-DE\"><span style=\"color: #111111;\"><span style=\"font-family: inherit, serif;\"><br \/>\nW\u00e4hrend im Alegro-Bewerbungsformular lediglich ein paar Daten zu deiner Person standardisiert abgefragt werden, soll dir die pers\u00f6nliche Botschaft die M\u00f6glichkeit geben, dich uns in einer freieren Form vorzustellen. Wir interessieren uns zum einen schlicht daf\u00fcr, mit welchem Menschen wir es da zu tun haben, und nat\u00fcrlich, was deine Motive daf\u00fcr sind, einen Freiwilligendienst mit uns machen zu wollen. Bei der Form deiner Pers\u00f6nlichen Botschaft kannst du frei zwischen Textdokument, Audio- und Videodatei w\u00e4hlen. Die folgenden Leitfragen k\u00f6nnen dir bei der Erstellung als Anregung dienen:<\/span><\/span><\/p>\n<p class=\"western\" lang=\"de-DE\"><span style=\"color: #111111;\"><span style=\"font-family: inherit, serif;\"><span lang=\"en-US\"><b>Leitfragen<\/b><\/span><\/span><\/span><\/p>\n<ul>\n<li class=\"western\" lang=\"de-DE\"><span style=\"color: #111111;\"><span style=\"font-family: inherit, serif;\"><span lang=\"en-US\">Was bewegt dich?<\/span><\/span><\/span><\/li>\n<li class=\"western\" lang=\"de-DE\"><span style=\"color: #111111;\"><span style=\"font-family: inherit, serif;\">Warum interessierst du dich f\u00fcr einen Freiwilligendienst? Was erhoffst du dir generell von einer solchen Erfahrung?<\/span><\/span><\/li>\n<li class=\"western\" lang=\"de-DE\"><span style=\"color: #111111;\"><span style=\"font-family: inherit, serif;\">Warum m\u00f6chtest du gerade jetzt den Freiwilligendienst machen?<\/span><\/span><\/li>\n<li class=\"western\" lang=\"de-DE\"><span style=\"color: #111111;\"><span style=\"font-family: inherit, serif;\"><span lang=\"en-US\">Welche Arbeitsbereiche interessieren dich?<\/span><\/span><\/span><\/li>\n<li class=\"western\" lang=\"de-DE\"><span style=\"color: #111111;\"><span style=\"font-family: inherit, serif;\">Welche Fertigkeiten und Kenntnisse bringst du mit?<\/span><\/span><\/li>\n<li class=\"western\" lang=\"de-DE\"><span style=\"color: #111111;\"><span style=\"font-family: inherit, serif;\"><span lang=\"en-US\">Was m\u00f6chtest du lernen?<\/span><\/span><\/span><\/li>\n<li class=\"western\" lang=\"de-DE\"><span style=\"color: #111111;\"><span style=\"font-family: inherit, serif;\">Warum interessierst du dich speziell f\u00fcr Alegro?<\/span><\/span><\/li>\n<\/ul>\n<p class=\"western\" lang=\"de-DE\"><span style=\"color: #111111;\"><span style=\"font-family: inherit, serif;\">Hast du beide Dokumente beisammen, dann lass sie uns bitte online zukommen.<\/span><\/span><\/p>\n<p class=\"western\" lang=\"de-DE\"><span style=\"color: #111111;\"><span style=\"font-family: inherit, serif;\">Das Alegro-Bewerbungsformular sendest du an\u00a0<\/span><\/span><span style=\"color: #111111;\"><span style=\"font-family: inherit, serif;\"><u><b>bewerbung@alegro-weltweit.de<\/b><\/u><\/span><\/span><\/p>\n<p class=\"western\" lang=\"de-DE\"><span style=\"color: #111111;\"><span style=\"font-family: inherit, serif;\">Deine Pers\u00f6nliche Botschaft je nach Format:<\/span><\/span><\/p>\n<ul>\n<li class=\"western\" lang=\"de-DE\"><span style=\"color: #111111;\"><span style=\"font-family: inherit, serif;\">als pdf-Textdokument ebenso per Mail<\/span><\/span><\/li>\n<li class=\"western\" lang=\"de-DE\"><span style=\"color: #111111;\"><span style=\"font-family: inherit, serif;\">als Audio- bzw. Videodatei \u00fcber einen Link zu deinem Upload (z.B. Dropbox etc.).<\/span><\/span><\/li>\n<\/ul>\n<p class=\"western\" lang=\"de-DE\"><span style=\"color: #111111;\"><span style=\"font-family: inherit, serif;\">Sollten dir die Onlinebewerbung aus irgendwelchen Gr\u00fcnden Probleme bereiten, bitten wir dich uns zu kontaktieren. Wir werden einen Weg finden, wie deine Bewerbung zu uns kommt.<\/span><\/span><\/p>\n<p class=\"western\" lang=\"de-DE\"><span style=\"color: #111111;\"><span style=\"font-family: inherit, serif;\"><b>Wie geht es danach weiter?<\/b><\/span><\/span><\/p>\n<p>Der n\u00e4chste Schritt zu einem Freiwilligendienst mit Alegro e.V. ist ein kleines <strong>Kennenlernzoom<\/strong>. Haben wir das Gef\u00fchl, dass deine und unsere Vorstellungen gut zusammenpassen, dann k\u00f6nnen wir deinen Freiwilligenvertrag unterschreiben. Voraussichtlich am <strong>10.-12. Februar 2023<\/strong> findet dann das erste <strong>pers\u00f6nliche Treffen<\/strong> statt.<\/p>\n<p>Das Treffen ist nicht nur daf\u00fcr da dich besser kennenzulernen, sondern auch du sollst die M\u00f6glichkeit f\u00fcr einen Blick hinter die Kulissen unseres Vereins bekommen. Wir wollen uns dir und den anderen Bewerber_innen n\u00e4her vorstellen und detailliertere Informationen zum Ablauf unseres Programms und den Einsatzstellen pr\u00e4sentieren.<\/p>\n<p>Wir freuen uns schon auf dich!<\/p>\n","protected":false},"excerpt":{"rendered":"<p>Zurzeit bieten wir keine Freiwilligendienste mehr an. F\u00fcr andere Organisationen, schaue bitte auf der Seite von weltw\u00e4rts nach. Ein Frewilligendienst mit Alegro ist.. ..pers\u00f6nlich ..nachhaltig ..gemeinschaftlich ..kritisch ..anders ..lebensver\u00e4ndernd. So<\/p>\n","protected":false},"author":1,"featured_media":0,"parent":0,"menu_order":0,"comment_status":"open","ping_status":"closed","template":"","meta":[],"_links":{"self":[{"href":"http:\/\/www.alegro-weltweit.de\/wordpress_neu\/wp-json\/wp\/v2\/pages\/45"}],"collection":[{"href":"http:\/\/www.alegro-weltweit.de\/wordpress_neu\/wp-json\/wp\/v2\/pages"}],"about":[{"href":"http:\/\/www.alegro-weltweit.de\/wordpress_neu\/wp-json\/wp\/v2\/types\/page"}],"author":[{"embeddable":true,"href":"http:\/\/www.alegro-weltweit.de\/wordpress_neu\/wp-json\/wp\/v2\/users\/1"}],"replies":[{"embeddable":true,"href":"http:\/\/www.alegro-weltweit.de\/wordpress_neu\/wp-json\/wp\/v2\/comments?post=45"}],"version-history":[{"count":46,"href":"http:\/\/www.alegro-weltweit.de\/wordpress_neu\/wp-json\/wp\/v2\/pages\/45\/revisions"}],"predecessor-version":[{"id":4007,"href":"http:\/\/www.alegro-weltweit.de\/wordpress_neu\/wp-json\/wp\/v2\/pages\/45\/revisions\/4007"}],"wp:attachment":[{"href":"http:\/\/www.alegro-weltweit.de\/wordpress_neu\/wp-json\/wp\/v2\/media?parent=45"}],"curies":[{"name":"wp","href":"https:\/\/api.w.org\/{rel}","templated":true}]}}