{"id":83,"date":"2013-11-23T16:20:31","date_gmt":"2013-11-23T16:20:31","guid":{"rendered":"http:\/\/www.alegro-weltweit.de\/wordpress_neu\/?page_id=83"},"modified":"2021-05-01T22:54:09","modified_gmt":"2021-05-01T21:54:09","slug":"ablauf","status":"publish","type":"page","link":"http:\/\/www.alegro-weltweit.de\/wordpress_neu\/ablauf\/","title":{"rendered":"Komponenten des S\u00fcd-Nord-Freiwilligendienstes"},"content":{"rendered":"<p><strong>S E M I NA R E<\/strong><\/p>\n<p>Alegro setzt w\u00e4hrend der Begleitung des Freiwilligendienstes einen gro\u00dfen Fokus auf <strong>emotionale &amp; bildungspolitische Arbeit. <\/strong><\/p>\n<p>Der gesamte Freiwilligendienst wird von mehreren Seminaren begleitet: Ein Auswahlseminar und ein Vorbereitungsseminar vor der Abreise, ein Ankommensseminar nach der Ankunft in Deutschland, ein Zwischenseminar, ein Abschlussseminar vor der Ausreise und ein Nachbereitungsseminar in Ecuador bzw. Mosambik. Mit den Seminaren wollen wir R\u00e4ume schaffen, in denen wir gemeinsam Erlebnisse reflektieren, sortieren und austauschen k\u00f6nnen; Gef\u00fchle wahrnehmen, erlauben und transfomieren wollen und gesellschaftsrelevante und mit dem Freiwilligendienst einhergehende politische Themen reflektieren, aufgreifen und bearbeiten wollen. Hierbei wandern wir gemeinsam vom Kopf in den K\u00f6rper und vom K\u00f6rper in den Kopf.<\/p>\n<p><strong>E I N S A T Z S T E L L E N<br \/>\n<\/strong><\/p>\n<p>Die Freiwilligen arbeiten in verschiedenen sozialen, \u00f6kologischen, k\u00fcnstlerischen und politischen Projekten. Die Freiwilligen verbringen viel Zeit in den Projekten, wodurch diese ein wichtiger Teil ihres Jahres in Deutschland sind.<\/p>\n<p><strong>W O H N E N \u00a0 &amp; \u00a0 P E R S \u00d6 N L I C H E \u00a0 \u00a0 B E G L E I T U N G<\/strong><\/p>\n<p>Die Freiwilligen wohnen in Gastfamilien* oder in WGs. W\u00e4hrend der ersten Monate gibt es zudem die M\u00f6glichkeit, neben der Arbeit auch einen Deutschkurs zu besuchen. Alle Freiwillige werden von pers\u00f6nlichen Begleiter:innen, die in der selben Stadt wohnen, in organisatorischen und emotionalen Themen begleitet und in den jeweiligen St\u00e4dten Willkommen gehei\u00dfen.<\/p>\n<p><strong>B E W E R B U N G\u00a0<\/strong><\/p>\n<p>Die Bewerber:innen in Ecuador bewerben sich beim Alegro Team Ecuador. Durch die schriftliche Bewerbung findet eine Vorauswahl statt. Meistens werden dann um die 20 Menschen auf ein Auswahlseminar eingeladen.<\/p>\n<p>Die Bewerber:innen in Mosambik bewerben sich schriftlich bei unserer Partner:innenorganisation, dem CCMA. Die Auswahl erfolgt anhand der Bewerbungen und Auswahlgespr\u00e4che.<\/p>\n<p>In der Vorbereitungsphase sind Themen wie die Projektzuteilung, Beantragung des Visums und die Aneignung von Grundkenntnissen der deutschen Sprache pr\u00e4sent. Die Freiwilligen werden dabei vom Team und von ihren pers\u00f6nlichen Begleiter:innen in Deutschland unterst\u00fctzt<strong>.<\/strong><\/p>\n","protected":false},"excerpt":{"rendered":"<p>S E M I NA R E Alegro setzt w\u00e4hrend der Begleitung des Freiwilligendienstes einen gro\u00dfen Fokus auf emotionale &amp; bildungspolitische Arbeit. Der gesamte Freiwilligendienst wird von mehreren Seminaren begleitet:<\/p>\n","protected":false},"author":1,"featured_media":0,"parent":0,"menu_order":0,"comment_status":"closed","ping_status":"open","template":"","meta":[],"_links":{"self":[{"href":"http:\/\/www.alegro-weltweit.de\/wordpress_neu\/wp-json\/wp\/v2\/pages\/83"}],"collection":[{"href":"http:\/\/www.alegro-weltweit.de\/wordpress_neu\/wp-json\/wp\/v2\/pages"}],"about":[{"href":"http:\/\/www.alegro-weltweit.de\/wordpress_neu\/wp-json\/wp\/v2\/types\/page"}],"author":[{"embeddable":true,"href":"http:\/\/www.alegro-weltweit.de\/wordpress_neu\/wp-json\/wp\/v2\/users\/1"}],"replies":[{"embeddable":true,"href":"http:\/\/www.alegro-weltweit.de\/wordpress_neu\/wp-json\/wp\/v2\/comments?post=83"}],"version-history":[{"count":16,"href":"http:\/\/www.alegro-weltweit.de\/wordpress_neu\/wp-json\/wp\/v2\/pages\/83\/revisions"}],"predecessor-version":[{"id":3544,"href":"http:\/\/www.alegro-weltweit.de\/wordpress_neu\/wp-json\/wp\/v2\/pages\/83\/revisions\/3544"}],"wp:attachment":[{"href":"http:\/\/www.alegro-weltweit.de\/wordpress_neu\/wp-json\/wp\/v2\/media?parent=83"}],"curies":[{"name":"wp","href":"https:\/\/api.w.org\/{rel}","templated":true}]}}