{"id":85,"date":"2013-11-23T16:21:03","date_gmt":"2013-11-23T16:21:03","guid":{"rendered":"http:\/\/www.alegro-weltweit.de\/wordpress_neu\/?page_id=85"},"modified":"2021-05-01T21:45:18","modified_gmt":"2021-05-01T20:45:18","slug":"das-reverse-programm","status":"publish","type":"page","link":"http:\/\/www.alegro-weltweit.de\/wordpress_neu\/das-reverse-programm\/","title":{"rendered":"Freiwilligendienst S\u00fcd-Nord"},"content":{"rendered":"<h4><strong>Was bedeutet ein S\u00fcd-Nord-Freiwilligendienst?<br \/>\n<\/strong><\/h4>\n<p>Die S\u00fcd-Nord-Komponente des Freiwilligendienstes beschreibt den Freiwilligendienst von Menschen aus dem globalen S\u00fcden im globalen Norden. Bei Alegro findet der S\u00fcd-Nord-Freiwilligendienst im Wechsel mit dem Nord-S\u00fcd-Freiwilligendienst statt. Das bedeutet, dass alle zwei Jahre Menschen aus Mosambik und Ecuador nach Deutschland kommen, um hier einen Freiwilligendienst zu machen. Durch den Wechsel ergibt sich ein gro\u00dfes Netzwerk an aktiven Menschen, die sich gegenseitig in den jeweiligen L\u00e4ndern begleiten und unterst\u00fctzen k\u00f6nnen.<\/p>\n<h4><strong>Wie entstand der S\u00fcd-Nord-Freiwilligendienst bei Alegro?<\/strong><\/h4>\n<p>Die Durchf\u00fchrung des Nord-S\u00fcd-Freiwilligendienstes warf bei vielen Menschen bei Alegro viele Fragen \u00fcber den Sinn des Freiwilligendienstes auf: Was mache ich hier? Wer bin ich? Was legitimiert meine Anwesenheit hier? <strong>Wie kann es sein, dass ich allein aufgrund meiner Herkunft Privilegien habe, die andere Menschen nicht haben?<br \/>\n<\/strong><\/p>\n<p>Die Suche nach Antworten auf diese Fragen m\u00fcndete bei Alegro in der Suche nach M\u00f6glichkeiten, um einen gleichberechtigteren Austausch zu realisieren.<br \/>\nWir vertreten die Ansichten, dass dies nur gelingen kann, indem der<strong> Einseitigkeit deutscher Austausch- und Freiwilligendienst-Programme entgegengewirkt wird<\/strong>, zum Beispiel anhand der S\u00fcd-Nord-Komponente.<\/p>\n<p>Um den S\u00fcd-Nord-Freiwilligendienst zu realisieren, begann Alegro im Sommer 2013 die Kooperation mit der Nichtregierungsorganisation<strong> TECHO Ecuador<\/strong>. In den ersten Jahrg\u00e4ngen \u00fcbernahm TECHO die Auswahl, Vor- und Nachbereitung der Freiwilligen. 2018 begann dann die Kooperation und Zusammenarbeit mit dem <strong>Centro Cultural Mo\u00e7ambicano-Alem\u00e3o (CCMA)<\/strong>, wodurch der S\u00fcd-Nord-Austausch auch mit Mosambik m\u00f6glich wurde.<\/p>\n<p>Inzwischen hat sich aus einer Gruppe vorheriger S\u00fcd-Nord-Freiwilliger das <strong>Alegro-Ecuador<\/strong> und <strong>Alegro-Mosambik<\/strong> Team gebildet, sodass wir inzwischen in einem gro\u00dfen internationalen Team arbeiten k\u00f6nnen. Gemeinsam organisieren wir, gestalten Seminare, tauschen uns aus und reflektieren.<\/p>\n<p>Wie auch die Nord-S\u00fcd Komponente des Freiwilligendienstes, wird auch die S\u00fcd-Nord-Komponente von dem staatlich gef\u00f6rderten Programm <em>weltw\u00e4rts<\/em> zu 75% gef\u00f6rdert. Die restlichen 25% der Kosten sind finanzieller Eigenanteil von Alegro. Dieser wird zum Beispiel \u00fcber Spenden gestemmt und durch die unentlohnte Arbeit des S\u00fcd-Nord-Teams erm\u00f6glicht.<\/p>\n<h4><strong>Aktuelle S\u00fcd-Nord-Generation<\/strong><\/h4>\n<p>Aktuell organisieren wir die 4. S\u00fcd-Nord-Generation von Alegro. Leider konnte bisher aufgrund der COVID-19-Situation nur die H\u00e4lfte der Freiwilligen einreisen. Ende M\u00e4rz sind die Freiwilligen aus Ecuador in Deutschland angekommen. Auf die Freiwilligen aus Mosambik warten wir mit viel Hoffnung!<\/p>\n<h4><strong>Aktuelles Team<br \/>\n<\/strong><\/h4>\n<p>Team Ecuador<\/p>\n<p><img decoding=\"async\" loading=\"lazy\" class=\"alignnone size-medium wp-image-2971\" src=\"http:\/\/www.alegro-weltweit.de\/wordpress_neu\/wp-content\/uploads\/2020\/06\/Teamfoto-Ecua-300x200.jpg\" alt=\"\" width=\"300\" height=\"200\" \/><\/p>\n<p>Team Deutschland<\/p>\n<p><img decoding=\"async\" loading=\"lazy\" class=\"alignnone size-medium wp-image-3089\" src=\"http:\/\/www.alegro-weltweit.de\/wordpress_neu\/wp-content\/uploads\/2020\/11\/index-300x225.jpg\" alt=\"\" width=\"300\" height=\"225\" srcset=\"http:\/\/www.alegro-weltweit.de\/wordpress_neu\/wp-content\/uploads\/2020\/11\/index-300x225.jpg 300w, http:\/\/www.alegro-weltweit.de\/wordpress_neu\/wp-content\/uploads\/2020\/11\/index-150x112.jpg 150w, http:\/\/www.alegro-weltweit.de\/wordpress_neu\/wp-content\/uploads\/2020\/11\/index-768x576.jpg 768w, http:\/\/www.alegro-weltweit.de\/wordpress_neu\/wp-content\/uploads\/2020\/11\/index.jpg 854w\" sizes=\"(max-width: 300px) 100vw, 300px\" \/><\/p>\n","protected":false},"excerpt":{"rendered":"<p>Was bedeutet ein S\u00fcd-Nord-Freiwilligendienst? Die S\u00fcd-Nord-Komponente des Freiwilligendienstes beschreibt den Freiwilligendienst von Menschen aus dem globalen S\u00fcden im globalen Norden. Bei Alegro findet der S\u00fcd-Nord-Freiwilligendienst im Wechsel mit dem Nord-S\u00fcd-Freiwilligendienst<\/p>\n","protected":false},"author":1,"featured_media":0,"parent":0,"menu_order":0,"comment_status":"closed","ping_status":"open","template":"","meta":[],"_links":{"self":[{"href":"http:\/\/www.alegro-weltweit.de\/wordpress_neu\/wp-json\/wp\/v2\/pages\/85"}],"collection":[{"href":"http:\/\/www.alegro-weltweit.de\/wordpress_neu\/wp-json\/wp\/v2\/pages"}],"about":[{"href":"http:\/\/www.alegro-weltweit.de\/wordpress_neu\/wp-json\/wp\/v2\/types\/page"}],"author":[{"embeddable":true,"href":"http:\/\/www.alegro-weltweit.de\/wordpress_neu\/wp-json\/wp\/v2\/users\/1"}],"replies":[{"embeddable":true,"href":"http:\/\/www.alegro-weltweit.de\/wordpress_neu\/wp-json\/wp\/v2\/comments?post=85"}],"version-history":[{"count":34,"href":"http:\/\/www.alegro-weltweit.de\/wordpress_neu\/wp-json\/wp\/v2\/pages\/85\/revisions"}],"predecessor-version":[{"id":3523,"href":"http:\/\/www.alegro-weltweit.de\/wordpress_neu\/wp-json\/wp\/v2\/pages\/85\/revisions\/3523"}],"wp:attachment":[{"href":"http:\/\/www.alegro-weltweit.de\/wordpress_neu\/wp-json\/wp\/v2\/media?parent=85"}],"curies":[{"name":"wp","href":"https:\/\/api.w.org\/{rel}","templated":true}]}}