{"id":887,"date":"2015-05-21T07:54:09","date_gmt":"2015-05-21T07:54:09","guid":{"rendered":"http:\/\/www.alegro-weltweit.de\/wordpress_neu\/?page_id=887"},"modified":"2020-11-01T13:31:59","modified_gmt":"2020-11-01T12:31:59","slug":"berichte-der-ersten-reverse-generation","status":"publish","type":"page","link":"http:\/\/www.alegro-weltweit.de\/wordpress_neu\/berichte-der-ersten-reverse-generation\/","title":{"rendered":"Die erste S\u00fcd-Nord-Generation"},"content":{"rendered":"<div id=\"attachment_1116\" style=\"width: 796px\" class=\"wp-caption alignnone\"><img aria-describedby=\"caption-attachment-1116\" decoding=\"async\" loading=\"lazy\" class=\"wp-image-1116 size-full\" src=\"http:\/\/www.alegro-weltweit.de\/wordpress_neu\/wp-content\/uploads\/2014\/01\/alegro-reverse.jpg\" alt=\"alegro reverse\" width=\"786\" height=\"476\" srcset=\"http:\/\/www.alegro-weltweit.de\/wordpress_neu\/wp-content\/uploads\/2014\/01\/alegro-reverse.jpg 786w, http:\/\/www.alegro-weltweit.de\/wordpress_neu\/wp-content\/uploads\/2014\/01\/alegro-reverse-150x91.jpg 150w, http:\/\/www.alegro-weltweit.de\/wordpress_neu\/wp-content\/uploads\/2014\/01\/alegro-reverse-300x182.jpg 300w\" sizes=\"(max-width: 786px) 100vw, 786px\" \/><p id=\"caption-attachment-1116\" class=\"wp-caption-text\">Die erste S\u00fcd-Nord-Generation (+ Alegro-Team) kurz vor ihrem R\u00fcckflug<\/p><\/div>\n<p>&nbsp;<\/p>\n<p>Zw\u00f6lf Monate Freiwilligendienst k\u00f6nnen eine aufregende Zeit sein, wie die 6 Alegro S\u00fcd-Nord-Freiwilligen gerade erleben. Von Naturkindergarten und Waldschule \u00fcber urbane Gemeinschaftsg\u00e4rtnereien bis hin zur TAFEL unterst\u00fctzen die sechs Ecuadorianer:innen Edwin, Alejo, Virginia, Pepe, Majo und David spannende Projekte in Berlin, Leipzig und Biesenthal.<br \/>\nF\u00fcr uns war und ist es unglaublich spannend und sch\u00f6n, dabei zuzusehen wie die Freiwilligen sich ihr Leben hier eingerichtet haben, was sie entdecken und erleben und wie sie die f\u00fcr uns vertraute Umgebung durch ihre Augen sehen. Wir m\u00f6chten auch euch die M\u00f6glichkeit geben durch kleine Ausschnitte aus ihren Berichten einen Einblick in ihren Alltag, in ihre Arbeit, in ihre Gedanken zu bekommen.<u><br \/>\n<\/u><\/p>\n<p>&nbsp;<\/p>\n<p>&nbsp;<\/p>\n<h6>Alejo<\/h6>\n<p>&nbsp;<\/p>\n<p><a href=\"http:\/\/www.alegro-weltweit.de\/wordpress_neu\/wp-content\/uploads\/2015\/05\/IMG_3688.jpg\"><img decoding=\"async\" loading=\"lazy\" class=\"alignnone size-medium wp-image-879\" src=\"http:\/\/www.alegro-weltweit.de\/wordpress_neu\/wp-content\/uploads\/2015\/05\/IMG_3688-300x200.jpg\" alt=\"IMG_3688\" width=\"300\" height=\"200\" srcset=\"http:\/\/www.alegro-weltweit.de\/wordpress_neu\/wp-content\/uploads\/2015\/05\/IMG_3688-300x200.jpg 300w, http:\/\/www.alegro-weltweit.de\/wordpress_neu\/wp-content\/uploads\/2015\/05\/IMG_3688-150x100.jpg 150w, http:\/\/www.alegro-weltweit.de\/wordpress_neu\/wp-content\/uploads\/2015\/05\/IMG_3688-1024x683.jpg 1024w\" sizes=\"(max-width: 300px) 100vw, 300px\" \/><\/a><\/p>\n<p>Con respecto al voluntariado, el trabajo que hago me agrada bastante, paso muy ocupado y en constante contacto con mis compa\u00f1eros de trabajo y las personas que se benefician del servicio que ofrece la Tafel, aunque a ratos se vuelva un poco mon\u00f3tono la mec\u00e1nica del trabajo, eso no quita todas las experiencias buenas y sorpresas que he pasado en todo este tiempo.<br \/>\n(&#8230;)<br \/>\nPara mi que me gusta mucho la historia, ha sido muy enriquecedor estar en ciudades que guardan mucha informaci\u00f3n, y poder estar en lugares que uno antes \u00fanicamente los hab\u00eda le\u00eddo o visto en fotos\/tv\/internet\/etc. Todos los lugares que he podido visitar me han gustado mucho, cada uno con su caracter\u00edstica. Sin duda Leipzig tiene un lugar muy especial, cada d\u00eda que aprendo alguna cosita nueva la vuelve mas linda y mas interesante para mi.<\/p>\n<p><em>Meine Arbeit gef\u00e4llt mir wahnsinnig gut. Ich bin sehr besch\u00e4ftigt und immer in Kontakt mit meinen Arbeitskollegen und den Personen, die die Angebote der Tafel in Anspruch nehmen. Und obwohl die Arbeit manchmal etwas monoton ist, nimmt mir das nicht die vielen sch\u00f6nen Erfahrungen und \u00dcberraschungen, die mir in der ganzen Zeit bisher wiederfahren sind.<br \/>\n(&#8230;)<br \/>\nIch interessiere mich sehr f\u00fcr Geschichte und es ist bereichernd, in St\u00e4dten zu sein, die so viele Geschichten bergen und Orte kennenzulernen, von denen ich bisher nur gelesen oder ein Foto gesehen hatte. Alle Orte, die ich bisher besucht habe, gefielen mir sehr, jeder mit seinem Charakter. Leipzig ist ohne Zweifel ein sehr besonderer Ort und jeden Tag an dem ich ein bisschen mehr \u00fcber diese Stadt lerne, wird sie noch sch\u00f6ner und interessanter f\u00fcr mich. <\/em><\/p>\n<h6><\/h6>\n<p>&nbsp;<\/p>\n<h6>Virginia<\/h6>\n<p>&nbsp;<\/p>\n<p><a href=\"http:\/\/www.alegro-weltweit.de\/wordpress_neu\/wp-content\/uploads\/2015\/05\/IMG_3589-2.jpg\"><img decoding=\"async\" loading=\"lazy\" class=\"alignnone size-medium wp-image-877\" src=\"http:\/\/www.alegro-weltweit.de\/wordpress_neu\/wp-content\/uploads\/2015\/05\/IMG_3589-2-300x212.jpg\" alt=\"IMG_3589 (2)\" width=\"300\" height=\"212\" srcset=\"http:\/\/www.alegro-weltweit.de\/wordpress_neu\/wp-content\/uploads\/2015\/05\/IMG_3589-2-300x212.jpg 300w, http:\/\/www.alegro-weltweit.de\/wordpress_neu\/wp-content\/uploads\/2015\/05\/IMG_3589-2-150x106.jpg 150w, http:\/\/www.alegro-weltweit.de\/wordpress_neu\/wp-content\/uploads\/2015\/05\/IMG_3589-2-1024x724.jpg 1024w\" sizes=\"(max-width: 300px) 100vw, 300px\" \/><\/a><\/p>\n<p>Con el idioma, creo que entiendo m\u00e1s que antes y las nuevas clases que estoy tomando son much\u00edsimo mejores que las primeras, la profe solo habla en alem\u00e1n y tenemos m\u00e1s horas a la semana, aunque es cansado porque voy despu\u00e9s del trabajo es mucho m\u00e1s r\u00e1pido el aprendizaje, estoy bastante contenta con estas clases.<\/p>\n<p>Estoy esperando con muchas ganas la primavera y el verano y aunque s\u00e9 que el tiempo est\u00e1 pasando muy r\u00e1pido, creo que es la mejor \u00e9poca para trabajar en el jard\u00edn, seguir aprendiendo y disfrutar un poco m\u00e1s del tiempo que queda.<\/p>\n<p><em>Was die Sprache betrifft: Ich glaube ich verstehe jetzt mehr als vorher und der Unterricht, den ich nehme ist sehr viel besser als der vorherige. Die Lehrerin spricht nur Deutsch und wir haben mehrere Stunden in der Woche Unterricht. Obwohl es auch sehr anstrengend ist, weil ich immer direkt nach der Arbeit hingehe, lerne ich doch viel schneller. Ich bin sehr zufrieden.<br \/>\nIch erwarte den Fr\u00fchling und den Sommer freudig und obwohl ich wei\u00df, dass die Zeit dann sehr schnell vergeht glaube ich, dass in diesen Jahreszeiten die Arbeit in der G\u00e4rtnerei am meisten Spa\u00df macht. Ich lerne weiter und werde die Zeit genie\u00dfen, die mir hier noch bleibt.<\/em><\/p>\n<p>&nbsp;<\/p>\n<h6>David<\/h6>\n<p>&nbsp;<\/p>\n<p><a href=\"http:\/\/www.alegro-weltweit.de\/wordpress_neu\/wp-content\/uploads\/2015\/05\/IMG_3629-Kopie-2.jpg\"><img decoding=\"async\" loading=\"lazy\" class=\"alignnone size-medium wp-image-878\" src=\"http:\/\/www.alegro-weltweit.de\/wordpress_neu\/wp-content\/uploads\/2015\/05\/IMG_3629-Kopie-2-244x300.jpg\" alt=\"IMG_3629 - Kopie (2)\" width=\"244\" height=\"300\" srcset=\"http:\/\/www.alegro-weltweit.de\/wordpress_neu\/wp-content\/uploads\/2015\/05\/IMG_3629-Kopie-2-244x300.jpg 244w, http:\/\/www.alegro-weltweit.de\/wordpress_neu\/wp-content\/uploads\/2015\/05\/IMG_3629-Kopie-2-122x150.jpg 122w, http:\/\/www.alegro-weltweit.de\/wordpress_neu\/wp-content\/uploads\/2015\/05\/IMG_3629-Kopie-2-834x1024.jpg 834w\" sizes=\"(max-width: 244px) 100vw, 244px\" \/><\/a><\/p>\n<p>He tenido muchas buenas y malas experiencias en este tiempo, estoy aprendiendo a tocar el piano a cambio de hacer practicas de ingles con un nino de la casa, conociendo nuevas cosas, gente, lugares. Cant\u00e9 y ensen\u00e9 algunos temas de la musica Kichwa en R\u00fcdnitz, cocin\u00e9 algo tipico de la amazonia para la familia en donde vivo ahora y les gusto .<\/p>\n<p>Estuve un fin de semana en la frontera de alemania y repl\u00fabica checka, en donde fuimos al bosque para hacer practica de skiar en la nieve y m\u00e1s.. para ser la primera ves me fue bien , divertido las caidas, el paisaje muy lindo, tuvimos mucha suerte con el clima estuvo soleado.<\/p>\n<p><em>Ich hatte viele gute und schlechte Erfahrungen in letzter Zeit. Ich lerne Klavierspielen und im Austausch daf\u00fcr \u00fcbe ich mit einem der Kinder Englisch. Ich lerne viel neues kennen: Menschen, Orte\u2026 Ich habe den Leuten in R\u00fcdnitz Lieder auf Kichwa beigebracht und mit ihnen gesungen. Ich habe ein Essen aus dem Amazonas f\u00fcr meine Gastfamilie gekocht und es hat ihnen gut geschmeckt.<br \/>\nEin Wochenende waren wir an der tschechischen Grenze, wo wir im Wald Skifahren ge\u00fcbt haben. Daf\u00fcr, dass es mein erstes Mal war, ging es ganz gut. Die St\u00fcrze waren lustig, die Landschaft sehr sch\u00f6n und wir hatten gro\u00dfes Gl\u00fcck mit dem sonnigen Wetter. <\/em><\/p>\n<p>&nbsp;<\/p>\n<h6>Edwin<\/h6>\n<p>&nbsp;<\/p>\n<p><a href=\"http:\/\/www.alegro-weltweit.de\/wordpress_neu\/wp-content\/uploads\/2015\/05\/IMG_3553.jpg\"><img decoding=\"async\" loading=\"lazy\" class=\"alignnone size-medium wp-image-876\" src=\"http:\/\/www.alegro-weltweit.de\/wordpress_neu\/wp-content\/uploads\/2015\/05\/IMG_3553-300x200.jpg\" alt=\"IMG_3553\" width=\"300\" height=\"200\" srcset=\"http:\/\/www.alegro-weltweit.de\/wordpress_neu\/wp-content\/uploads\/2015\/05\/IMG_3553-300x200.jpg 300w, http:\/\/www.alegro-weltweit.de\/wordpress_neu\/wp-content\/uploads\/2015\/05\/IMG_3553-150x100.jpg 150w, http:\/\/www.alegro-weltweit.de\/wordpress_neu\/wp-content\/uploads\/2015\/05\/IMG_3553-1024x683.jpg 1024w\" sizes=\"(max-width: 300px) 100vw, 300px\" \/><\/a><\/p>\n<p>Personalmente estos meses me ha ayudado mucho a mi como persona, para darme cuenta que es lo que quiero hacer en la vida, que es lo que puedo aportar a las dem\u00e1s personas y sobre todo a aprovechar las oportunidades que la vida me ha dado, ayud\u00e1ndome asi a madurar cada dia mas. Ha pasado muchos meses fuera de mi pa\u00eds y si en algunas ocasiones me he sentido solo y he llorado, pensando en mi familia.<\/p>\n<p>El trabajo por ahora ha sido muy importante para m\u00ed, he aprendido a valorar la vida, la naturaleza y los animales, ya no siento las ganas de comer carne, pero tambi\u00e9n a saber trabajar como equipo y bien organizado, s\u00e9 que voy extra\u00f1ar todo esto cuando me vaya , pero se que valio la pena dar un a\u00f1o de servicio sin a cambio de nada y asi darme cuenta del trabajo que hacen las personas que trabajan con los m\u00e1s necesitados.<\/p>\n<p><em>Die letzten Monate haben mir pers\u00f6nlich sehr viel gebracht. Ich habe herausgefunden, was ich im Leben machen m\u00f6chte, womit ich andere Menschen unterst\u00fctzen kann und gelernt, die Chancen zu nutzen, die das Leben mir gibt. Ich habe mich jeden Tag ein bisschen weiterentwickelt. Es sind viele Monate, die ich jetzt im Ausland lebe und ja, gelegentlich f\u00fchle ich mich alleine und muss weinen, wenn ich an meine Familie denke.<br \/>\nDie Arbeit ist mir sehr wichtig. Ich habe gelernt, das Leben wertzusch\u00e4tzen, die Natur und die Tiere. Ich versp\u00fcre keine Lust mehr, Fleisch zu essen. Ich habe aber auch gelernt in einer Gruppe zu arbeiten, gut organisiert zu sein. Ich wei\u00df jetz schon, dass ich all das vermissen werde, wenn ich gehe. Aber ich wei\u00df auch, dass es das wert war ein Jahr einen Freiwilligendienst zu machen und zu sehen, wie Personen das machen, die mit bed\u00fcrftigen Menschen arbeiten. <\/em><\/p>\n<h6>Majo<\/h6>\n<p>&nbsp;<\/p>\n<p><a href=\"http:\/\/www.alegro-weltweit.de\/wordpress_neu\/wp-content\/uploads\/2015\/05\/IMG_3771-2.jpg\"><img decoding=\"async\" loading=\"lazy\" class=\"alignnone size-medium wp-image-880\" src=\"http:\/\/www.alegro-weltweit.de\/wordpress_neu\/wp-content\/uploads\/2015\/05\/IMG_3771-2-181x300.jpg\" alt=\"IMG_3771 (2)\" width=\"181\" height=\"300\" srcset=\"http:\/\/www.alegro-weltweit.de\/wordpress_neu\/wp-content\/uploads\/2015\/05\/IMG_3771-2-181x300.jpg 181w, http:\/\/www.alegro-weltweit.de\/wordpress_neu\/wp-content\/uploads\/2015\/05\/IMG_3771-2-91x150.jpg 91w, http:\/\/www.alegro-weltweit.de\/wordpress_neu\/wp-content\/uploads\/2015\/05\/IMG_3771-2-619x1024.jpg 619w\" sizes=\"(max-width: 181px) 100vw, 181px\" \/><\/a><\/p>\n<p>Pensar en lo increiblemente r\u00e1pido que el tiempo ha pasado aqu\u00ed y querer simplemente detenerlo. Es ist echt unglaublich! Creo que a partir de mi \u00faltimo informe mi vida ha cambiado mucho, siento que he vivido un mont\u00f3n de experiencias nuevas. Son ya 6 meses en Alemania y siento que no soy la misma persona que lleg\u00f3, de que forma ha cambiado o como tengo la certeza de que no soy la misma no creo poder explicarlo exactamente.<\/p>\n<p>Creo que el invierno mucho m\u00e1s que el fr\u00edo y la nieve \ud83d\ude09 fue el tiempo en el que para m\u00ed fue sobre todo dif\u00edcil la obscuridad, regresar sin luz del d\u00eda del trabajo a la casa o sentir que el d\u00eda se acaba taan r\u00e1pido y que no alcanc\u00e9 a hacer lo que quer\u00eda hacer. Pero a pesar de eso creo que fue una etapa de la cual aprend\u00ed muchas cosas como por ejemplo el valor que tiene la luz del d\u00eda, el calor de una fogata, el hecho de estar en la casa y sentarte alrededor de una mesa con las personas que quieres para cocinar, comer, tomar una Bier o simplemente quatschear.<\/p>\n<p><em>Ich denke daran, wie unglaublich schnell die Zeit bisher hier vergangen ist und m\u00f6chte sie einfach nur anhalten. \u201cEs incre\u00edble!\u201d Ich glaube seit dem letzten Bericht hat sich mein Leben sehr ver\u00e4ndert, ich habe eine Menge neuer Erfahrungen gemacht. Jetzt bin ich seit 6 Monaten in Deutschland und ich sp\u00fcre, dass ich nicht mehr die gleiche Person bin, wie ich war, als ich hier ankam. Wie ich mich ver\u00e4ndert habe und woher ich die Sicherheit nehme, dass ich nicht mehr die Gleiche bin, kann ich, glaube ich, nicht erkl\u00e4ren.<br \/>\nIch glaube, der Winter ist viel mehr als K\u00e4lte und Schnee. In dieser Zeit war besonders die Dunkelheit sehr schwierig f\u00fcr mich. Von der Arbeit nach Hause zu kommen, ohne Tageslicht und zu merken, dass der Tag so schnell zu Ende geht und nicht ausreicht um das zu tun, was ich vor hatte. Aber neben all dem glaube ich, dass es eine Zeit war, in der ich sehr viel gelernt habe. Zum Beispiel \u00fcber den Wert, den Sonnenlicht hat, die W\u00e4rme eines Lagerfeuers, oder mit Menschen die man liebt zu Hause zu sein, zu kochen, zu essen, ein Bier zu trinken und einfach zu quatschen. <\/em><\/p>\n<p>&nbsp;<\/p>\n<h6>Pepe<\/h6>\n<p>&nbsp;<\/p>\n<p><a href=\"http:\/\/www.alegro-weltweit.de\/wordpress_neu\/wp-content\/uploads\/2015\/05\/IMG_0853-2.jpg\"><img decoding=\"async\" loading=\"lazy\" class=\"alignnone size-medium wp-image-875\" src=\"http:\/\/www.alegro-weltweit.de\/wordpress_neu\/wp-content\/uploads\/2015\/05\/IMG_0853-2-300x225.jpg\" alt=\"IMG_0853 (2)\" width=\"300\" height=\"225\" srcset=\"http:\/\/www.alegro-weltweit.de\/wordpress_neu\/wp-content\/uploads\/2015\/05\/IMG_0853-2-300x225.jpg 300w, http:\/\/www.alegro-weltweit.de\/wordpress_neu\/wp-content\/uploads\/2015\/05\/IMG_0853-2-150x112.jpg 150w, http:\/\/www.alegro-weltweit.de\/wordpress_neu\/wp-content\/uploads\/2015\/05\/IMG_0853-2-1024x768.jpg 1024w\" sizes=\"(max-width: 300px) 100vw, 300px\" \/><\/a><\/p>\n<p>En la escuela todo bien, acabamos el segundo m\u00f3dulo de los Wald Mittwoch. Fue con temas del invierno y los ni\u00f1os hicieron un Dokumentarfilm \u00fcber Winter Tiere, estuvo muy interesante ya que pude conocer mucho sobre los animales, como viven durante el invierno, muchos invernan otros siguen cazando. Y lo que mas me gust\u00f3 fue que los ni\u00f1os fueron los que editaron el v\u00eddeo, utilizando Windows Movie Maker.<\/p>\n<p><em>In der Schule ist alles gut. Die zweite Einheit des Wald-Mittwochs ist vorbei. Es ging um Themen des Winters und die Kinder drehten einen Dokumentarfilm \u00fcber Waldtiere. Es war ziemlich interessant, weil ich auch so viel \u00fcber die Tiere lernen konnte, wie sie im Winter leben, manche \u00fcberwintern, andere jagen weiter. Und was mir am besten gefallen hat war, dass die Kinder selbst den Film geschnitten haben mit Windows Movie Maker. <\/em><\/p>\n","protected":false},"excerpt":{"rendered":"<p>&nbsp; Zw\u00f6lf Monate Freiwilligendienst k\u00f6nnen eine aufregende Zeit sein, wie die 6 Alegro S\u00fcd-Nord-Freiwilligen gerade erleben. Von Naturkindergarten und Waldschule \u00fcber urbane Gemeinschaftsg\u00e4rtnereien bis hin zur TAFEL unterst\u00fctzen die sechs<\/p>\n","protected":false},"author":6,"featured_media":0,"parent":0,"menu_order":0,"comment_status":"closed","ping_status":"open","template":"","meta":[],"_links":{"self":[{"href":"http:\/\/www.alegro-weltweit.de\/wordpress_neu\/wp-json\/wp\/v2\/pages\/887"}],"collection":[{"href":"http:\/\/www.alegro-weltweit.de\/wordpress_neu\/wp-json\/wp\/v2\/pages"}],"about":[{"href":"http:\/\/www.alegro-weltweit.de\/wordpress_neu\/wp-json\/wp\/v2\/types\/page"}],"author":[{"embeddable":true,"href":"http:\/\/www.alegro-weltweit.de\/wordpress_neu\/wp-json\/wp\/v2\/users\/6"}],"replies":[{"embeddable":true,"href":"http:\/\/www.alegro-weltweit.de\/wordpress_neu\/wp-json\/wp\/v2\/comments?post=887"}],"version-history":[{"count":9,"href":"http:\/\/www.alegro-weltweit.de\/wordpress_neu\/wp-json\/wp\/v2\/pages\/887\/revisions"}],"predecessor-version":[{"id":3066,"href":"http:\/\/www.alegro-weltweit.de\/wordpress_neu\/wp-json\/wp\/v2\/pages\/887\/revisions\/3066"}],"wp:attachment":[{"href":"http:\/\/www.alegro-weltweit.de\/wordpress_neu\/wp-json\/wp\/v2\/media?parent=887"}],"curies":[{"name":"wp","href":"https:\/\/api.w.org\/{rel}","templated":true}]}}